{"id":55653,"date":"2025-11-24T15:23:30","date_gmt":"2025-11-24T14:23:30","guid":{"rendered":"https:\/\/arena-ticket.com\/?p=55653&#038;post_type=product&#038;preview_id=55653"},"modified":"2026-04-14T14:13:27","modified_gmt":"2026-04-14T12:13:27","slug":"ben-zucker-kaempferherz-arenatour-2026-erfurt-messehalle-erfurt-14-03-2026-1930-uhr","status":"publish","type":"product","link":"https:\/\/arena-ticket.com\/en\/product\/ben-zucker-kaempferherz-arenatour-2026-erfurt-messehalle-erfurt-14-03-2026-1930-uhr\/","title":{"rendered":"Ben Zucker - K\u00e4mpferherz \u2013 Arenatour 2026"},"content":{"rendered":"<section class=\"cc_outer cc_text_media\" data-columns=\"1\" data-container-size=\"md\">\n<div class=\"container\">\n<div class=\"row\">\n<div class=\"column\">\n<div class=\"cc_content_block cc_textmedia cc_media_above\">\n<div class=\"cc_content_wrap\">\n<div class=\"cc_content\" data-text-columns=\"2\">\n<section class=\"cc_outer cc_text_media\" data-columns=\"1\" data-container-size=\"md\">\n<div class=\"container\">\n<div class=\"row\">\n<div class=\"column\">\n<div class=\"cc_content_block cc_textmedia cc_media_above\">\n<div class=\"cc_content_wrap\">\n<div class=\"cc_content\" data-text-columns=\"2\">\n<div id=\"text_block-1171-368\" class=\"ct-text-block div-width-100\">\n<p>Der erfolgreiche Musiker Ben Zucker gibt die gr\u00f6\u00dfte Tour seiner Karriere bekannt:<\/p>\n<p>Die \"K\u00e4mpferherz \u2013 Arenatour 2026\" wird den sympathischen S\u00e4nger und seine Fans in die gr\u00f6\u00dften Arenen Deutschlands f\u00fchren. Die Ank\u00fcndigung kommt gerade zur rechten Zeit, denn Ben Zucker befindet sich derzeit auf seiner erfolgreichen Herbst-Tournee 2024, die bereits ausverkaufte Hallen und begeisterte Fans in ganz Deutschland erlebt. Mit dieser Tour legt er die Messlatte f\u00fcr seine Live-Performances erneut h\u00f6her und gibt einen kleinen Vorgeschmack auf das, was seine Fans auch in Zukunft von ihm erwarten k\u00f6nnen: eine unvergessliche Show, die noch gr\u00f6\u00dfer, spektakul\u00e4rer und emotionaler wird.<\/p>\n<p>Seit seinem Durchbruch im Jahr 2017 hat er mit seinen kraftvollen Songs und seiner einzigartigen B\u00fchnenpr\u00e4senz eine treue Fangemeinde erobert. In 2026 wird er auf seiner Arena-Tour nicht nur die Highlights seiner bisherigen Karriere, sondern sicherlich auch neue Tracks pr\u00e4sentieren. Fans k\u00f6nnen sich zudem auf eine spektakul\u00e4re Inszenierung freuen, die alle Sinne ansprechen wird \u2013 von gigantischen B\u00fchnenbildern bis zu eindrucksvollen Visuals und einer intensiven Lichtshow.<\/p>\n<\/div>\n<\/div>\n<\/div>\n<\/div>\n<\/div>\n<\/div>\n<\/div>\n<\/section>\n<\/div>\n<\/div>\n<\/div>\n<\/div>\n<\/div>\n<\/div>\n<\/section>","protected":false},"excerpt":{"rendered":"<p class=\"h1\"><span id=\"span-1679-368\" class=\"ct-span\">Die \u201eK\u00e4mpferherz 2026\u201c-Tournee wird den sympathischen S\u00e4nger Ben Zucker und seine Fans in die gr\u00f6\u00dften Arenen Deutschlands f\u00fchren.<\/span> Secure your tickets!<\/p>","protected":false},"featured_media":55662,"template":"","meta":{"_acf_changed":false,"inline_featured_image":false},"product_brand":[],"product_cat":[167,31,69,3126,35,6734,21,58],"product_tag":[3189,3127,941,6049,942,3130,944,947,948],"class_list":{"0":"post-55653","1":"product","2":"type-product","3":"status-publish","4":"has-post-thumbnail","6":"product_cat-erfurt","7":"product_cat-events","8":"product_cat-konzert","9":"product_cat-messehalle-erfurt","10":"product_cat-orte","11":"product_cat-schlager","12":"product_cat-ticket","13":"product_cat-veranstaltung","14":"product_tag-ben-zucker","15":"product_tag-erfurt","16":"product_tag-events","17":"product_tag-kaempferherz-arenatour-2026","18":"product_tag-konzert","19":"product_tag-messehalle-erfurt","20":"product_tag-orte","21":"product_tag-ticket","22":"product_tag-veranstaltung","23":"product_shipping_class-nur_paketversand","24":"pa_discount-inklusive-begleitperson","25":"pa_discount-kind","26":"pa_discount-normalpreis","27":"pa_preiskategorie-pk-i","28":"pa_preiskategorie-pk-ii","29":"pa_preiskategorie-pk-iii","30":"pa_preiskategorie-pk-iv","31":"pa_preiskategorie-pk5-stehplatz","32":"pa_preiskategorie-rollstuhlfahrer","34":"first","35":"instock","36":"taxable","37":"shipping-taxable","38":"purchasable","39":"product-type-variable"},"group_of_quantity":0,"min_quantity":0,"max_quantity":"","exclude_order_quantity_value_rules":"no","exclude_category_quantity_rules":"no","combine_variations":"no","acf":[],"_links":{"self":[{"href":"https:\/\/arena-ticket.com\/en\/wp-json\/wp\/v2\/product\/55653","targetHints":{"allow":["GET"]}}],"collection":[{"href":"https:\/\/arena-ticket.com\/en\/wp-json\/wp\/v2\/product"}],"about":[{"href":"https:\/\/arena-ticket.com\/en\/wp-json\/wp\/v2\/types\/product"}],"wp:featuredmedia":[{"embeddable":true,"href":"https:\/\/arena-ticket.com\/en\/wp-json\/wp\/v2\/media\/55662"}],"wp:attachment":[{"href":"https:\/\/arena-ticket.com\/en\/wp-json\/wp\/v2\/media?parent=55653"}],"wp:term":[{"taxonomy":"product_brand","embeddable":true,"href":"https:\/\/arena-ticket.com\/en\/wp-json\/wp\/v2\/product_brand?post=55653"},{"taxonomy":"product_cat","embeddable":true,"href":"https:\/\/arena-ticket.com\/en\/wp-json\/wp\/v2\/product_cat?post=55653"},{"taxonomy":"product_tag","embeddable":true,"href":"https:\/\/arena-ticket.com\/en\/wp-json\/wp\/v2\/product_tag?post=55653"}],"curies":[{"name":"wp","href":"https:\/\/api.w.org\/{rel}","templated":true}]}}