{"id":55664,"date":"2025-11-24T15:28:40","date_gmt":"2025-11-24T14:28:40","guid":{"rendered":"https:\/\/arena-ticket.com\/?p=55664&#038;post_type=product&#038;preview_id=55664"},"modified":"2026-01-20T13:44:39","modified_gmt":"2026-01-20T12:44:39","slug":"deine-freunde-kindskoepfe-im-park-open-air-2026-leipzig-parkbuehne-30-05-2026-1730-uhr","status":"publish","type":"product","link":"https:\/\/arena-ticket.com\/en\/product\/deine-freunde-kindskoepfe-im-park-open-air-2026-leipzig-parkbuehne-30-05-2026-1730-uhr\/","title":{"rendered":"Deine Freunde  - Kindsk\u00f6pfe im Park - Open Air 2026"},"content":{"rendered":"<div>Wer Kinder im Alter von 4-12 hat, kommt an ihnen nicht vorbei: Deine Freunde.<\/div>\n<div><\/div>\n<div>Florian Sump, Lukas Nimscheck und Markus Pauli begeistern seit 2011 mit einer einzigartigen Mischung aus Family Entertainment, Hip-Hop und Popmusik nicht nur die Kleinen, sondern eben auch deren Eltern. Die drei Hamburger haben haben das l\u00e4ngst totgeglaubte Genre der Kindermusik kr\u00e4ftig aufgemischt und f\u00fcllen in Deutschland die ganz gro\u00dfen Hallen.<\/div>","protected":false},"excerpt":{"rendered":"<p>Secure your tickets!<\/p>","protected":false},"featured_media":55667,"template":"","meta":{"_acf_changed":false,"inline_featured_image":false},"product_brand":[],"product_cat":[31,94,86,35,347,21,58,6581],"product_tag":[3644,941,978,6569,942,943,944,966,947,948,2048],"class_list":{"0":"post-55664","1":"product","2":"type-product","3":"status-publish","4":"has-post-thumbnail","6":"product_cat-events","7":"product_cat-kinder","8":"product_cat-leipzig","9":"product_cat-orte","10":"product_cat-parkbuehne-leipzig","11":"product_cat-ticket","12":"product_cat-veranstaltung","13":"product_cat-weihnachten","14":"product_tag-deine-freunde","15":"product_tag-events","16":"product_tag-kinder","17":"product_tag-kindskoepfe-im-park-open-air-2026","18":"product_tag-konzert","19":"product_tag-leipzig","20":"product_tag-orte","21":"product_tag-parkbuehne-leipzig","22":"product_tag-ticket","23":"product_tag-veranstaltung","24":"product_tag-weihnachten","25":"product_shipping_class-nur_paketversand","26":"pa_discount-inklusive-begleitperson","27":"pa_discount-kind","28":"pa_discount-normalpreis","29":"pa_preiskategorie-rollstuhlfahrer","30":"pa_preiskategorie-stehplatz","32":"first","33":"instock","34":"taxable","35":"shipping-taxable","36":"purchasable","37":"product-type-variable"},"group_of_quantity":0,"min_quantity":0,"max_quantity":"","exclude_order_quantity_value_rules":"no","exclude_category_quantity_rules":"no","combine_variations":"no","acf":[],"_links":{"self":[{"href":"https:\/\/arena-ticket.com\/en\/wp-json\/wp\/v2\/product\/55664","targetHints":{"allow":["GET"]}}],"collection":[{"href":"https:\/\/arena-ticket.com\/en\/wp-json\/wp\/v2\/product"}],"about":[{"href":"https:\/\/arena-ticket.com\/en\/wp-json\/wp\/v2\/types\/product"}],"wp:featuredmedia":[{"embeddable":true,"href":"https:\/\/arena-ticket.com\/en\/wp-json\/wp\/v2\/media\/55667"}],"wp:attachment":[{"href":"https:\/\/arena-ticket.com\/en\/wp-json\/wp\/v2\/media?parent=55664"}],"wp:term":[{"taxonomy":"product_brand","embeddable":true,"href":"https:\/\/arena-ticket.com\/en\/wp-json\/wp\/v2\/product_brand?post=55664"},{"taxonomy":"product_cat","embeddable":true,"href":"https:\/\/arena-ticket.com\/en\/wp-json\/wp\/v2\/product_cat?post=55664"},{"taxonomy":"product_tag","embeddable":true,"href":"https:\/\/arena-ticket.com\/en\/wp-json\/wp\/v2\/product_tag?post=55664"}],"curies":[{"name":"wp","href":"https:\/\/api.w.org\/{rel}","templated":true}]}}