{"id":55672,"date":"2025-11-24T15:38:23","date_gmt":"2025-11-24T14:38:23","guid":{"rendered":"https:\/\/arena-ticket.com\/?p=55672&#038;post_type=product&#038;preview_id=55672"},"modified":"2026-03-12T12:36:53","modified_gmt":"2026-03-12T11:36:53","slug":"zaertlichkeiten-mit-freunden-alles-muss-nichts-kann-leipzig-parkbuehne-geyserhaus-20-06-2026-1930-uhr","status":"publish","type":"product","link":"https:\/\/arena-ticket.com\/en\/product\/zaertlichkeiten-mit-freunden-alles-muss-nichts-kann-leipzig-parkbuehne-geyserhaus-20-06-2026-1930-uhr\/","title":{"rendered":"Z\u00e4rtlichkeiten mit Freunden  - Alles muss, nichts kann"},"content":{"rendered":"<p>\"Alles muss, nichts kann!\u201c \u2013 endlich verl\u00e4sst die bekannte Band \"Z\u00e4rtlichkeiten mit Freunden\" die staubigen, ausgetretenen Pfade mitteldeutscher Rockmusik und begibt sich vorsichtig herumst\u00f6ckelnd auf neues Terrain. Nach ungez\u00e4hlten Jahren, prall gef\u00fcllt mit Smash-Hits auf der E-Gitarre, wollen sich die beiden Grobmusiker, oder zumindest einer davon, neu erfinden. Und der andere muss mitmachen. Frischer Wind bl\u00e4st durch die Band.<\/p>\n<p>Eine Nagelprobe f\u00fcr die Beziehung zwischen Mann und Musiker. Es riecht nach Strom und kalten L\u00f6tstellen im geborgten Synthesizer. Kommt und seht. Und bringt Euch etwas zu Lesen mit. Zum Beispiel die Bedienungsanleitung vom CASIO DG-7.<\/p>\n<p>K\u00f6nnte n\u00fctzlich sein..<\/p>","protected":false},"excerpt":{"rendered":"<p>Get your tickets here now!<\/p>","protected":false},"featured_media":55676,"template":"","meta":{"_acf_changed":false,"inline_featured_image":false},"product_brand":[],"product_cat":[6725,31,95,86,35,461,58],"product_tag":[6571,6570,954,941,6774,942,943,6572,944,969,948,3165],"class_list":{"0":"post-55672","1":"product","2":"type-product","3":"status-publish","4":"has-post-thumbnail","6":"product_cat-comedy","7":"product_cat-events","8":"product_cat-humor","9":"product_cat-leipzig","10":"product_cat-orte","11":"product_cat-parkbuehne-geyserhaus","12":"product_cat-veranstaltung","13":"product_tag-alles-muss","14":"product_tag-alles-muss-nichts-kann","15":"product_tag-comedy","16":"product_tag-events","17":"product_tag-humor","18":"product_tag-konzert","19":"product_tag-leipzig","20":"product_tag-nichts-kann","21":"product_tag-orte","22":"product_tag-parkbuehne-geyserhaus","23":"product_tag-veranstaltung","24":"product_tag-zaertlichkeiten-mit-freunden","25":"product_shipping_class-nur_paketversand","26":"pa_discount-kind","27":"pa_discount-leipzig-pass-inhaber","28":"pa_discount-normalpreis","29":"pa_preiskategorie-freie-platzwahl","31":"first","32":"instock","33":"taxable","34":"shipping-taxable","35":"purchasable","36":"product-type-variable"},"group_of_quantity":0,"min_quantity":0,"max_quantity":"","exclude_order_quantity_value_rules":"no","exclude_category_quantity_rules":"no","combine_variations":"no","acf":[],"_links":{"self":[{"href":"https:\/\/arena-ticket.com\/en\/wp-json\/wp\/v2\/product\/55672","targetHints":{"allow":["GET"]}}],"collection":[{"href":"https:\/\/arena-ticket.com\/en\/wp-json\/wp\/v2\/product"}],"about":[{"href":"https:\/\/arena-ticket.com\/en\/wp-json\/wp\/v2\/types\/product"}],"wp:featuredmedia":[{"embeddable":true,"href":"https:\/\/arena-ticket.com\/en\/wp-json\/wp\/v2\/media\/55676"}],"wp:attachment":[{"href":"https:\/\/arena-ticket.com\/en\/wp-json\/wp\/v2\/media?parent=55672"}],"wp:term":[{"taxonomy":"product_brand","embeddable":true,"href":"https:\/\/arena-ticket.com\/en\/wp-json\/wp\/v2\/product_brand?post=55672"},{"taxonomy":"product_cat","embeddable":true,"href":"https:\/\/arena-ticket.com\/en\/wp-json\/wp\/v2\/product_cat?post=55672"},{"taxonomy":"product_tag","embeddable":true,"href":"https:\/\/arena-ticket.com\/en\/wp-json\/wp\/v2\/product_tag?post=55672"}],"curies":[{"name":"wp","href":"https:\/\/api.w.org\/{rel}","templated":true}]}}