{"id":55697,"date":"2025-11-24T16:02:46","date_gmt":"2025-11-24T15:02:46","guid":{"rendered":"https:\/\/arena-ticket.com\/?p=55697&#038;post_type=product&#038;preview_id=55697"},"modified":"2025-11-24T16:13:06","modified_gmt":"2025-11-24T15:13:06","slug":"dark-summer-open-air-vol-ii-blutengel-gaeste-chemnitz-wasserschloss-klaffenbach-12-09-2026-1800-uhr","status":"publish","type":"product","link":"https:\/\/arena-ticket.com\/en\/product\/dark-summer-open-air-vol-ii-blutengel-gaeste-chemnitz-wasserschloss-klaffenbach-12-09-2026-1800-uhr\/","title":{"rendered":"DARK SUMMER OPEN AIR VOL. II  - BLUTENGEL + G\u00c4STE"},"content":{"rendered":"<p>Am 12.09.2026 findet im traumhaften Ambiente des Wasserschlosses Klaffenbach die zweite Ausgabe des DARK SUMMER OPEN AIR statt \u2013 ein ganz besonderes Open-Air-Erlebnis mit BLUTENGEL und G\u00e4sten.<\/p>\n<p>Chris Pohl verspricht ein unvergessliches Event mit neuen G\u00e4nsehaut-Momenten und einer einmaligen Show in m\u00e4rchenhafter Kulisse: \u201c<em>Auch f\u00fcr mich ist das immer ein ganz besonderes Ereignis. Nat\u00fcrlich werden wir uns wieder viele, coole, Specials ausdenken und auch wieder ein paar besondere G\u00e4ste dabei haben!<\/em>\u201d<\/p>\n<p>Ein Pflichttermin f\u00fcr alle Fans der dunklen Musik<\/p>","protected":false},"excerpt":{"rendered":"<div class=\"event__header\" data-v-331ed750=\"\">Secure your tickets!<\/div>","protected":false},"featured_media":55702,"template":"","meta":{"_acf_changed":false,"inline_featured_image":false},"product_brand":[],"product_cat":[103,31,6742,69,35,58,512],"product_tag":[6577,992,6576,941,942,948,993],"class_list":{"0":"post-55697","1":"product","2":"type-product","3":"status-publish","4":"has-post-thumbnail","6":"product_cat-chemnitz","7":"product_cat-events","8":"product_cat-festivals-open-air","9":"product_cat-konzert","10":"product_cat-orte","11":"product_cat-veranstaltung","12":"product_cat-wasserschloss-klaffenbach","13":"product_tag-blutengel-gaeste","14":"product_tag-chemnitz","15":"product_tag-dark-summer-open-air-vol-ii","16":"product_tag-events","17":"product_tag-konzert","18":"product_tag-veranstaltung","19":"product_tag-wasserschloss-klaffenbach","20":"product_shipping_class-nur_paketversand","21":"pa_discount-kind","22":"pa_discount-normalpreis","23":"pa_preiskategorie-stehplatz","25":"first","26":"instock","27":"taxable","28":"shipping-taxable","29":"purchasable","30":"product-type-variable"},"group_of_quantity":0,"min_quantity":0,"max_quantity":"","exclude_order_quantity_value_rules":"no","exclude_category_quantity_rules":"no","combine_variations":"no","acf":[],"_links":{"self":[{"href":"https:\/\/arena-ticket.com\/en\/wp-json\/wp\/v2\/product\/55697","targetHints":{"allow":["GET"]}}],"collection":[{"href":"https:\/\/arena-ticket.com\/en\/wp-json\/wp\/v2\/product"}],"about":[{"href":"https:\/\/arena-ticket.com\/en\/wp-json\/wp\/v2\/types\/product"}],"wp:featuredmedia":[{"embeddable":true,"href":"https:\/\/arena-ticket.com\/en\/wp-json\/wp\/v2\/media\/55702"}],"wp:attachment":[{"href":"https:\/\/arena-ticket.com\/en\/wp-json\/wp\/v2\/media?parent=55697"}],"wp:term":[{"taxonomy":"product_brand","embeddable":true,"href":"https:\/\/arena-ticket.com\/en\/wp-json\/wp\/v2\/product_brand?post=55697"},{"taxonomy":"product_cat","embeddable":true,"href":"https:\/\/arena-ticket.com\/en\/wp-json\/wp\/v2\/product_cat?post=55697"},{"taxonomy":"product_tag","embeddable":true,"href":"https:\/\/arena-ticket.com\/en\/wp-json\/wp\/v2\/product_tag?post=55697"}],"curies":[{"name":"wp","href":"https:\/\/api.w.org\/{rel}","templated":true}]}}