{"id":55704,"date":"2025-11-24T16:14:15","date_gmt":"2025-11-24T15:14:15","guid":{"rendered":"https:\/\/arena-ticket.com\/?p=55704&#038;post_type=product&#038;preview_id=55704"},"modified":"2025-11-24T16:27:11","modified_gmt":"2025-11-24T15:27:11","slug":"voelkerball-a-tribute-to-rammstein-dresden-alter-schlachthof-25-04-2026-2000-uhr","status":"publish","type":"product","link":"https:\/\/arena-ticket.com\/en\/product\/voelkerball-a-tribute-to-rammstein-dresden-alter-schlachthof-25-04-2026-2000-uhr\/","title":{"rendered":"V\u00f6LKERBALL  - A Tribute To Rammstein"},"content":{"rendered":"<p>Im Jahr 2026 heben V\u00f6lkerball\u00a0- die authentischste Rammstein Tribute Band Europas - buchst\u00e4blich ab. Mit originalgetreu nachgebauten Requisiten schafft es die Band in diesem Jahr mehr als jemals zuvor, die Perfektion einer Rammstein-Show ganz nah zu Euch zu bringen und zur atemberaubenden Realit\u00e4t werden zu lassen.<\/p>\n<div class=\"x14z9mp xat24cr x1lziwak x1vvkbs xtlvy1s x126k92a\">\n<p>Wie niemand sonst, setzen V\u00f6lkerball das Konzerterlebnis der Berliner Rockgiganten mit explosiver Kraft und in nie da gewesener Perfektion auf der B\u00fchne um.<\/p>\n<p>V\u00f6lkerball: 99,9 % Rammstein \u2013 100 % V\u00f6lkerball ist mehr als ein Versprechen: Die Band ist eine Garantie f\u00fcr G\u00e4nsehaut, eine h\u00f6chst beindruckende Pyro-Show und musikalische Pr\u00e4zision auf h\u00f6chstem Niveau.<\/p>\n<\/div>\n<div>\n<p>Auch 2026 setzen V\u00f6lkerball wieder neue Ma\u00dfst\u00e4be in Sachen Showdesign und Originaltreue zu ihrem gro\u00dfen Vorbild: Bekannte und beliebte Requisiten wie der Feuerbogen und der Flammenwerfer im Song \u201aMein Teil\u2019 wechseln sich ab mit neuen Elementen wie dem \u00fcberdimensionalen, Konfetti spr\u00fchendem Phallus im Song \u201aPussy\u2018. Und gem\u00e4\u00df dem Namen \u201aEngel\u2018-Tour erhebt sich Ren\u00e9 -alias Till- mit m\u00e4chtigen Fl\u00fcgeln in die L\u00fcfte, hoch bis ins Dach der B\u00fchne - um dann im brutalen Pyrogewitter das gro\u00dfe Finale der 2,5 Stunden dauernden Tributeshow einzuleiten.<\/p>\n<\/div>\n<div>\n<p>2026 wird es V\u00f6lkerball erneut gelingen, eine unglaubliche Inszenierung auf die B\u00fchne zu bringen, die an Dynamik, Kraft und Authentizit\u00e4t ihresgleichen sucht. So wird jedes V\u00f6lkerball-Konzert mit perfektem Sound, spektakul\u00e4rem Licht und gewaltigen pyrotechnischen Effekten zur faszinierenden Ausnahmeerfahrung f\u00fcr jeden Konzertbesucher.<\/p>\n<\/div>","protected":false},"excerpt":{"rendered":"<p>Get your tickets now!<\/p>","protected":false},"featured_media":55706,"template":"","meta":{"_acf_changed":false,"inline_featured_image":false},"product_brand":[],"product_cat":[359,87,31,69,35,6732,21,58],"product_tag":[4821,939,940,941,942,951,944,947,948,6578],"class_list":{"0":"post-55704","1":"product","2":"type-product","3":"status-publish","4":"has-post-thumbnail","6":"product_cat-alter-schlachthof","7":"product_cat-dresden","8":"product_cat-events","9":"product_cat-konzert","10":"product_cat-orte","11":"product_cat-rock-hard-rock","12":"product_cat-ticket","13":"product_cat-veranstaltung","14":"product_tag-a-tribute-to-rammstein","15":"product_tag-alter-schlachthof","16":"product_tag-dresden","17":"product_tag-events","18":"product_tag-konzert","19":"product_tag-kultur","20":"product_tag-orte","21":"product_tag-ticket","22":"product_tag-veranstaltung","23":"product_tag-voelkerball","24":"product_shipping_class-nur_paketversand","25":"pa_discount-normalpreis","26":"pa_preiskategorie-stehplatz","28":"first","29":"instock","30":"taxable","31":"shipping-taxable","32":"purchasable","33":"product-type-variable"},"group_of_quantity":0,"min_quantity":0,"max_quantity":"","exclude_order_quantity_value_rules":"no","exclude_category_quantity_rules":"no","combine_variations":"no","acf":[],"_links":{"self":[{"href":"https:\/\/arena-ticket.com\/en\/wp-json\/wp\/v2\/product\/55704","targetHints":{"allow":["GET"]}}],"collection":[{"href":"https:\/\/arena-ticket.com\/en\/wp-json\/wp\/v2\/product"}],"about":[{"href":"https:\/\/arena-ticket.com\/en\/wp-json\/wp\/v2\/types\/product"}],"wp:featuredmedia":[{"embeddable":true,"href":"https:\/\/arena-ticket.com\/en\/wp-json\/wp\/v2\/media\/55706"}],"wp:attachment":[{"href":"https:\/\/arena-ticket.com\/en\/wp-json\/wp\/v2\/media?parent=55704"}],"wp:term":[{"taxonomy":"product_brand","embeddable":true,"href":"https:\/\/arena-ticket.com\/en\/wp-json\/wp\/v2\/product_brand?post=55704"},{"taxonomy":"product_cat","embeddable":true,"href":"https:\/\/arena-ticket.com\/en\/wp-json\/wp\/v2\/product_cat?post=55704"},{"taxonomy":"product_tag","embeddable":true,"href":"https:\/\/arena-ticket.com\/en\/wp-json\/wp\/v2\/product_tag?post=55704"}],"curies":[{"name":"wp","href":"https:\/\/api.w.org\/{rel}","templated":true}]}}