{"id":55710,"date":"2025-11-24T16:29:02","date_gmt":"2025-11-24T15:29:02","guid":{"rendered":"https:\/\/arena-ticket.com\/?p=55710&#038;post_type=product&#038;preview_id=55710"},"modified":"2026-03-24T08:43:34","modified_gmt":"2026-03-24T07:43:34","slug":"fabian-koester-10-jahre-reporter-fast-ohne-grenzen-halle-steintor-variete-22-04-2026-2000-uhr","status":"publish","type":"product","link":"https:\/\/arena-ticket.com\/en\/product\/fabian-koester-10-jahre-reporter-fast-ohne-grenzen-halle-steintor-variete-22-04-2026-2000-uhr\/","title":{"rendered":"Fabian K\u00f6ster  - 10 Jahre Reporter \u2013 fast \u2013 ohne Grenzen"},"content":{"rendered":"<p>Fabian K\u00f6ster d\u00fcrfte vielen vor allem aus der \u201eheute-show\u201c ein Bergiff sein. Mit spitzen Kommentaren und Interviews mit Politikerinnen und Politikern hat sich der Reporter eine Fanbase vor dem Fernseher geschaffen, die er nun live treffen will. Mit seinem ersten Live-Programm \u201e10 Jahre Reporter \u2013 fast \u2013 ohne Grenzen\u201c erz\u00e4hlt er von seinen Erlebnissen, liebsten Interviews und nat\u00fcrlich dem Essenscontent von Markus S\u00f6der auf Social Media. Jetzt Tickets sichern!<\/p>","protected":false},"excerpt":{"rendered":"<p>Secure your tickets!<\/p>","protected":false},"featured_media":55716,"template":"","meta":{"_acf_changed":false,"inline_featured_image":false},"product_brand":[],"product_cat":[31,102,922,35,6772,496,21,58],"product_tag":[6580,941,6579,999,951,944,2788,947,948],"class_list":{"0":"post-55710","1":"product","2":"type-product","3":"status-publish","4":"has-post-thumbnail","6":"product_cat-events","7":"product_cat-halle","8":"product_cat-kultur","9":"product_cat-orte","10":"product_cat-sonstiges_kultur","11":"product_cat-steintor-variete","12":"product_cat-ticket","13":"product_cat-veranstaltung","14":"product_tag-10-jahre-reporter-fast-ohne-grenzen","15":"product_tag-events","16":"product_tag-fabian-koester","17":"product_tag-halle","18":"product_tag-kultur","19":"product_tag-orte","20":"product_tag-steintor-variete","21":"product_tag-ticket","22":"product_tag-veranstaltung","23":"product_shipping_class-nur_paketversand","24":"pa_discount-normalpreis","25":"pa_preiskategorie-pk-i","26":"pa_preiskategorie-pk-ii","28":"first","29":"outofstock","30":"taxable","31":"shipping-taxable","32":"purchasable","33":"product-type-variable","34":"has-default-attributes"},"group_of_quantity":0,"min_quantity":0,"max_quantity":"","exclude_order_quantity_value_rules":"no","exclude_category_quantity_rules":"no","combine_variations":"no","acf":[],"_links":{"self":[{"href":"https:\/\/arena-ticket.com\/en\/wp-json\/wp\/v2\/product\/55710","targetHints":{"allow":["GET"]}}],"collection":[{"href":"https:\/\/arena-ticket.com\/en\/wp-json\/wp\/v2\/product"}],"about":[{"href":"https:\/\/arena-ticket.com\/en\/wp-json\/wp\/v2\/types\/product"}],"wp:featuredmedia":[{"embeddable":true,"href":"https:\/\/arena-ticket.com\/en\/wp-json\/wp\/v2\/media\/55716"}],"wp:attachment":[{"href":"https:\/\/arena-ticket.com\/en\/wp-json\/wp\/v2\/media?parent=55710"}],"wp:term":[{"taxonomy":"product_brand","embeddable":true,"href":"https:\/\/arena-ticket.com\/en\/wp-json\/wp\/v2\/product_brand?post=55710"},{"taxonomy":"product_cat","embeddable":true,"href":"https:\/\/arena-ticket.com\/en\/wp-json\/wp\/v2\/product_cat?post=55710"},{"taxonomy":"product_tag","embeddable":true,"href":"https:\/\/arena-ticket.com\/en\/wp-json\/wp\/v2\/product_tag?post=55710"}],"curies":[{"name":"wp","href":"https:\/\/api.w.org\/{rel}","templated":true}]}}