{"id":55870,"date":"2025-11-25T13:38:29","date_gmt":"2025-11-25T12:38:29","guid":{"rendered":"https:\/\/arena-ticket.com\/?p=55870&#038;post_type=product&#038;preview_id=55870"},"modified":"2025-11-25T13:45:03","modified_gmt":"2025-11-25T12:45:03","slug":"ba-hu-alte-freunde-jubilaeumsfasching-praesent-20-der-anker-leipzig-31-01-2026-samstag-2000-uhr","status":"publish","type":"product","link":"https:\/\/arena-ticket.com\/en\/product\/ba-hu-alte-freunde-jubilaeumsfasching-praesent-20-der-anker-leipzig-31-01-2026-samstag-2000-uhr\/","title":{"rendered":"BA-HU Alte Freunde Jubil\u00e4umsfasching - Pr\u00e4sent 20"},"content":{"rendered":"<p>Pr\u00e4sent 20 war der Name eines Textilstoffes, der 1969 zum 20. Jahrestag der DDR entwickelt wurde und das Grundmaterial f\u00fcr eine umfangreiche gleichnamige Bekleidungsserie bildete.<\/p>\n<p>Die meisten von Euch sollten das Material noch von Ihrem Jugendweiheanzug oder \u00e4hnlichen Kleidungsst\u00fccken kennen. Also die Mottenkisten aufgemacht und st\u00f6bert schon mal nach einem ausgefallenen Kost\u00fcm.<\/p>\n<p>Der alten Tradition folgend werden auch diesmal der Verein BA-HU Alte Freunde e.V &amp; die Leipziger Stadtmusikanten wie immer mit Leidenschaft dabei sein, um Euch einen Abend mit toller Stimmung und guter Musik zu pr\u00e4sentieren. Viele Gespr\u00e4che mit Freunden und Erinnerungen an alte Zeiten geh\u00f6ren auch dazu.<\/p>\n<p>Als \u201eTraditionskapelle\u201c wird Euch wieder kr\u00e4ftig einheizen und die Tanzfl\u00e4che zum Beben bringen.<br \/>\nAlso \u201esafe the date\u201c: am 31. Januar 2026 sehen wir uns dann beim n\u00e4chsten Fasching in Leipzig am historischen Ort der Renftstra\u00dfe im ANKER.<\/p>","protected":false},"excerpt":{"rendered":"<p>Get your tickets now!<\/p>","protected":false},"featured_media":55874,"template":"","meta":{"_acf_changed":false,"inline_featured_image":false},"product_brand":[],"product_cat":[388,31,86,64,35,6730,21,58],"product_tag":[971,6583,2859,941,942,943,944,6584,947,948],"class_list":{"0":"post-55870","1":"product","2":"type-product","3":"status-publish","4":"has-post-thumbnail","6":"product_cat-anker","7":"product_cat-events","8":"product_cat-leipzig","9":"product_cat-musical-show","10":"product_cat-orte","11":"product_cat-show","12":"product_cat-ticket","13":"product_cat-veranstaltung","14":"product_tag-anker","15":"product_tag-ba-hu-alte-freunde-jubilaeumsfasching","16":"product_tag-der-anker","17":"product_tag-events","18":"product_tag-konzert","19":"product_tag-leipzig","20":"product_tag-orte","21":"product_tag-praesent-20","22":"product_tag-ticket","23":"product_tag-veranstaltung","24":"product_shipping_class-nur_paketversand","25":"pa_preiskategorie-stehplatz","27":"first","28":"instock","29":"taxable","30":"shipping-taxable","31":"purchasable","32":"product-type-variable","33":"has-default-attributes"},"group_of_quantity":0,"min_quantity":0,"max_quantity":"","exclude_order_quantity_value_rules":"no","exclude_category_quantity_rules":"no","combine_variations":"no","acf":[],"_links":{"self":[{"href":"https:\/\/arena-ticket.com\/en\/wp-json\/wp\/v2\/product\/55870","targetHints":{"allow":["GET"]}}],"collection":[{"href":"https:\/\/arena-ticket.com\/en\/wp-json\/wp\/v2\/product"}],"about":[{"href":"https:\/\/arena-ticket.com\/en\/wp-json\/wp\/v2\/types\/product"}],"wp:featuredmedia":[{"embeddable":true,"href":"https:\/\/arena-ticket.com\/en\/wp-json\/wp\/v2\/media\/55874"}],"wp:attachment":[{"href":"https:\/\/arena-ticket.com\/en\/wp-json\/wp\/v2\/media?parent=55870"}],"wp:term":[{"taxonomy":"product_brand","embeddable":true,"href":"https:\/\/arena-ticket.com\/en\/wp-json\/wp\/v2\/product_brand?post=55870"},{"taxonomy":"product_cat","embeddable":true,"href":"https:\/\/arena-ticket.com\/en\/wp-json\/wp\/v2\/product_cat?post=55870"},{"taxonomy":"product_tag","embeddable":true,"href":"https:\/\/arena-ticket.com\/en\/wp-json\/wp\/v2\/product_tag?post=55870"}],"curies":[{"name":"wp","href":"https:\/\/api.w.org\/{rel}","templated":true}]}}