{"id":55881,"date":"2025-11-25T14:35:31","date_gmt":"2025-11-25T13:35:31","guid":{"rendered":"https:\/\/arena-ticket.com\/?p=55881&#038;post_type=product&#038;preview_id=55881"},"modified":"2026-01-20T13:22:43","modified_gmt":"2026-01-20T12:22:43","slug":"faschingsschlager-show-alte-handelsboerse-leipzig-31-01-2026-1400-uhr","status":"publish","type":"product","link":"https:\/\/arena-ticket.com\/en\/product\/faschingsschlager-show-alte-handelsboerse-leipzig-31-01-2026-1400-uhr\/","title":{"rendered":"Faschingsschlager - Show"},"content":{"rendered":"<p>Veranstaltungstyp: Filmvorf\u00fchrung<\/p>\n<p>JSW Fernsehen pr\u00e4sentiert die gro\u00dfe Faschingsschlager-Show in der Alten B\u00f6rse Leipzig \u2013 mit TV-Aufzeichnung, tollen G\u00e4sten und bester Stimmung!<\/p>\n<p>Moderation: Julian Wien.<\/p>","protected":false},"excerpt":{"rendered":"<p>Jetzt Tickets hier kaufen!<\/p>","protected":false},"featured_media":49955,"template":"","meta":{"_acf_changed":false,"inline_featured_image":false},"product_brand":[],"product_cat":[356,31,86,64,35,6730,21,58],"product_tag":[6173,941,6585,942,943,944,958,947,948,2048],"class_list":{"0":"post-55881","1":"product","2":"type-product","3":"status-publish","4":"has-post-thumbnail","6":"product_cat-alte-handelsboerse","7":"product_cat-events","8":"product_cat-leipzig","9":"product_cat-musical-show","10":"product_cat-orte","11":"product_cat-show","12":"product_cat-ticket","13":"product_cat-veranstaltung","14":"product_tag-alte-handelsboerse","15":"product_tag-events","16":"product_tag-faschingsschlager","17":"product_tag-konzert","18":"product_tag-leipzig","19":"product_tag-orte","20":"product_tag-show","21":"product_tag-ticket","22":"product_tag-veranstaltung","23":"product_tag-weihnachten","24":"product_shipping_class-nur_paketversand","25":"pa_discount-normalpreis","26":"pa_preiskategorie-sitzplatz","28":"first","29":"instock","30":"taxable","31":"shipping-taxable","32":"purchasable","33":"product-type-variable"},"group_of_quantity":0,"min_quantity":0,"max_quantity":"","exclude_order_quantity_value_rules":"no","exclude_category_quantity_rules":"no","combine_variations":"no","acf":[],"_links":{"self":[{"href":"https:\/\/arena-ticket.com\/en\/wp-json\/wp\/v2\/product\/55881","targetHints":{"allow":["GET"]}}],"collection":[{"href":"https:\/\/arena-ticket.com\/en\/wp-json\/wp\/v2\/product"}],"about":[{"href":"https:\/\/arena-ticket.com\/en\/wp-json\/wp\/v2\/types\/product"}],"wp:featuredmedia":[{"embeddable":true,"href":"https:\/\/arena-ticket.com\/en\/wp-json\/wp\/v2\/media\/49955"}],"wp:attachment":[{"href":"https:\/\/arena-ticket.com\/en\/wp-json\/wp\/v2\/media?parent=55881"}],"wp:term":[{"taxonomy":"product_brand","embeddable":true,"href":"https:\/\/arena-ticket.com\/en\/wp-json\/wp\/v2\/product_brand?post=55881"},{"taxonomy":"product_cat","embeddable":true,"href":"https:\/\/arena-ticket.com\/en\/wp-json\/wp\/v2\/product_cat?post=55881"},{"taxonomy":"product_tag","embeddable":true,"href":"https:\/\/arena-ticket.com\/en\/wp-json\/wp\/v2\/product_tag?post=55881"}],"curies":[{"name":"wp","href":"https:\/\/api.w.org\/{rel}","templated":true}]}}