{"id":55908,"date":"2025-11-25T17:48:54","date_gmt":"2025-11-25T16:48:54","guid":{"rendered":"https:\/\/arena-ticket.com\/?p=55908&#038;post_type=product&#038;preview_id=55908"},"modified":"2026-03-12T18:19:45","modified_gmt":"2026-03-12T17:19:45","slug":"the-jailbreakers-der-anker-leipzig-19-09-2026-2000-uhr","status":"publish","type":"product","link":"https:\/\/arena-ticket.com\/en\/product\/the-jailbreakers-der-anker-leipzig-19-09-2026-2000-uhr\/","title":{"rendered":"The Jailbreakers"},"content":{"rendered":"<p>Man kann seinen Augen und Ohren kaum trauen, aber es sind nicht wirklich AC\/DC die da vorne auf der B\u00fchne abrocken, als g\u00e4be es kein Morgen mehr. Es sind \"The Jailbreakers\" aus Halle, die eine derma\u00dfen authentische, energiegeladene und schweisstreibende AC\/DC Show abliefern, das man den Unterschied zum Original nicht mehr wahrnimmt.<\/p>\n<p>Seit \u00fcber drei\u00dfig Jahren in fast 1000 Gigs haben sie zehntausende von Fans deutschlandweit und \u00fcber die Grenzen hinaus mit ihrer Live Performance jedes Mal aufs Neue \u00fcberzeugt. Und wer sie bis jetzt noch nicht erlebt hat, der hat auf alle F\u00e4lle im Leben etwas verpasst.<\/p>\n<p>In mehr als 100 Minuten Extase mit allem Drum und Dran aus der legend\u00e4ren \u201eBon Scott \u00c4ra\u201c mit Hits wie \u201eHIGHWAY TO HELL\u201c, \u201eT.NT.\u201c, \u201eTOUCH TOO MUCH\u201c, \u201eIT`S A LONG WAY TO THE TOP\u201c oder \u201eWHOLE LOTTA ROSIE\u201c rei\u00dfen die durchgeknallten Jungs auch den letzten Zuschauer vom Hocker und keiner kann sich dieser Magie entziehen.<\/p>\n<p>Ein Konzert mit \"The Jailbreakers\" ist genau das Richtige, wenn man einen geilen Rock\u2018n\u2018Roll Abend erleben will, den man garantiert so schnell nicht vergisst! <\/p>","protected":false},"excerpt":{"rendered":"<p>Get your tickets here now!<\/p>","protected":false},"featured_media":55910,"template":"","meta":{"_acf_changed":false,"inline_featured_image":false},"product_brand":[],"product_cat":[388,31,69,86,35,6732,21,58],"product_tag":[971,2859,941,942,943,944,6804,6130,947,948],"class_list":{"0":"post-55908","1":"product","2":"type-product","3":"status-publish","4":"has-post-thumbnail","6":"product_cat-anker","7":"product_cat-events","8":"product_cat-konzert","9":"product_cat-leipzig","10":"product_cat-orte","11":"product_cat-rock-hard-rock","12":"product_cat-ticket","13":"product_cat-veranstaltung","14":"product_tag-anker","15":"product_tag-der-anker","16":"product_tag-events","17":"product_tag-konzert","18":"product_tag-leipzig","19":"product_tag-orte","20":"product_tag-rock-hard-rock","21":"product_tag-the-jailbreakers","22":"product_tag-ticket","23":"product_tag-veranstaltung","24":"product_shipping_class-nur_paketversand","25":"pa_discount-normalpreis","26":"pa_preiskategorie-stehplatz","28":"first","29":"instock","30":"taxable","31":"shipping-taxable","32":"purchasable","33":"product-type-variable"},"group_of_quantity":0,"min_quantity":0,"max_quantity":"","exclude_order_quantity_value_rules":"no","exclude_category_quantity_rules":"no","combine_variations":"no","acf":[],"_links":{"self":[{"href":"https:\/\/arena-ticket.com\/en\/wp-json\/wp\/v2\/product\/55908","targetHints":{"allow":["GET"]}}],"collection":[{"href":"https:\/\/arena-ticket.com\/en\/wp-json\/wp\/v2\/product"}],"about":[{"href":"https:\/\/arena-ticket.com\/en\/wp-json\/wp\/v2\/types\/product"}],"wp:featuredmedia":[{"embeddable":true,"href":"https:\/\/arena-ticket.com\/en\/wp-json\/wp\/v2\/media\/55910"}],"wp:attachment":[{"href":"https:\/\/arena-ticket.com\/en\/wp-json\/wp\/v2\/media?parent=55908"}],"wp:term":[{"taxonomy":"product_brand","embeddable":true,"href":"https:\/\/arena-ticket.com\/en\/wp-json\/wp\/v2\/product_brand?post=55908"},{"taxonomy":"product_cat","embeddable":true,"href":"https:\/\/arena-ticket.com\/en\/wp-json\/wp\/v2\/product_cat?post=55908"},{"taxonomy":"product_tag","embeddable":true,"href":"https:\/\/arena-ticket.com\/en\/wp-json\/wp\/v2\/product_tag?post=55908"}],"curies":[{"name":"wp","href":"https:\/\/api.w.org\/{rel}","templated":true}]}}