{"id":55972,"date":"2025-11-26T14:51:28","date_gmt":"2025-11-26T13:51:28","guid":{"rendered":"https:\/\/arena-ticket.com\/?p=55972&#038;post_type=product&#038;preview_id=55972"},"modified":"2026-01-10T14:33:09","modified_gmt":"2026-01-10T13:33:09","slug":"deborah-sasson-festliche-weihnacht-peterskirche-leipzig-11-12-2026-1900-uhr","status":"publish","type":"product","link":"https:\/\/arena-ticket.com\/en\/product\/deborah-sasson-festliche-weihnacht-peterskirche-leipzig-11-12-2026-1900-uhr\/","title":{"rendered":"Deborah Sasson  - Festliche Weihnacht"},"content":{"rendered":"<p>Das gro\u00dfe Weihnachtskonzert 2026<\/p>\n<p>Mit Deborah Sasson, Ivan Urvalov und EnsembleErleben Sie das musikalische Weihnachtsereignis des Jahres!Mit der Echo-Preistr\u00e4gerin Deborah Sasson, dem Tschaikowsky-Preistr\u00e4ger Ivan Urvalov und dem Wunder-Violinisten Ashraf Kater erklingen die sch\u00f6nsten deutschen und amerikanischen Weihnachtslieder \u2013 voller Gef\u00fchl, Glanz und festlicher Stimmung.<\/p>\n<p>Ein Abend, der Herzen ber\u00fchrt \u2013 ein absolutes musikalisches Weihnachtsm\u00e4rchen.<\/p>","protected":false},"excerpt":{"rendered":"<p>Secure your tickets!<\/p>","protected":false},"featured_media":55975,"template":"","meta":{"_acf_changed":false,"inline_featured_image":false},"product_brand":[],"product_cat":[31,6741,69,86,35,476,21,58],"product_tag":[6589,941,6590,942,943,944,964,4369,947,948,6503],"class_list":{"0":"post-55972","1":"product","2":"type-product","3":"status-publish","4":"has-post-thumbnail","6":"product_cat-events","7":"product_cat-klassik","8":"product_cat-konzert","9":"product_cat-leipzig","10":"product_cat-orte","11":"product_cat-peterskirche","12":"product_cat-ticket","13":"product_cat-veranstaltung","14":"product_tag-deborah-sasson","15":"product_tag-events","16":"product_tag-festliche-weihnacht","17":"product_tag-konzert","18":"product_tag-leipzig","19":"product_tag-orte","20":"product_tag-peterskirche","21":"product_tag-rebekka-bakken","22":"product_tag-ticket","23":"product_tag-veranstaltung","24":"product_tag-winternights","25":"product_shipping_class-nur_paketversand","26":"pa_discount-inklusive-begleitperson","27":"pa_discount-kind-bis-14-jahre","28":"pa_discount-normalpreis","29":"pa_preiskategorie-pk-i","30":"pa_preiskategorie-pk-ii","31":"pa_preiskategorie-pk-iii","33":"first","34":"instock","35":"taxable","36":"shipping-taxable","37":"purchasable","38":"product-type-variable"},"group_of_quantity":0,"min_quantity":0,"max_quantity":"","exclude_order_quantity_value_rules":"no","exclude_category_quantity_rules":"no","combine_variations":"no","acf":[],"_links":{"self":[{"href":"https:\/\/arena-ticket.com\/en\/wp-json\/wp\/v2\/product\/55972","targetHints":{"allow":["GET"]}}],"collection":[{"href":"https:\/\/arena-ticket.com\/en\/wp-json\/wp\/v2\/product"}],"about":[{"href":"https:\/\/arena-ticket.com\/en\/wp-json\/wp\/v2\/types\/product"}],"wp:featuredmedia":[{"embeddable":true,"href":"https:\/\/arena-ticket.com\/en\/wp-json\/wp\/v2\/media\/55975"}],"wp:attachment":[{"href":"https:\/\/arena-ticket.com\/en\/wp-json\/wp\/v2\/media?parent=55972"}],"wp:term":[{"taxonomy":"product_brand","embeddable":true,"href":"https:\/\/arena-ticket.com\/en\/wp-json\/wp\/v2\/product_brand?post=55972"},{"taxonomy":"product_cat","embeddable":true,"href":"https:\/\/arena-ticket.com\/en\/wp-json\/wp\/v2\/product_cat?post=55972"},{"taxonomy":"product_tag","embeddable":true,"href":"https:\/\/arena-ticket.com\/en\/wp-json\/wp\/v2\/product_tag?post=55972"}],"curies":[{"name":"wp","href":"https:\/\/api.w.org\/{rel}","templated":true}]}}