{"id":56021,"date":"2025-11-26T18:00:55","date_gmt":"2025-11-26T17:00:55","guid":{"rendered":"https:\/\/arena-ticket.com\/?p=56021&#038;post_type=product&#038;preview_id=56021"},"modified":"2026-01-29T09:37:34","modified_gmt":"2026-01-29T08:37:34","slug":"one-night-of-dire-straits-tribute-show-haus-auensee-leipzig-03-04-2027-2000-uhr","status":"publish","type":"product","link":"https:\/\/arena-ticket.com\/en\/product\/one-night-of-dire-straits-tribute-show-haus-auensee-leipzig-03-04-2027-2000-uhr\/","title":{"rendered":"ONE NIGHT OF DIRE STRAITS - TRIBUTE SHOW"},"content":{"rendered":"<div class=\"et_pb_column et_pb_column_1_2 et_pb_column_3 et_pb_css_mix_blend_mode_passthrough\">\n<div class=\"et_pb_module et_pb_text et_pb_text_1 et_pb_text_align_justified et_pb_bg_layout_light\">\n<div class=\"et_pb_text_inner\">\n<div class=\"page\" title=\"Page 1\">\n<div class=\"layoutArea\">\n<div class=\"column\">\n<p>Die Dire Straits waren eine Band der Superlative. Mit Mark Knopflers markanten Gitarrenspiel und seiner tiefen Stimme sofort erkennbar, gelang ihnen in knapp einem Jahrzehnt der Aufstieg von kleinen Bar-Konzerten bis auf die gr\u00f6\u00dften B\u00fchnen des Planeten.<\/p>\n<p>Als Gegenpol zum damalig popul\u00e4ren Punk-Rock f\u00fchrten die stets klammen (\u201eDire Straits\u201c) Musiker mit ihren vielen musikalischen Einfl\u00fcssen nur ein kurzes Nischendasein, bis sie sich in Rekordzeit zu einer der bekanntesten und erfolgreichsten Bands der Musikgeschichte entwickelten und in ihrer Karriere \u00fcber 120 Millionen Platten absetzten.<\/p>\n<p>Mit \u201eSultans of Swing\u201c gelang ihnen Ende der 70er Jahre der Durchbruch und stellten Mark Knopfler als S\u00e4nger, Komponisten und vor allem als Gitarristen in den Mittelpunkt. Ihren Zenit erreichte die Gruppe Mitte der Achtziger mit dem Song \u201eMoney For Nothing\u201c, eine Kooperation mit \u201eGeordie\u201c-Landsmann Sting.<\/p>\n<p>Doch der Erfolg und der gro\u00dfe Erwartungsdruck forderten einen zu hohen Preis von den beteiligten Musikern. Nach dem Erfolg des finalen Albums \u201eOn Every Street\u201c (38x Platin weltweit) und der gleichnamigen Welttournee von 1991-1992 mit insgesamt 229 Konzerten, verk\u00fcndete Mark Knopfler 1995, dass die Band fortan inaktiv sei und keine \u00f6ffentlichen Konzerte mehr spielen werde. Diese finale Phase steht nun 30 Jahre sp\u00e4ter im Mittelpunkt der Tribute Show \u201e<b>One Night of Dire <\/b><b>Straits<\/b>\u201c.<\/p>\n<p>Gitarrist und S\u00e4nger Alex Moll nimmt zusammen mit seiner exquisit besetzten Band von Live- und Studiomusikern den Zuschauer mit auf eine Reise voll faszinierender und handgemachter Musik. Moll studierte Knopflers Musik und Gitarrenspiel seit seiner Jugend und versammelt in seiner Band ausschlie\u00dflich Weggef\u00e4hrten, denen die Dire Straits genau so im Blut liegen wie ihm. Moll gelingt es dabei nicht nur, seiner Gitarre die gleichen Laute zu entlocken, f\u00fcr die Mark Knopfler weltber\u00fchmt wurde, sondern auch die Energie und Spielfreude der insgesamt neunk\u00f6pfigen Band auf das Niveau des Originals zu heben.<\/p>\n<p>Mit einer Songauswahl, die nichts vermissen l\u00e4sst, garantiert \u201e<b>One Night of Dire Straits<\/b>\u201c einen herausragenden Konzertabend f\u00fcr alle Fans von Mark Knopfler, den Dire Straits und handgemachter Musik, die sofort ins Ohr geht.<\/p>\n<\/div>\n<\/div>\n<\/div>\n<\/div>\n<\/div>\n<\/div>","protected":false},"excerpt":{"rendered":"<p>Sichern Sie sich Ihr Ticket f\u00fcr diese\u00a0\u201c30 Years later\u201d \u00a0Tour!<\/p>","protected":false},"featured_media":56026,"template":"","meta":{"_acf_changed":false,"inline_featured_image":false},"product_brand":[],"product_cat":[31,344,69,86,35,6732,21,58],"product_tag":[941,962,942,943,5315,944,6804,947,4929,948],"class_list":{"0":"post-56021","1":"product","2":"type-product","3":"status-publish","4":"has-post-thumbnail","6":"product_cat-events","7":"product_cat-haus-auensee","8":"product_cat-konzert","9":"product_cat-leipzig","10":"product_cat-orte","11":"product_cat-rock-hard-rock","12":"product_cat-ticket","13":"product_cat-veranstaltung","14":"product_tag-events","15":"product_tag-haus-auensee","16":"product_tag-konzert","17":"product_tag-leipzig","18":"product_tag-one-night-of-dire-straits","19":"product_tag-orte","20":"product_tag-rock-hard-rock","21":"product_tag-ticket","22":"product_tag-tribute-show","23":"product_tag-veranstaltung","24":"product_shipping_class-nur_paketversand","25":"pa_discount-inklusive-begleitperson","26":"pa_discount-kind","27":"pa_discount-normalpreis","28":"pa_preiskategorie-pk-i","29":"pa_preiskategorie-pk-ii","30":"pa_preiskategorie-pk-iii","31":"pa_preiskategorie-pk-iv","32":"pa_preiskategorie-rollstuhlfahrer","33":"pa_preiskategorie-schwerbeschaedigt","35":"first","36":"instock","37":"taxable","38":"shipping-taxable","39":"purchasable","40":"product-type-variable"},"group_of_quantity":0,"min_quantity":0,"max_quantity":"","exclude_order_quantity_value_rules":"no","exclude_category_quantity_rules":"no","combine_variations":"no","acf":[],"_links":{"self":[{"href":"https:\/\/arena-ticket.com\/en\/wp-json\/wp\/v2\/product\/56021","targetHints":{"allow":["GET"]}}],"collection":[{"href":"https:\/\/arena-ticket.com\/en\/wp-json\/wp\/v2\/product"}],"about":[{"href":"https:\/\/arena-ticket.com\/en\/wp-json\/wp\/v2\/types\/product"}],"wp:featuredmedia":[{"embeddable":true,"href":"https:\/\/arena-ticket.com\/en\/wp-json\/wp\/v2\/media\/56026"}],"wp:attachment":[{"href":"https:\/\/arena-ticket.com\/en\/wp-json\/wp\/v2\/media?parent=56021"}],"wp:term":[{"taxonomy":"product_brand","embeddable":true,"href":"https:\/\/arena-ticket.com\/en\/wp-json\/wp\/v2\/product_brand?post=56021"},{"taxonomy":"product_cat","embeddable":true,"href":"https:\/\/arena-ticket.com\/en\/wp-json\/wp\/v2\/product_cat?post=56021"},{"taxonomy":"product_tag","embeddable":true,"href":"https:\/\/arena-ticket.com\/en\/wp-json\/wp\/v2\/product_tag?post=56021"}],"curies":[{"name":"wp","href":"https:\/\/api.w.org\/{rel}","templated":true}]}}