{"id":56031,"date":"2025-11-26T18:15:10","date_gmt":"2025-11-26T17:15:10","guid":{"rendered":"https:\/\/arena-ticket.com\/?p=56031&#038;post_type=product&#038;preview_id=56031"},"modified":"2026-03-11T15:58:43","modified_gmt":"2026-03-11T14:58:43","slug":"timon-krause-happy-live-2027-haus-auensee-leipzig-17-04-2027-2000-uhr","status":"publish","type":"product","link":"https:\/\/arena-ticket.com\/en\/product\/timon-krause-happy-live-2027-haus-auensee-leipzig-17-04-2027-2000-uhr\/","title":{"rendered":"Timon Krause - HAPPY Live 2027"},"content":{"rendered":"<section class=\"artist-description-wrapper\">\n<div class=\"artist text artist_description\">\n<div><\/div>\n<div>Wie wir denken. Wie wir f\u00fchlen. Wie wir gl\u00fccklich sind.<\/div>\n<div><\/div>\n<div>Wir leben in einer Welt, die laut, schnell und oft \u00fcberfordernd ist \u2013 Zeit, den Kopf einmal neu zu sortieren! Daf\u00fcr braucht es nicht unbedingt ein Schweigeretreat oder die n\u00e4chste Meditationschallenge, sondern vielleicht einfach nur das neue Live-Programm von Timon Krause. Mit \u201eHAPPY 2027\u201c kehrt Deutschlands erfolgreichster Mentalist, Bestsellerautor und Gedankenk\u00fcnstler auf die B\u00fchne zur\u00fcck \u2013 mit einer Show, die sich ganz dem Gl\u00fcck widmet. Nach den spektakul\u00e4ren Erfolgen von \u201eMind Games\u201c und \u201eMessias\u201c stellt er seinem Publikum jetzt die wohl spannendste aller Fragen: Was macht uns eigentlich gl\u00fccklich? Und k\u00f6nnen wir unser Gehirn austricksen, um es \u00f6fter zu sein?<\/div>\n<div><\/div>\n<div>\u201eGl\u00fcck und Gl\u00fccklichsein sind erlernbar\u201c, davon ist Timon Krause fest \u00fcberzeugt. Diese Aussage k\u00f6nnte man auch als das Herzst\u00fcck seines neuen Live-Programms \u201eHAPPY 2027\u201c verstehen, mit dem der 31-J\u00e4hrige 2027 durch ganz Deutschland touren und die Zuschauer erneut in gro\u00dfes Staunen versetzen wird. Der erfolgreiche und charismatische Mentalk\u00fcnstler wei\u00df: Unser Denken, F\u00fchlen und Handeln lassen sich entschl\u00fcsseln \u2013 und mit ein bisschen \u00dcbung auch ver\u00e4ndern. In seiner neuen Show taucht Timon Krause tief in die Psychologie des Gl\u00fccks ein, entschl\u00fcsselt die Mechanismen der Wahrnehmung und zeigt mit g\u00e4nzlich neuen Gedankenspielen und mentalen Experimenten, wie eng Verstand, Emotion und K\u00f6rper tats\u00e4chlich miteinander verbunden sind.<\/div>\n<div><\/div>\n<div>Dabei bleibt er ganz der Entertainer, der mit Leichtigkeit und Humor selbst komplexe Themen verst\u00e4ndlich macht. Zwischen Hypnose, K\u00f6rpersprache, Psychologie und intuitivem Gesp\u00fcr f\u00fcr sein Publikum entsteht ein interaktives Erlebnis, das ber\u00fchrt und \u00fcberrascht und nicht selten \u00fcber das Ende der Show hinaus r\u00e4tseln l\u00e4sst. Doch Timon Krause nutzt sein Wissen nie nur, um zu verbl\u00fcffen, sondern auch, um Menschen einen neuen Blick auf sich selbst und die Funktionsweise ihres Geistes zu erm\u00f6glichen und zu zeigen, welches Potenzial in jedem von uns steckt, wenn wir unser Denken verstehen.<\/div>\n<div><\/div>\n<div>\u201eHAPPY 2027\u201c ist also mehr als nur eine Show \u00fcber Gedankenlesen oder Kartentricks \u2013 es ist vielmehr eine Einladung, sich selbst neu kennenzulernen. Inhaltlich dreht sich \u2013 wie der Name es schon sagt \u2013 alles um das Themenfeld Happiness, also Gl\u00fcck. \u201eGl\u00fcck ist nichts, was man hat oder nicht hat,\u201c so das Multitalent aus Isselburg. \u201eNichts, was zuf\u00e4llig in unser Leben kommt, sondern etwas, das man lernen kann, wenn man seinen Kopf versteht.\u201c Kann man also sein Gehirn \u00fcberlisten oder umprogrammieren? Sich selbst austricksen, um gelassener, offener, zufriedener zu leben? Timon Krause liefert die Antworten \u2013 charmant, witzig, manchmal provozierend, immer inspirierend.<\/div>\n<div><\/div>\n<div>Das Erfolgsgeheimnis von Timon Krause, der in Amsterdam Philosophie studiert hat, 2016 als bester europ\u00e4ischer Mentalist ausgezeichnet wurde und heute in Berlin lebt, setzt sich aus verschiedenen Komponenten zusammen. Zu seiner ausgezeichneten Intuition und einem gro\u00dfen Showtalent kommen eine au\u00dfergew\u00f6hnlich hohe Beobachtungsgabe und die F\u00e4higkeit, Menschen in Sekunden zu lesen. Schon fr\u00fch faszinierte ihn die Verbindung von Psychologie, Kommunikation und menschlichem Verhalten \u2013 ein Interesse, das sich durch die fundierte Ausbildung beim weltbekannten Mentalisten Richard Webster noch vertiefte. \u00dcber die Jahre hat Timon Krause seine Kunst konsequent weiterentwickelt \u2013 seine wissenschaftliche Neugier, k\u00fcnstlerische Kreativit\u00e4t und psychologisches Feingef\u00fchl perfektioniert. Folgerichtig geh\u00f6rt er heute zu den renommiertesten Mentalisten Europas.<\/div>\n<div><\/div>\n<div>Wer schon einmal eine seiner faszinierenden Live-Shows besucht hat, wurde selbst Zeuge der kongenialen Symbiose aus solidem Handwerk, seinem unglaublich wachen Geist und hoch sensitivem Gesp\u00fcr. Krauses Pr\u00e4senz, Empathie und eine fast schon instinktive Sensibilit\u00e4t f\u00fcr Menschen beschw\u00f6ren eine au\u00dfergew\u00f6hnliche Atmosph\u00e4re herauf und lassen den Zuschauer nicht selten an Zauberei glauben.<\/div>\n<div><\/div>\n<div>Und auch das neue Live-Programm \u201eHappy 2027\u201c \u2013 wieder eine Mischung aus Hypnose, Mentalmagie und moderner Psychologie \u2013 bringt\u00a0 die Menschen zum Nachdenken, Erkennen und Verstehen, was in uns vorgeht. \u201eHAPPY 2027\u201c ist keine Show, die nur Antworten gibt, sondern vielmehr die richtigen Fragen stellt \u2013 \u00fcber Gl\u00fcck, \u00fcber uns selbst, \u00fcber das, was wir wirklich denken und f\u00fchlen. Timon Krause wird unterhaltsam und tiefsinnig unter Beweis stellen, dass Gl\u00fcck vor allem Kopfsache ist \u2013 mit viel Witz, Charme, Verstand und einem Hauch Magie.<\/div>\n<div><\/div>\n<div><\/div>\n<\/div>\n<\/section>\n<section class=\"artist-menue tour-menue\">\n<div class=\"artist-menue_List\">\n<div id=\"tour_tickets_links\" class=\"toure_links hidden\">\n<div class=\"text_1\"><\/div>\n<div class=\"text_2\"><\/div>\n<div class=\"text_1\"><\/div>\n<div class=\"text_2\"><\/div>\n<div class=\"text_1\"><\/div>\n<\/div>\n<div id=\"tour_presse_opener\" class=\"artist-menue_Element pfeil-icon\"><\/div>\n<div id=\"tour_presse_links\" class=\"toure_links hidden\">\n<div class=\"text_1\"><\/div>\n<div class=\"text_2\"><\/div>\n<div class=\"text_1\"><\/div>\n<div class=\"text_2\"><\/div>\n<div class=\"text_1\"><\/div>\n<div class=\"text_2\"><\/div>\n<\/div>\n<\/div>\n<\/section>\n<section class=\"artist-feed\">\n<div class=\"titel\"><\/div>\n<div class=\"artist-feed-list\">\n<div class=\"artist-socials\">\n<div class=\"iconListe\">\n<div class=\"youtube-icon icon sozial-icon\"><\/div>\n<div class=\"facebook-icon icon sozial-icon\"><\/div>\n<div class=\"spotify-icon icon sozial-icon\"><\/div>\n<\/div>\n<\/div>\n<div class=\"artist-spotify\"><\/div>\n<div class=\"homepage-link-box\">\n<div class=\"artist text artist-homepage link_box\">\n<div class=\"text-link pfeil-icon\"><\/div>\n<\/div>\n<\/div>\n<\/div>\n<\/section>","protected":false},"excerpt":{"rendered":"<p>Timon Krause wird unterhaltsam und tiefsinnig unter Beweis stellen, dass Gl\u00fcck vor allem Kopfsache ist \u2013 mit viel Witz, Charme, Verstand und einem Hauch Magie. Sichern Sie sich Ihr Ticket f\u00fcr diese Show!<\/p>","protected":false},"featured_media":56037,"template":"","meta":{"_acf_changed":false,"inline_featured_image":false},"product_brand":[],"product_cat":[344,86,35,21],"product_tag":[941,6598,962,942,943,5315,944,958,947,3454,4929,948],"class_list":{"0":"post-56031","1":"product","2":"type-product","3":"status-publish","4":"has-post-thumbnail","6":"product_cat-haus-auensee","7":"product_cat-leipzig","8":"product_cat-orte","9":"product_cat-ticket","10":"product_tag-events","11":"product_tag-happy-live-2027","12":"product_tag-haus-auensee","13":"product_tag-konzert","14":"product_tag-leipzig","15":"product_tag-one-night-of-dire-straits","16":"product_tag-orte","17":"product_tag-show","18":"product_tag-ticket","19":"product_tag-timon-krause","20":"product_tag-tribute-show","21":"product_tag-veranstaltung","22":"product_shipping_class-nur_paketversand","23":"pa_discount-inklusive-begleitperson","24":"pa_discount-kind","25":"pa_discount-normalpreis","26":"pa_preiskategorie-pk-i","27":"pa_preiskategorie-pk-ii","28":"pa_preiskategorie-pk-iii","29":"pa_preiskategorie-pk-iv","30":"pa_preiskategorie-rollstuhlfahrer","31":"pa_preiskategorie-schwerbeschaedigt","33":"first","34":"instock","35":"taxable","36":"shipping-taxable","37":"purchasable","38":"product-type-variable"},"group_of_quantity":0,"min_quantity":0,"max_quantity":"","exclude_order_quantity_value_rules":"no","exclude_category_quantity_rules":"no","combine_variations":"no","acf":[],"_links":{"self":[{"href":"https:\/\/arena-ticket.com\/en\/wp-json\/wp\/v2\/product\/56031","targetHints":{"allow":["GET"]}}],"collection":[{"href":"https:\/\/arena-ticket.com\/en\/wp-json\/wp\/v2\/product"}],"about":[{"href":"https:\/\/arena-ticket.com\/en\/wp-json\/wp\/v2\/types\/product"}],"wp:featuredmedia":[{"embeddable":true,"href":"https:\/\/arena-ticket.com\/en\/wp-json\/wp\/v2\/media\/56037"}],"wp:attachment":[{"href":"https:\/\/arena-ticket.com\/en\/wp-json\/wp\/v2\/media?parent=56031"}],"wp:term":[{"taxonomy":"product_brand","embeddable":true,"href":"https:\/\/arena-ticket.com\/en\/wp-json\/wp\/v2\/product_brand?post=56031"},{"taxonomy":"product_cat","embeddable":true,"href":"https:\/\/arena-ticket.com\/en\/wp-json\/wp\/v2\/product_cat?post=56031"},{"taxonomy":"product_tag","embeddable":true,"href":"https:\/\/arena-ticket.com\/en\/wp-json\/wp\/v2\/product_tag?post=56031"}],"curies":[{"name":"wp","href":"https:\/\/api.w.org\/{rel}","templated":true}]}}