{"id":56056,"date":"2025-11-26T18:50:40","date_gmt":"2025-11-26T17:50:40","guid":{"rendered":"https:\/\/arena-ticket.com\/?p=56056&#038;post_type=product&#038;preview_id=56056"},"modified":"2025-11-26T19:32:53","modified_gmt":"2025-11-26T18:32:53","slug":"lydia-benecke-die-psychologie-der-manipulation-von-hochstapelei-betrug-gaslighting-haus-leipzig-20-12-2026-1900-uhr","status":"publish","type":"product","link":"https:\/\/arena-ticket.com\/en\/product\/lydia-benecke-die-psychologie-der-manipulation-von-hochstapelei-betrug-gaslighting-haus-leipzig-20-12-2026-1900-uhr\/","title":{"rendered":"Lydia Benecke - Die Psychologie der Manipulation: Von Hochstapelei, Betrug + Gaslighting"},"content":{"rendered":"<div class=\"elementor-column elementor-col-50 elementor-top-column elementor-element elementor-element-9bc5c93\" data-id=\"9bc5c93\" data-element_type=\"column\">\n<div class=\"elementor-widget-wrap elementor-element-populated\">\n<div class=\"elementor-element elementor-element-f1b2d8e elementor-widget elementor-widget-text-editor\" data-id=\"f1b2d8e\" data-element_type=\"widget\" data-widget_type=\"text-editor.default\">\n<div class=\"elementor-widget-container\">\n<p>Lydia Benecke, geboren im November 1982 in Beuten (Polen), studierte Psychologie, Psychopathologie und Forensik an der Ruhr-Universit\u00e4t Bochum. Seit 2009 ist sie als Diplom-Psychologin mit Arbeitsschwerpunkt im Bereich der Gewalt- und Sexualstraftaten t\u00e4tig.<\/p>\n<p>Sie arbeitet in einer Ambulanz f\u00fcr Sexualstraft\u00e4ter sowie einer Sozialtherapeutischen Anstalt (spezielle Form von JVA) mit erwachsenen Sexualstraft\u00e4tern (verurteilt u.A. wegen Kindesmissbrauchs, Kinderpornographie, Exhibitionismus, sexueller N\u00f6tigung, Vergewaltigung), Gewaltstraft\u00e4ter (verurteilt u.A. wegen T\u00f6tungsdelikten oder anderen schweren Gewaltstraftaten) sowie sexuell delinquenten Jugendlichen.<\/p>\n<p>Ihre wissenschaftlichen Arbeitsschwerpunkte und Interessengebiete liegen in den Bereichen abweichender sexueller Vorlieben (Paraphilien, besonders sexueller Sadismus und P\u00e4dophilie), Per\u00f6nlichkeitsst\u00f6rungen (vor allem aus dem \"Cluster B Bereich\u201c, also narzisstische, histrionische, dissoziale und emotional-instabile Pers\u00f6nlichkeitstypen sowie das wissenschaftliche Konstrukt der Psychopathie), Traumasto\u00cc\u02c6rungen, abergl\u00e4ubische \u00dcberzeugungen, Subkulturen (vor allem BDSM-Szene, Schwarze Szene, Vampyr-Subkultur) sowie Sekten.<\/p>\n<p>Als Autorin verfasst sie kriminalpsychologische B\u00fccher (\u201eAuf d\u00fcnnem Eis. Die Psychologie des B\u00f6sen\u201c ,\u201cSadisten. T\u00f6dliche Liebe - Geschichten aus dem wahren Leben\u201c , \"PsychopathINNEN - T\u00f6dliche Frauen, \"Teufelswerk oder Hexenjagd?\" uvm.), Buchbeitr\u00e4ge und Artikel sowie seit 2010 die psychologische Kolumne \u201ePsychokiste\" in Deutschlands gr\u00f6\u00dfter BDSM-Zeitschrift \u201eSchlagzeilen\". F\u00fcr unterschiedliche Buch- und Podcastprojekte erstellte sie u.A. umfassende psychologische Profile des deutschen Serienm\u00f6rders Karl Denke (im Buch \u201eKarl Denke - Der Kannibale von M\u00fcnsterberg\"), des kolumbianischen Serienm\u00f6rders Luis Alfredo Garavito Cubillos (im Buch \u201eAus der Dunkelkammer des B\u00f6sen\u201c), des franz\u00f6sischen Serienm\u00f6rders Gilles de Rais (f\u00fcr die Sendung \u201eZeitZeichen\u201c des WDR), des \u201eZodiac-Killers\u201c (f\u00fcr den Hoaxilla Podcast) und des unbekannten M\u00f6rders im \u201eMordfall Hinterkaifeck\u201c (ebenfalls f\u00fcr den Hoaxilla Podcast). Sie ist selbstst\u00e4ndig als Fortbilderin, Referentin und kriminalpsychologische Beraterin t\u00e4tig. Seit 2015 ist sie Mitglied des Wissenschaftsrates der \"Gesellschaft zur wissenschaftlichen Untersuchung von Parawissenschaften\u201c.<\/p>\n<p>Mit ihren Vortr\u00e4gen entf\u00fchrt Lydia Benecke ihre G\u00e4ste in eine spannende Reise in die Welt der Kriminalpsychologie.<\/p>\n<\/div>\n<\/div>\n<\/div>\n<\/div>\n<div class=\"elementor-column elementor-col-50 elementor-top-column elementor-element elementor-element-83c3765\" data-id=\"83c3765\" data-element_type=\"column\">\n<div class=\"elementor-widget-wrap elementor-element-populated\">\n<div class=\"elementor-element elementor-element-0bfe292 elementor-widget elementor-widget-video\" data-id=\"0bfe292\" data-element_type=\"widget\" data-settings=\"{&quot;youtube_url&quot;:&quot;https:\/\/www.youtube.com\/watch?v=w0__vLMVD5Y&quot;,&quot;mute&quot;:&quot;yes&quot;,&quot;yt_privacy&quot;:&quot;yes&quot;,&quot;video_type&quot;:&quot;youtube&quot;,&quot;controls&quot;:&quot;yes&quot;}\" data-widget_type=\"brlbs_video.default\">\n<div class=\"elementor-widget-container\">\n<div class=\"elementor-wrapper elementor-open-inline\">\n<div class=\"elementor-video\">\n<div class=\"brlbs-cmpnt-container brlbs-cmpnt-content-blocker brlbs-cmpnt-with-individual-styles\" data-borlabs-cookie-content-blocker-id=\"youtube-content-blocker\" data-borlabs-cookie-content=\"PHNjcmlwdD4KKGZ1bmN0aW9uKCkgewogICAgbGV0IGQgPSBudWxsOwoKICAgIC8vIGlmIHdlIGFyZSBpbiBhIGxvb3AsIHdlIG5lZWQgdG8gc2VsZWN0IHRoZSBjb3JyZWN0IHZpZGVvIGVsZW1lbnQsIHNpbmNlIFdpZGdldCBJRCBvY2N1cnMgbXVsdGlwbGUgdGltZXMgb24gcGFnZQogICAgY29uc3QgZWxlbXNJbkxvb3AgPSBkb2N1bWVudC5xdWVyeVNlbGVjdG9yQWxsKCc6aXMoZGl2W2RhdGEtZWxlbWVudG9yLXR5cGU9Imxvb3AtaXRlbSJdLGRpdltkYXRhLWVsZW1lbnRvci10eXBlPSJqZXQtbGlzdGluZy1pdGVtcyJdKSBkaXYuZWxlbWVudG9yLWVsZW1lbnQtMGJmZTI5MicpOwogICAgaWYgKGVsZW1zSW5Mb29wLmxlbmd0aCA9PT0gMSkgewogICAgICAgIGQgPSBlbGVtc0luTG9vcFswXTsKICAgIH0gZWxzZSBpZiAoZWxlbXNJbkxvb3AubGVuZ3RoID4gMSkgewogICAgICAgIGlmICh0eXBlb2YgZG9jdW1lbnQuY3VycmVudFNjcmlwdCA9PT0gJ3VuZGVmaW5lZCcgfHwgZG9jdW1lbnQuY3VycmVudFNjcmlwdCA9PSBudWxsKSB7CiAgICAgICAgICAgIHJldHVybjsKICAgICAgICB9CiAgICAgICAgY29uc3QgdG1wVmlkZW9XaWRnZXQgPSBkb2N1bWVudC5jdXJyZW50U2NyaXB0LmNsb3Nlc3QoJ1tkYXRhLXdpZGdldF90eXBlPSJicmxic192aWRlby5kZWZhdWx0Il0nKTsKICAgICAgICBpZiAodG1wVmlkZW9XaWRnZXQpIHsKICAgICAgICAgICAgZCA9IHRtcFZpZGVvV2lkZ2V0OwogICAgICAgIH0KICAgIH0KCiAgICBpZiAoZCA9PSBudWxsKSB7CiAgICAgICAgZCA9IGRvY3VtZW50LnF1ZXJ5U2VsZWN0b3IoJ2Rpdi5lbGVtZW50b3ItZWxlbWVudC0wYmZlMjkyJyk7CiAgICB9CgogICAgaWYgKGQgPT0gbnVsbCkgewogICAgICAgIHJldHVybjsKICAgIH0KICAgIGQuZGF0YXNldC53aWRnZXRfdHlwZSA9IGQuZGF0YXNldC53aWRnZXRfdHlwZS5yZXBsYWNlKCdicmxic18nLCAnJyk7CiAgICBkLmRhdGFzZXQuYnJsYnNVbmJsb2NrZWQgPSAndHJ1ZSc7CgogICAgY29uc3QgaW50ZXJ2YWwgPSBzZXRJbnRlcnZhbCgoKSA9PiB7CiAgICAgICAgaWYgKHR5cGVvZiBlbGVtZW50b3JGcm9udGVuZCAhPT0gJ3VuZGVmaW5lZCcgJiYgdHlwZW9mIGVsZW1lbnRvckZyb250ZW5kLmhvb2tzICE9PSAndW5kZWZpbmVkJykgewogICAgICAgICAgICBjbGVhckludGVydmFsKGludGVydmFsKTsKICAgICAgICAgICAgZWxlbWVudG9yRnJvbnRlbmQuaG9va3MuZG9BY3Rpb24oJ2Zyb250ZW5kL2VsZW1lbnRfcmVhZHkvdmlkZW8uZGVmYXVsdCcsIGpRdWVyeShkKSwgalF1ZXJ5KQogICAgICAgIH0KICAgIH0sIDMwKQp9KSgpOwo8L3NjcmlwdD4=\">\n<div class=\"brlbs-cmpnt-cb-preset-c brlbs-cmpnt-cb-youtube\"><\/div>\n<\/div>\n<\/div>\n<\/div>\n<\/div>\n<\/div>\n<\/div>\n<\/div>","protected":false},"excerpt":{"rendered":"<p>Get your tickets now!<\/p>","protected":false},"featured_media":56062,"template":"","meta":{"_acf_changed":false,"inline_featured_image":false},"product_brand":[],"product_cat":[31,349,922,86,6764,35,21,58],"product_tag":[6605,6604,6603,941,955,951,943,4040,947,948],"class_list":{"0":"post-56056","1":"product","2":"type-product","3":"status-publish","4":"has-post-thumbnail","6":"product_cat-events","7":"product_cat-haus-leipzig","8":"product_cat-kultur","9":"product_cat-leipzig","10":"product_cat-lesung","11":"product_cat-orte","12":"product_cat-ticket","13":"product_cat-veranstaltung","14":"product_tag-betrug-gaslighting","15":"product_tag-die-psychologie-der-manipulation-von-hochstapelei","16":"product_tag-die-psychologie-der-manipulation-von-hochstapelei-betrug-gaslighting","17":"product_tag-events","18":"product_tag-haus-leipzig","19":"product_tag-kultur","20":"product_tag-leipzig","21":"product_tag-lydia-benecke","22":"product_tag-ticket","23":"product_tag-veranstaltung","24":"product_shipping_class-nur_paketversand","25":"pa_discount-normalpreis","26":"pa_preiskategorie-freie-platzwahl","28":"first","29":"instock","30":"taxable","31":"shipping-taxable","32":"purchasable","33":"product-type-variable"},"group_of_quantity":0,"min_quantity":0,"max_quantity":"","exclude_order_quantity_value_rules":"no","exclude_category_quantity_rules":"no","combine_variations":"no","acf":[],"_links":{"self":[{"href":"https:\/\/arena-ticket.com\/en\/wp-json\/wp\/v2\/product\/56056","targetHints":{"allow":["GET"]}}],"collection":[{"href":"https:\/\/arena-ticket.com\/en\/wp-json\/wp\/v2\/product"}],"about":[{"href":"https:\/\/arena-ticket.com\/en\/wp-json\/wp\/v2\/types\/product"}],"wp:featuredmedia":[{"embeddable":true,"href":"https:\/\/arena-ticket.com\/en\/wp-json\/wp\/v2\/media\/56062"}],"wp:attachment":[{"href":"https:\/\/arena-ticket.com\/en\/wp-json\/wp\/v2\/media?parent=56056"}],"wp:term":[{"taxonomy":"product_brand","embeddable":true,"href":"https:\/\/arena-ticket.com\/en\/wp-json\/wp\/v2\/product_brand?post=56056"},{"taxonomy":"product_cat","embeddable":true,"href":"https:\/\/arena-ticket.com\/en\/wp-json\/wp\/v2\/product_cat?post=56056"},{"taxonomy":"product_tag","embeddable":true,"href":"https:\/\/arena-ticket.com\/en\/wp-json\/wp\/v2\/product_tag?post=56056"}],"curies":[{"name":"wp","href":"https:\/\/api.w.org\/{rel}","templated":true}]}}