{"id":56080,"date":"2025-11-26T19:25:33","date_gmt":"2025-11-26T18:25:33","guid":{"rendered":"https:\/\/arena-ticket.com\/?p=56080&#038;post_type=product&#038;preview_id=56080"},"modified":"2026-03-17T14:21:37","modified_gmt":"2026-03-17T13:21:37","slug":"elif-live-tour-2026-dresden-alter-schlachthof-04-12-2026-2000-uhr","status":"publish","type":"product","link":"https:\/\/arena-ticket.com\/en\/product\/elif-live-tour-2026-dresden-alter-schlachthof-04-12-2026-2000-uhr\/","title":{"rendered":"ELIF  - LIVE TOUR 2026"},"content":{"rendered":"<p data-start=\"226\" data-end=\"256\">Schmerz. St\u00e4rke. Poesie.<\/p>\n<p data-start=\"258\" data-end=\"500\">Die Berliner Singer-Songwriterin ELIF kommt 2026 mit neuer Musik und ihrer unverwechselbaren Energie nach Leipzig!<\/p>\n<p data-start=\"502\" data-end=\"745\">Kaum eine K\u00fcnstlerin schafft es wie ELIF, Verletzlichkeit, St\u00e4rke und Ehrlichkeit in bewegende Poesie zu verwandeln. Mit ihrer markanten Stimme und tiefgehenden Texten ber\u00fchrt sie ihr Publikum direkt \u2013 ehrlich, emotional und ohne Filter.<\/p>\n<p data-start=\"747\" data-end=\"1157\">Nach dem Erfolg ihres Albums \u201eENDLICH TUT ES WIEDER WEH\u201c (Platz 5 der deutschen Albumcharts) und gefeierten Auftritten bei \u201eSing meinen Song\u201c und \u201eThe Voice of Germany\u201c meldet sich ELIF mit neuen Songs zur\u00fcck. Ihre aktuelle Single \u201eNein\u201c ist ein starkes Statement \u00fcber Selbstbestimmung, w\u00e4hrend im November mit \u201eAZRA\u201c eine neue EP erscheint \u2013 als Vorgeschmack auf das kommende Album 2026.<\/p>\n<p data-start=\"1159\" data-end=\"1291\">Live erwartet die Fans eine intensive, atmosph\u00e4rische Show \u2013 voller Emotion, Energie und N\u00e4he. Ein Abend, der lange nachhallt.<\/p>","protected":false},"excerpt":{"rendered":"<p>Get your tickets here now!<\/p>","protected":false},"featured_media":56077,"template":"","meta":{"_acf_changed":false,"inline_featured_image":false},"product_brand":[],"product_cat":[359,87,31,69,35,6733,21,58],"product_tag":[939,940,6607,941,942,5107,944,947,948],"class_list":{"0":"post-56080","1":"product","2":"type-product","3":"status-publish","4":"has-post-thumbnail","6":"product_cat-alter-schlachthof","7":"product_cat-dresden","8":"product_cat-events","9":"product_cat-konzert","10":"product_cat-orte","11":"product_cat-pop","12":"product_cat-ticket","13":"product_cat-veranstaltung","14":"product_tag-alter-schlachthof","15":"product_tag-dresden","16":"product_tag-elif","17":"product_tag-events","18":"product_tag-konzert","19":"product_tag-live-tour-2026","20":"product_tag-orte","21":"product_tag-ticket","22":"product_tag-veranstaltung","23":"product_shipping_class-nur_paketversand","24":"pa_discount-inklusive-begleitperson","25":"pa_discount-normalpreis","26":"pa_preiskategorie-rollstuhlfahrer","27":"pa_preiskategorie-stehplatz","29":"first","30":"instock","31":"taxable","32":"shipping-taxable","33":"purchasable","34":"product-type-variable"},"group_of_quantity":0,"min_quantity":0,"max_quantity":"","exclude_order_quantity_value_rules":"no","exclude_category_quantity_rules":"no","combine_variations":"no","acf":[],"_links":{"self":[{"href":"https:\/\/arena-ticket.com\/en\/wp-json\/wp\/v2\/product\/56080","targetHints":{"allow":["GET"]}}],"collection":[{"href":"https:\/\/arena-ticket.com\/en\/wp-json\/wp\/v2\/product"}],"about":[{"href":"https:\/\/arena-ticket.com\/en\/wp-json\/wp\/v2\/types\/product"}],"wp:featuredmedia":[{"embeddable":true,"href":"https:\/\/arena-ticket.com\/en\/wp-json\/wp\/v2\/media\/56077"}],"wp:attachment":[{"href":"https:\/\/arena-ticket.com\/en\/wp-json\/wp\/v2\/media?parent=56080"}],"wp:term":[{"taxonomy":"product_brand","embeddable":true,"href":"https:\/\/arena-ticket.com\/en\/wp-json\/wp\/v2\/product_brand?post=56080"},{"taxonomy":"product_cat","embeddable":true,"href":"https:\/\/arena-ticket.com\/en\/wp-json\/wp\/v2\/product_cat?post=56080"},{"taxonomy":"product_tag","embeddable":true,"href":"https:\/\/arena-ticket.com\/en\/wp-json\/wp\/v2\/product_tag?post=56080"}],"curies":[{"name":"wp","href":"https:\/\/api.w.org\/{rel}","templated":true}]}}