{"id":56213,"date":"2025-11-27T14:41:49","date_gmt":"2025-11-27T13:41:49","guid":{"rendered":"https:\/\/arena-ticket.com\/?p=56213&#038;post_type=product&#038;preview_id=56213"},"modified":"2025-11-28T08:05:23","modified_gmt":"2025-11-28T07:05:23","slug":"club-der-toten-dichter-galgenlieder-christian-morgenstern-neu-vertont-der-anker-leipzig-09-05-2026-2100-uhr","status":"publish","type":"product","link":"https:\/\/arena-ticket.com\/en\/product\/club-der-toten-dichter-galgenlieder-christian-morgenstern-neu-vertont-der-anker-leipzig-09-05-2026-2100-uhr\/","title":{"rendered":"Club der toten Dichter - Galgenlieder  - Christian Morgenstern neu vertont"},"content":{"rendered":"<p>Mit Hans-Werner Meyer \u2013 Gesang,<br \/>\nGeige Markus Runzheimer \u2013 Bass, Percussion, Gesang<br \/>\nReinhardt Repke \u2013 Gitarren, Gesang<\/p>\n<p>20 Jahre Club der toten Dichter. Ein Jubil\u00e4um, das es zu feiern gilt \u2013 mit einem besonderen Dichter und einem besonderen Gasts\u00e4nger!<\/p>\n<p>\u201eO schauerliche Lebenswirrn, wir h\u00e4ngen hier am roten Zwirn!\u201c \u2013 so beginnt das Bundeslied der Galgenbr\u00fcder von Christian Morgenstern (1871-1914).<\/p>\n<p>Und ist es nicht manchmal hilfreich, die Dinge mit etwas Galgenhumor zu sehen?<br \/>\nMorgenstern selbst schrieb, dass die \u00bbGalgenpoesie\u00ab ein St\u00fcck Weltanschauung sei und man die Welt vom Galgen her anders betrachtet. So wollte er mit den Galgenliedern \u201eein bisschen geistige Leichtigkeit, Heiterkeit, Freiheit verbreiten, die Phantasie beleben, nur ein bisschen von der im Posthorn gefrorenen Musik der Seele wieder auftauen\u201c. Marcel Reich-Ranicki empfiehlt 50 Jahre sp\u00e4ter in seinem Kanon der deutschsprachigen Lyrik alle Galgenlieder.<\/p>\n<p>Gedichte wie \u201eDer Lattenzaun\u201c, \u201eSophie, die Henkersmaid\u201c und \u201eDas Mondschaf\u201c, sind legend\u00e4r, \u201eDer Werwolf\u201c sogar Schulstoff. \u201aMan lacht sich krumm\u2018, meinte bereits Tucholsky, \u201abewundert hinterher, ernster geworden, eine tiefe Lyrik, die nur im letzten Augenblick ins Spa\u00dfhafte abgedreht ist \u2013 und merkt zum Schluss, dass man einen philosophischen Satz gelernt hat.\u2018<\/p>\n<p>Als S\u00e4nger f\u00fcr das Jubil\u00e4umsprojekt konnte der Schauspieler Hans-Werner Meyer (Letzte Spur Berlin, Baader Meinhof Komplex) gewonnen werden. Die Mail mit der Anfrage und ersten Kompositionen bekam er an einem Montag um 16:46 Uhr. Er antwortete der Mail von Reinhardt Repke um 17:15 Uhr : \u201eDie Vertonungen gefielen ihm sehr, er will, er muss das singen. Schon sein Vater h\u00e4tte Morgenstern am heimischen K\u00fcchentisch rezitiert.\u201c<\/p>\n<p>Beste Voraussetzungen f\u00fcr eine Zusammenarbeit! Schon ein paar Tage sp\u00e4ter traf man sich zur ersten Probe. Auch der Bassist Markus Runzheimer (Element of Crime) ist wieder mit dabei und wird diesmal zus\u00e4tzlich Perkussion spielen. Und Hans-Werner Meyer wird nicht nur singen, sondern auch zur Geige greifen. Reinhardt Repke spielt wie immer Gitarre und hat die Gedichte neu vertont.<\/p>","protected":false},"excerpt":{"rendered":"<p>Get your tickets here now!<\/p>","protected":false},"featured_media":56222,"template":"","meta":{"_acf_changed":false,"inline_featured_image":false},"product_brand":[],"product_cat":[388,31,69,86,35,6749,21,58],"product_tag":[971,6616,6615,2859,941,942,943,4819,944,947,948],"class_list":{"0":"post-56213","1":"product","2":"type-product","3":"status-publish","4":"has-post-thumbnail","6":"product_cat-anker","7":"product_cat-events","8":"product_cat-konzert","9":"product_cat-leipzig","10":"product_cat-orte","11":"product_cat-sonstiges_konzert","12":"product_cat-ticket","13":"product_cat-veranstaltung","14":"product_tag-anker","15":"product_tag-christian-morgenstern-neu-vertont","16":"product_tag-club-der-toten-dichter-galgenlieder","17":"product_tag-der-anker","18":"product_tag-events","19":"product_tag-konzert","20":"product_tag-leipzig","21":"product_tag-live-2026","22":"product_tag-orte","23":"product_tag-ticket","24":"product_tag-veranstaltung","25":"product_shipping_class-nur_paketversand","26":"pa_discount-normalpreis","27":"pa_preiskategorie-freie-platzwahl","28":"pa_preiskategorie-stehplatz","30":"first","31":"instock","32":"taxable","33":"shipping-taxable","34":"purchasable","35":"product-type-variable"},"group_of_quantity":0,"min_quantity":0,"max_quantity":"","exclude_order_quantity_value_rules":"no","exclude_category_quantity_rules":"no","combine_variations":"no","acf":[],"_links":{"self":[{"href":"https:\/\/arena-ticket.com\/en\/wp-json\/wp\/v2\/product\/56213","targetHints":{"allow":["GET"]}}],"collection":[{"href":"https:\/\/arena-ticket.com\/en\/wp-json\/wp\/v2\/product"}],"about":[{"href":"https:\/\/arena-ticket.com\/en\/wp-json\/wp\/v2\/types\/product"}],"wp:featuredmedia":[{"embeddable":true,"href":"https:\/\/arena-ticket.com\/en\/wp-json\/wp\/v2\/media\/56222"}],"wp:attachment":[{"href":"https:\/\/arena-ticket.com\/en\/wp-json\/wp\/v2\/media?parent=56213"}],"wp:term":[{"taxonomy":"product_brand","embeddable":true,"href":"https:\/\/arena-ticket.com\/en\/wp-json\/wp\/v2\/product_brand?post=56213"},{"taxonomy":"product_cat","embeddable":true,"href":"https:\/\/arena-ticket.com\/en\/wp-json\/wp\/v2\/product_cat?post=56213"},{"taxonomy":"product_tag","embeddable":true,"href":"https:\/\/arena-ticket.com\/en\/wp-json\/wp\/v2\/product_tag?post=56213"}],"curies":[{"name":"wp","href":"https:\/\/api.w.org\/{rel}","templated":true}]}}