{"id":56217,"date":"2025-11-27T14:46:11","date_gmt":"2025-11-27T13:46:11","guid":{"rendered":"https:\/\/arena-ticket.com\/?p=56217&#038;post_type=product&#038;preview_id=56217"},"modified":"2025-11-27T14:58:09","modified_gmt":"2025-11-27T13:58:09","slug":"orgel-und-tubaquartett-zu-silvester-kulturpalast-dresden-31-12-2025-2230-uhr","status":"publish","type":"product","link":"https:\/\/arena-ticket.com\/en\/product\/orgel-und-tubaquartett-zu-silvester-kulturpalast-dresden-31-12-2025-2230-uhr\/","title":{"rendered":"Orgel und Tubaquartett zu Silvester"},"content":{"rendered":"<div class=\"c-compact-info__event-text\">\n<p>Im traditionellen Orgelkonzert zu Silvester verbinden sich die K\u00f6nigin der Instrumente und gleich vier Tuben zu einer ungew\u00f6hnlichen Kombination. Gemeinsam pr\u00e4sentieren Katharina K\u00f6nigsfeld und das Melton Tuba Quartett bekannte Klassiker in neuem Gewand.<br \/>\nVon den zarten, t\u00e4nzerischen Melodien des \u201eBlumenwalzers\u201c von Tschaikowski, \u00fcber das rasante Allegro aus Rossinis Ouvert\u00fcre der Oper \u201eWilhelm Tell\u201c mit seiner dramatischen Energie bis hin zu Badinerie und Marsch von Bach \u2013 die kunstvollen Arrangements f\u00fcr Orgel und Tuba lassen auch seine Musik in v\u00f6llig neuen Farben erstrahlen. Von tiefgr\u00fcndigen Passagen bis hin zu festlichen Kl\u00e4ngen \u2013 dieser Abend ist ein musikalischer H\u00f6hepunkt, der das alte Jahr mit Stil verabschiedet und Sie schwungvoll ins neue Jahr begleitet!<\/p>\n<div class=\"layout-columns__item text-content\">\n<p>&nbsp;<\/p>\n<p>Veranstalter: Dresdner Philharmonie<br \/>\ninklusive 1 Glas Sekt und Canap\u00e9s<\/p>\n<\/div>\n<p>&nbsp;<\/p>\n<p>Dauer: ca 60 Minuten (keine Pause)<\/p>\n<p>&nbsp;<\/p>\n<p>Programm:<br \/>\nArrangements von Werken von<br \/>\nJohann Sebastian Bach, Gioacchino<br \/>\nRossini, Peter Tschaikowski u. a.<\/p>\n<p>Contributors:<br \/>\nKatharina K\u00f6nigsfeld | Orgel<br \/>\nMelton Tuba Quartett<br \/>\nHartmut M\u00fcller, Heiko Triebener,<br \/>\nJ\u00f6rg Wachsmuth und Ulrich Haas | Tuba<\/p>\n<\/div>","protected":false},"excerpt":{"rendered":"<p>Von tiefgr\u00fcndigen Passagen bis hin zu festlichen Kl\u00e4ngen \u2013 dieser Abend ist ein musikalischer H\u00f6hepunkt, der das alte Jahr mit Stil verabschiedet und Sie schwungvoll ins neue Jahr begleitet! Jetzt Tickts sichern!<\/p>\n<p>&nbsp;<\/p>","protected":false},"featured_media":56224,"template":"","meta":{"_acf_changed":false,"inline_featured_image":false},"product_brand":[],"product_cat":[87,31,345,936,6741,69,428,86,35,21,58],"product_tag":[940,941,957,5462,942,3423,3435,6617,6618,947,948],"class_list":{"0":"post-56217","1":"product","2":"type-product","3":"status-publish","4":"has-post-thumbnail","6":"product_cat-dresden","7":"product_cat-events","8":"product_cat-gewandhaus","9":"product_cat-grosser-saal","10":"product_cat-klassik","11":"product_cat-konzert","12":"product_cat-kulturpalalst","13":"product_cat-leipzig","14":"product_cat-orte","15":"product_cat-ticket","16":"product_cat-veranstaltung","17":"product_tag-dresden","18":"product_tag-events","19":"product_tag-grosser-saal","20":"product_tag-jetzt-erst-recht","21":"product_tag-konzert","22":"product_tag-kulturpalalst","23":"product_tag-kulturpalast-dresden","24":"product_tag-orgel-und-tubaquartett","25":"product_tag-orgel-und-tubaquartett-zu-silvester","26":"product_tag-ticket","27":"product_tag-veranstaltung","28":"product_shipping_class-nur_paketversand","29":"pa_discount-normalpreis","30":"pa_preiskategorie-pk-i","31":"pa_preiskategorie-pk-ii","32":"pa_preiskategorie-pk-iii","33":"pa_preiskategorie-pk-iv","34":"pa_preiskategorie-pk-v","36":"first","37":"instock","38":"taxable","39":"shipping-taxable","40":"purchasable","41":"product-type-variable"},"group_of_quantity":0,"min_quantity":0,"max_quantity":"","exclude_order_quantity_value_rules":"no","exclude_category_quantity_rules":"no","combine_variations":"no","acf":[],"_links":{"self":[{"href":"https:\/\/arena-ticket.com\/en\/wp-json\/wp\/v2\/product\/56217","targetHints":{"allow":["GET"]}}],"collection":[{"href":"https:\/\/arena-ticket.com\/en\/wp-json\/wp\/v2\/product"}],"about":[{"href":"https:\/\/arena-ticket.com\/en\/wp-json\/wp\/v2\/types\/product"}],"wp:featuredmedia":[{"embeddable":true,"href":"https:\/\/arena-ticket.com\/en\/wp-json\/wp\/v2\/media\/56224"}],"wp:attachment":[{"href":"https:\/\/arena-ticket.com\/en\/wp-json\/wp\/v2\/media?parent=56217"}],"wp:term":[{"taxonomy":"product_brand","embeddable":true,"href":"https:\/\/arena-ticket.com\/en\/wp-json\/wp\/v2\/product_brand?post=56217"},{"taxonomy":"product_cat","embeddable":true,"href":"https:\/\/arena-ticket.com\/en\/wp-json\/wp\/v2\/product_cat?post=56217"},{"taxonomy":"product_tag","embeddable":true,"href":"https:\/\/arena-ticket.com\/en\/wp-json\/wp\/v2\/product_tag?post=56217"}],"curies":[{"name":"wp","href":"https:\/\/api.w.org\/{rel}","templated":true}]}}