{"id":56229,"date":"2025-11-27T14:54:19","date_gmt":"2025-11-27T13:54:19","guid":{"rendered":"https:\/\/arena-ticket.com\/?p=56229&#038;post_type=product&#038;preview_id=56229"},"modified":"2025-11-27T15:12:39","modified_gmt":"2025-11-27T14:12:39","slug":"the-streets-a-grand-dont-come-for-free-tour-2026-leipzig-parkbuehne-15-06-2026-1900-uhr","status":"publish","type":"product","link":"https:\/\/arena-ticket.com\/en\/product\/the-streets-a-grand-dont-come-for-free-tour-2026-leipzig-parkbuehne-15-06-2026-1900-uhr\/","title":{"rendered":"The Streets  - A Grand Don't Come for Free Tour 2026"},"content":{"rendered":"<p>Von nix kommt nix oder \u201eA Grand Don\u2019t Come for Free\u201c? The Streets sind zur\u00fcck mit dem Album, das alles ver\u00e4nderte<\/p>\n<p>Exklusiv, ikonisch, einmalig \u2013 nach \u00fcber 20 Jahren bringt Mike Skinner das Meisterwerk des britischen Rap und Garage-Sounds erstmals nach Deutschland! \u201eA Grand Don\u2019t Come for Free\u201c steht f\u00fcr den Durchbruch von The Streets. Die geladenen Beats mit den rotzigen Spoken Word und ehrlichen Lyrics pr\u00e4gte die Noughties und den britischen Rap ma\u00dfgeblich. Im Sommer 2026 bringt Mike Skinner dieses St\u00fcck Musikgeschichte auf f\u00fcnf Shows erstmals nach Deutschland! The Streets verwandeln das Allt\u00e4gliche in Au\u00dfergew\u00f6hnliches. \u00dcber f\u00fcnf Alben und ein Mixtape hinweg erz\u00e4hlt Mike Skinner Geschichten aus dem realen Leben \u2013 zwischen nebligen Clubn\u00e4chten, dem Morgen danach, unerwiderter Liebe und Arbeitslosengeldantr\u00e4gen. Mit scharfem Blick beleuchtet der Held der Arbeiter:innenklasse die Poesie des Alltags und ist damit eine der pr\u00e4genden Figuren des britischen HipHop.<\/p>\n<p>Jetzt ist das Album dran, das alles ver\u00e4nderte: \u201cA Grand Don\u2019t Come for Free\u201c \u2013 live, roh und nah und vor allem erstmals in Deutschland an f\u00fcnf Terminen im Juni 2026.<\/p>","protected":false},"excerpt":{"rendered":"<p>Secure your tickets!<\/p>","protected":false},"featured_media":56232,"template":"","meta":{"_acf_changed":false,"inline_featured_image":false},"product_brand":[],"product_cat":[31,6737,69,86,35,347,21,58],"product_tag":[6620,941,942,943,944,966,6619,947,948],"class_list":{"0":"post-56229","1":"product","2":"type-product","3":"status-publish","4":"has-post-thumbnail","6":"product_cat-events","7":"product_cat-hip-hop-rnb","8":"product_cat-konzert","9":"product_cat-leipzig","10":"product_cat-orte","11":"product_cat-parkbuehne-leipzig","12":"product_cat-ticket","13":"product_cat-veranstaltung","14":"product_tag-a-grand-dont-come-for-free-tour-2026","15":"product_tag-events","16":"product_tag-konzert","17":"product_tag-leipzig","18":"product_tag-orte","19":"product_tag-parkbuehne-leipzig","20":"product_tag-the-streets","21":"product_tag-ticket","22":"product_tag-veranstaltung","23":"product_shipping_class-nur_paketversand","24":"pa_discount-inklusive-begleitperson","25":"pa_discount-kind","26":"pa_discount-normalpreis","27":"pa_preiskategorie-rollstuhlfahrer","28":"pa_preiskategorie-stehplatz","30":"first","31":"instock","32":"taxable","33":"shipping-taxable","34":"purchasable","35":"product-type-variable"},"group_of_quantity":0,"min_quantity":0,"max_quantity":"","exclude_order_quantity_value_rules":"no","exclude_category_quantity_rules":"no","combine_variations":"no","acf":[],"_links":{"self":[{"href":"https:\/\/arena-ticket.com\/en\/wp-json\/wp\/v2\/product\/56229","targetHints":{"allow":["GET"]}}],"collection":[{"href":"https:\/\/arena-ticket.com\/en\/wp-json\/wp\/v2\/product"}],"about":[{"href":"https:\/\/arena-ticket.com\/en\/wp-json\/wp\/v2\/types\/product"}],"wp:featuredmedia":[{"embeddable":true,"href":"https:\/\/arena-ticket.com\/en\/wp-json\/wp\/v2\/media\/56232"}],"wp:attachment":[{"href":"https:\/\/arena-ticket.com\/en\/wp-json\/wp\/v2\/media?parent=56229"}],"wp:term":[{"taxonomy":"product_brand","embeddable":true,"href":"https:\/\/arena-ticket.com\/en\/wp-json\/wp\/v2\/product_brand?post=56229"},{"taxonomy":"product_cat","embeddable":true,"href":"https:\/\/arena-ticket.com\/en\/wp-json\/wp\/v2\/product_cat?post=56229"},{"taxonomy":"product_tag","embeddable":true,"href":"https:\/\/arena-ticket.com\/en\/wp-json\/wp\/v2\/product_tag?post=56229"}],"curies":[{"name":"wp","href":"https:\/\/api.w.org\/{rel}","templated":true}]}}