{"id":56234,"date":"2025-11-27T15:08:02","date_gmt":"2025-11-27T14:08:02","guid":{"rendered":"https:\/\/arena-ticket.com\/?p=56234&#038;post_type=product&#038;preview_id=56234"},"modified":"2025-11-28T08:04:58","modified_gmt":"2025-11-28T07:04:58","slug":"suzi-quatro-rockinon-tour-2026-leipzig-parkbuehne-08-08-2026-1900-uhr","status":"publish","type":"product","link":"https:\/\/arena-ticket.com\/en\/product\/suzi-quatro-rockinon-tour-2026-leipzig-parkbuehne-08-08-2026-1900-uhr\/","title":{"rendered":"Suzi Quatro  - Rockin\u00b4on! Tour 2026"},"content":{"rendered":"<p>Suzi Quatro ist eine lebende Rocklegende. Die S\u00e4ngerin, Bassistin, Schauspielerin, Autorin und Radiomoderatorin wurde 1950 in Detroit geboren, und startete ihre Karriere schon fr\u00fch in der familieneigenen Band \"The Art Quatro Trio\". Mit 14 spielte sie mit ihrer Schwester Patti in der Band The Pleasure Seekers und wurde daraufhin mit ihrer markanten Mischung aus Leder, Bass und ungeb\u00e4ndigter Energie zu einer der ersten Frauen, die im Rockgesch\u00e4ft nicht nur mitspielten, sondern es pr\u00e4gten. 1973 landete sie mit Can The Can einen weltweiten Nummer-eins-Hit. Es folgten weitere Klassiker wie 48 Crash, Devil Gate Drive oder das US-Duett Stumblin\u2019 In. Bis heute hat sie \u00fcber 55 Millionen Tontr\u00e4ger verkauft.<br \/>\nNeben ihrer Musik war Quatro auch als Schauspielerin erfolgreich, u.\u202fa. in der Kultserie Happy Days und brillierte am Londoner West End in Annie Get Your Gun. Seit 1999 moderierte sie eigene Radiosendungen bei BBC Radio 2 und wurde u.\u202fa. f\u00fcr den Sony Radio Award nominiert. Ihre Vielseitigkeit zeigt sich auch in Theaterprojekten, Buchver\u00f6ffentlichungen, der Doku Suzi Q (2019) und Kollaborationen mit K\u00fcnstler*innen wie KT Tunstall.<\/p>","protected":false},"excerpt":{"rendered":"<p>Secure your tickets!<\/p>","protected":false},"featured_media":56237,"template":"","meta":{"_acf_changed":false,"inline_featured_image":false},"product_brand":[],"product_cat":[31,69,86,35,347,6732,21,58],"product_tag":[941,942,943,944,966,6624,6623,947,948],"class_list":{"0":"post-56234","1":"product","2":"type-product","3":"status-publish","4":"has-post-thumbnail","6":"product_cat-events","7":"product_cat-konzert","8":"product_cat-leipzig","9":"product_cat-orte","10":"product_cat-parkbuehne-leipzig","11":"product_cat-rock-hard-rock","12":"product_cat-ticket","13":"product_cat-veranstaltung","14":"product_tag-events","15":"product_tag-konzert","16":"product_tag-leipzig","17":"product_tag-orte","18":"product_tag-parkbuehne-leipzig","19":"product_tag-rockinon-tour-2026","20":"product_tag-suzi-quatro","21":"product_tag-ticket","22":"product_tag-veranstaltung","23":"product_shipping_class-nur_paketversand","24":"pa_discount-inklusive-begleitperson","25":"pa_discount-kind","26":"pa_discount-normalpreis","27":"pa_preiskategorie-rollstuhlfahrer","28":"pa_preiskategorie-stehplatz","30":"first","31":"instock","32":"taxable","33":"shipping-taxable","34":"purchasable","35":"product-type-variable"},"group_of_quantity":0,"min_quantity":0,"max_quantity":"","exclude_order_quantity_value_rules":"no","exclude_category_quantity_rules":"no","combine_variations":"no","acf":[],"_links":{"self":[{"href":"https:\/\/arena-ticket.com\/en\/wp-json\/wp\/v2\/product\/56234","targetHints":{"allow":["GET"]}}],"collection":[{"href":"https:\/\/arena-ticket.com\/en\/wp-json\/wp\/v2\/product"}],"about":[{"href":"https:\/\/arena-ticket.com\/en\/wp-json\/wp\/v2\/types\/product"}],"wp:featuredmedia":[{"embeddable":true,"href":"https:\/\/arena-ticket.com\/en\/wp-json\/wp\/v2\/media\/56237"}],"wp:attachment":[{"href":"https:\/\/arena-ticket.com\/en\/wp-json\/wp\/v2\/media?parent=56234"}],"wp:term":[{"taxonomy":"product_brand","embeddable":true,"href":"https:\/\/arena-ticket.com\/en\/wp-json\/wp\/v2\/product_brand?post=56234"},{"taxonomy":"product_cat","embeddable":true,"href":"https:\/\/arena-ticket.com\/en\/wp-json\/wp\/v2\/product_cat?post=56234"},{"taxonomy":"product_tag","embeddable":true,"href":"https:\/\/arena-ticket.com\/en\/wp-json\/wp\/v2\/product_tag?post=56234"}],"curies":[{"name":"wp","href":"https:\/\/api.w.org\/{rel}","templated":true}]}}