{"id":56256,"date":"2025-11-27T15:47:50","date_gmt":"2025-11-27T14:47:50","guid":{"rendered":"https:\/\/arena-ticket.com\/?p=56256&#038;post_type=product&#038;preview_id=56256"},"modified":"2025-11-27T16:01:25","modified_gmt":"2025-11-27T15:01:25","slug":"samy-deluxe-mikis-takeover-ensemble-konzertsaal-kulturpalast-dresden-21-02-2026-2000-uhr","status":"publish","type":"product","link":"https:\/\/arena-ticket.com\/en\/product\/samy-deluxe-mikis-takeover-ensemble-konzertsaal-kulturpalast-dresden-21-02-2026-2000-uhr\/","title":{"rendered":"Samy Deluxe & Mikis Takeover! Ensemble"},"content":{"rendered":"<p>Harmonie der Gegens\u00e4tze Zwei M\u00e4nner, die sich in keine Schublade packen lassen und in der vergangenen Saison deutschlandweit ausverkaufte S\u00e4le begeisterten, verl\u00e4ngern ihre gemeinsame Tour: Miki Kekenj \u2013 Geiger, Komponist und S\u00e4nger \u2013 bittet mit seinem kammermusikalischen Takeover! Ensemble den deutschen Rap-Pionier und Musikproduzenten Samy Deluxe auf die B\u00fchne. Gemeinsam pr\u00e4sentieren die Ausnahmek\u00fcnstler ein mitrei\u00dfendes Programm und lassen die Grenzen zwischen Rap und Klassik einst\u00fcrzen. Wo sonst Beats und Bass den Ton angeben, \u00fcbernehmen Violoncello und Cembalo \u2013 so finden zwei scheinbare Gegenpole in gr\u00f6\u00dfter Harmonie zusammen. MIKIs Takeover! Ensemble \u00fcbersetzt moderne Songs in eine klassische Tonsprache und schuf bereits feine, fantasievolle Arrangements f\u00fcr die Musik von Joy Denalane, Max Herre oder Stefanie Heinzmann. Es ist ein Fest, wie die Songs des Rappers Samy Deluxe aus seinen beiden Hochkultur-Alben in den klassischen Takeover-Arrangements klingen. Klassische Musiksprache vereint mit Hip-Hop ist ein Hauptgewinn f\u00fcr beide Seiten und eine nachhaltige Erkenntnis zum Thema Hochkultur!<\/p>","protected":false},"excerpt":{"rendered":"<p>Jetzt Tickets \u00a0f\u00fcr den Abend im Dresdener Kulturpalast sichern!<\/p>","protected":false},"featured_media":56262,"template":"","meta":{"_acf_changed":false,"inline_featured_image":false},"product_brand":[],"product_cat":[87,31,345,936,6737,69,428,86,35,21,58],"product_tag":[940,941,957,942,3423,3435,944,4848,958,947,948],"class_list":{"0":"post-56256","1":"product","2":"type-product","3":"status-publish","4":"has-post-thumbnail","6":"product_cat-dresden","7":"product_cat-events","8":"product_cat-gewandhaus","9":"product_cat-grosser-saal","10":"product_cat-hip-hop-rnb","11":"product_cat-konzert","12":"product_cat-kulturpalalst","13":"product_cat-leipzig","14":"product_cat-orte","15":"product_cat-ticket","16":"product_cat-veranstaltung","17":"product_tag-dresden","18":"product_tag-events","19":"product_tag-grosser-saal","20":"product_tag-konzert","21":"product_tag-kulturpalalst","22":"product_tag-kulturpalast-dresden","23":"product_tag-orte","24":"product_tag-samy-deluxe-mikis-takeover-ensemble","25":"product_tag-show","26":"product_tag-ticket","27":"product_tag-veranstaltung","28":"product_shipping_class-nur_paketversand","29":"pa_discount-normalpreis","30":"pa_preiskategorie-pk-i","31":"pa_preiskategorie-pk-ii","32":"pa_preiskategorie-pk-iii","33":"pa_preiskategorie-pk-iv","34":"pa_preiskategorie-pk-v","36":"first","37":"instock","38":"taxable","39":"shipping-taxable","40":"purchasable","41":"product-type-variable"},"group_of_quantity":0,"min_quantity":0,"max_quantity":"","exclude_order_quantity_value_rules":"no","exclude_category_quantity_rules":"no","combine_variations":"no","acf":[],"_links":{"self":[{"href":"https:\/\/arena-ticket.com\/en\/wp-json\/wp\/v2\/product\/56256","targetHints":{"allow":["GET"]}}],"collection":[{"href":"https:\/\/arena-ticket.com\/en\/wp-json\/wp\/v2\/product"}],"about":[{"href":"https:\/\/arena-ticket.com\/en\/wp-json\/wp\/v2\/types\/product"}],"wp:featuredmedia":[{"embeddable":true,"href":"https:\/\/arena-ticket.com\/en\/wp-json\/wp\/v2\/media\/56262"}],"wp:attachment":[{"href":"https:\/\/arena-ticket.com\/en\/wp-json\/wp\/v2\/media?parent=56256"}],"wp:term":[{"taxonomy":"product_brand","embeddable":true,"href":"https:\/\/arena-ticket.com\/en\/wp-json\/wp\/v2\/product_brand?post=56256"},{"taxonomy":"product_cat","embeddable":true,"href":"https:\/\/arena-ticket.com\/en\/wp-json\/wp\/v2\/product_cat?post=56256"},{"taxonomy":"product_tag","embeddable":true,"href":"https:\/\/arena-ticket.com\/en\/wp-json\/wp\/v2\/product_tag?post=56256"}],"curies":[{"name":"wp","href":"https:\/\/api.w.org\/{rel}","templated":true}]}}