{"id":56263,"date":"2025-11-27T15:52:58","date_gmt":"2025-11-27T14:52:58","guid":{"rendered":"https:\/\/arena-ticket.com\/?p=56263&#038;post_type=product&#038;preview_id=56263"},"modified":"2026-02-28T14:05:05","modified_gmt":"2026-02-28T13:05:05","slug":"der-traumzauberbaum-und-rosenhufs-liebesbrille-open-air-leipzig-parkbuehne-13-09-2026-1500-uhr","status":"publish","type":"product","link":"https:\/\/arena-ticket.com\/en\/product\/der-traumzauberbaum-und-rosenhufs-liebesbrille-open-air-leipzig-parkbuehne-13-09-2026-1500-uhr\/","title":{"rendered":"Der Traumzauberbaum und Rosenhufs Liebesbrille  - Open Air"},"content":{"rendered":"<p>Ein Familienmusical von MONIKA EHRHARDT und REINHARD LAKOMY<\/p>\n<p>Moosmutzel und Waldwuffel, die beiden Waldgeister vom Traumzauberbaum, erleben am Morgen eine \u00dcberraschung, denn der Traumzauberbaum hat ein ganz besonderes Geschichtenlieder-Traumblatt wachsen lassen. Es ist die Geschichte von Rosenhuf, dem Hochzeitspferd und der rosaroten Liebesbrille.<br \/>\nRosenhuf will noch heute ein Brautpaar verhochzeiten, den Rockerkater Bielefeld und die Katzenprinzessin Odjessa. Eine Miezekatzenhochzeit! Und alle Kinder sind eingeladen. Voller Freude bereiten sich Moosmutzel und Waldwuffel auf das Hochzeitsfest vor. Mitten hinein platzt Agga Knack, die wilde Traumlaus.<br \/>\nMoosmutzel wei\u00df genau, Agga will doch nur wieder Traumbl\u00e4tter \u201ezappzerappzen\u201c und L\u00f6cher hineinfressen! Und obendrein will Agga auch noch, dass Waldwuffel sich in sie verliebt. Agga findet das Wuffelsch\u00e4tzchen ja sooo s\u00fc\u00df. Aber Waldwuffel liebt nur sein Moosmutzelchen, auch wenn er \u201eAggilein\u201c echt cool findet.<br \/>\nAgga Knack hat den Traumzauberbaum und seinen Freund Rosenhuf belauscht. Sie erf\u00e4hrt das Geheimnis der rosaroten Gl\u00fccksbrille. Dieser Brille wohnt ein Zauber inne. Wer diese Brille aufsetzt, sieht nur das Gute im anderen, ist hin und weg, total verknallt. Kater Bielefeld soll sie seiner Brautprinzessin auf die Nase setzen, damit sie ihn nicht kratzt.<br \/>\nAuf einmal ist die Brille verschwunden. Und Agga Knack sitzt mit Waldwuffel im Nest der Waldgeister!<br \/>\nWas ist denn hier los? Moosmutzel hat einen Verdacht. Der Traumzauberbaum ruft die Findefee Antonia. Wird sie herausfinden, was geschehen ist? Das Hochzeitsfest muss doch stattfinden!<\/p>\n<p>Zusammen mit Monika Ehrhardt entwickelte Reinhard Lakomy 1978 eine neue Gattung der Kinderunterhaltung \u2013 die Geschichtenlieder. Mit dieser bezaubernden Mischung aus H\u00f6rspiel, Rockballade und Kinderlied entstanden bis heute insgesamt f\u00fcnfzehn H\u00f6rspiel-Geschichten (u.a. \u201eDer Regentropfen Paule Platsch\u201c, \u201eDer Traumzauberbaum\u201c, \u201eDas Blaue Ypsilon\u201c). Diese pr\u00e4gten seit nunmehr \u00fcber 40 Jahren Generationen von Kindern und lie\u00dfen mit bisher 5 Millionen verkauften Tontr\u00e4gern den TRAUMZAUBERBAUM zu einer wahren Erfolgsgeschichte werden.<br \/>\nDie Geschichtenlieder wurden als interaktives Kindermitmachtheater inszeniert. Mit dem REINHARD LAKOMY-Ensemble werden die beliebten Erz\u00e4hlungen live erlebbar und sind seit Jahren in verschiedenen Shows auf den deutschsprachigen B\u00fchnen erfolgreich pr\u00e4sent.<\/p>","protected":false},"excerpt":{"rendered":"<p>Secure your tickets!<\/p>","protected":false},"featured_media":56266,"template":"","meta":{"_acf_changed":false,"inline_featured_image":false},"product_brand":[],"product_cat":[31,94,86,35,347,21,58],"product_tag":[3188,941,978,942,943,5618,944,966,947,948],"class_list":{"0":"post-56263","1":"product","2":"type-product","3":"status-publish","4":"has-post-thumbnail","6":"product_cat-events","7":"product_cat-kinder","8":"product_cat-leipzig","9":"product_cat-orte","10":"product_cat-parkbuehne-leipzig","11":"product_cat-ticket","12":"product_cat-veranstaltung","13":"product_tag-der-traumzauberbaum-und-rosenhufs-liebesbrille","14":"product_tag-events","15":"product_tag-kinder","16":"product_tag-konzert","17":"product_tag-leipzig","18":"product_tag-open-air","19":"product_tag-orte","20":"product_tag-parkbuehne-leipzig","21":"product_tag-ticket","22":"product_tag-veranstaltung","23":"product_shipping_class-nur_paketversand","24":"pa_discount-inklusive-begleitperson","25":"pa_discount-kind","26":"pa_discount-normalpreis","27":"pa_preiskategorie-freie-platzwahl","28":"pa_preiskategorie-rollstuhlfahrer","29":"pa_preiskategorie-stehplatz","31":"first","32":"instock","33":"taxable","34":"shipping-taxable","35":"purchasable","36":"product-type-variable"},"group_of_quantity":0,"min_quantity":0,"max_quantity":"","exclude_order_quantity_value_rules":"no","exclude_category_quantity_rules":"no","combine_variations":"no","acf":[],"_links":{"self":[{"href":"https:\/\/arena-ticket.com\/en\/wp-json\/wp\/v2\/product\/56263","targetHints":{"allow":["GET"]}}],"collection":[{"href":"https:\/\/arena-ticket.com\/en\/wp-json\/wp\/v2\/product"}],"about":[{"href":"https:\/\/arena-ticket.com\/en\/wp-json\/wp\/v2\/types\/product"}],"wp:featuredmedia":[{"embeddable":true,"href":"https:\/\/arena-ticket.com\/en\/wp-json\/wp\/v2\/media\/56266"}],"wp:attachment":[{"href":"https:\/\/arena-ticket.com\/en\/wp-json\/wp\/v2\/media?parent=56263"}],"wp:term":[{"taxonomy":"product_brand","embeddable":true,"href":"https:\/\/arena-ticket.com\/en\/wp-json\/wp\/v2\/product_brand?post=56263"},{"taxonomy":"product_cat","embeddable":true,"href":"https:\/\/arena-ticket.com\/en\/wp-json\/wp\/v2\/product_cat?post=56263"},{"taxonomy":"product_tag","embeddable":true,"href":"https:\/\/arena-ticket.com\/en\/wp-json\/wp\/v2\/product_tag?post=56263"}],"curies":[{"name":"wp","href":"https:\/\/api.w.org\/{rel}","templated":true}]}}