{"id":56278,"date":"2025-11-27T16:20:44","date_gmt":"2025-11-27T15:20:44","guid":{"rendered":"https:\/\/arena-ticket.com\/?p=56278&#038;post_type=product&#038;preview_id=56278"},"modified":"2026-02-26T14:34:39","modified_gmt":"2026-02-26T13:34:39","slug":"jan-weiler-das-beste-mein-leben-zwischen-pubertieren-leipzig-haus-leipzig-26-02-2026-1930-uhr","status":"publish","type":"product","link":"https:\/\/arena-ticket.com\/en\/product\/jan-weiler-das-beste-mein-leben-zwischen-pubertieren-leipzig-haus-leipzig-26-02-2026-1930-uhr\/","title":{"rendered":"Jan Weiler  - Das Beste! Mein Leben zwischen Pubertieren"},"content":{"rendered":"<p><em>ACHTUNG!<\/em><\/p>\n<p><em>DIE VERANSTALTUNG MUSS \u00d6RTLICH VERLEGT WERDEN:<\/em><\/p>\n<p><em>ALTE LOCATION: HAUS LEIPZIG<\/em><\/p>\n<p><em>NEUE LOCATION: BLAUER SALON \/ CENTRAL KABARETT LEIPZIG<\/em><\/p>\n<p><em>DIE ZEITEN BLEIBEN GLEICH.<\/em><\/p>\n<p><em>BEREITS GEKAUFTE TICKETS BEHALTEN IHRE G\u00dcLTIGKEIT!!<\/em><\/p>\n<div class=\"col-lg-5\">\n<div class=\"pressebox\">\n<p>&nbsp;<\/p>\n<p>&nbsp;<\/p>\n<p>&nbsp;<\/p>\n<p>Mein Leben zwischen Pubertieren<\/p>\n<p>Bei der gro\u00dfen Pubertier-Gesamtschau spannt Jan Weiler einen weiten Bogen von der Begegnung mit dem unheimlichen Urzeitkrebs Holger \u00fcber die ersten Warnzeichen der Pubert\u00e4t seiner Kinder und ihren glanzvollen H\u00f6hepunkten zwischen Partys, Pickeln und Popkonzerten bis zum Auszug der Pubertiere aus dem heimischen Nest sowie der bangen Frage: Und was nu?<\/p>\n<p>In den besten Texten der Pubertier-\u00c4ra gibt es nat\u00fcrlich auch ein Wiedersehen mit Ulrich Dattelmann, Besuche im Pubertier-Labor \u2013 und nat\u00fcrlich ganz neue St\u00fccke.<\/p>\n<p>\u201eEin gro\u00dfartiger Schreiber\u201c (Hamburger Abendblatt) \u201eJan Weiler spielt gewitzt mit Sprach\u2013 und Nationenstereotypen\u201c (DER SPIEGEL) \u201eJan Weiler lesen macht einfach Spa\u00df.\u201c (Brigitte)<\/p>\n<p>Jan Weiler wurde 1967 in D\u00fcsseldorf geboren. Er arbeitete zun\u00e4chst als Texter in der Werbung und besuchte dann die Deutsche Journalistenschule in M\u00fcnchen. Anschlie\u00dfend arbeitete er von 1994 bis 2005 als Redakteur, Autor und schlie\u00dflich Chefredakteur beim S\u00fcddeutsche Zeitung Magazin.<\/p>\n<p>2003 entstand aus einer Kurzgeschichte im SZ-Magazin sein erster Roman \u201eMaria, ihm schmeckt\u2019s nicht.\u201c Das Buch gilt als das erfolgreichste deutsche Romandeb\u00fct der letzten zwanzig Jahre, die Verfilmung lief 2009 erfolgreich in den Kinos. 2005 folgte die Fortsetzung \u201eAntonio im Wunderland.\u201c<\/p>\n<p>Seine B\u00fccher gibt es komischerweise nicht auf italienisch, wohl aber auf koreanisch.<\/p>\n<\/div>\n<\/div>\n<p>&nbsp;<\/p>","protected":false},"excerpt":{"rendered":"<p>Jetzt Tickets f\u00fcr diesen Abend sichern!<\/p>","protected":false},"featured_media":56276,"template":"","meta":{"_acf_changed":false,"inline_featured_image":false},"product_brand":[],"product_cat":[379,31,922,86,6764,35,21,58],"product_tag":[965,6629,941,955,6628,951,943,1691,944,947,948],"class_list":{"0":"post-56278","1":"product","2":"type-product","3":"status-publish","4":"has-post-thumbnail","6":"product_cat-central-kabarett","7":"product_cat-events","8":"product_cat-kultur","9":"product_cat-leipzig","10":"product_cat-lesung","11":"product_cat-orte","12":"product_cat-ticket","13":"product_cat-veranstaltung","14":"product_tag-central-kabarett","15":"product_tag-das-beste-mein-leben-zwischen-pubertieren","16":"product_tag-events","17":"product_tag-haus-leipzig","18":"product_tag-jan-weiler","19":"product_tag-kultur","20":"product_tag-leipzig","21":"product_tag-lesung","22":"product_tag-orte","23":"product_tag-ticket","24":"product_tag-veranstaltung","25":"product_shipping_class-nur_paketversand","26":"pa_discount-normalpreis","27":"pa_preiskategorie-freie-platzwahl","29":"first","30":"instock","31":"taxable","32":"shipping-taxable","33":"purchasable","34":"product-type-variable"},"group_of_quantity":0,"min_quantity":0,"max_quantity":"","exclude_order_quantity_value_rules":"no","exclude_category_quantity_rules":"no","combine_variations":"no","acf":[],"_links":{"self":[{"href":"https:\/\/arena-ticket.com\/en\/wp-json\/wp\/v2\/product\/56278","targetHints":{"allow":["GET"]}}],"collection":[{"href":"https:\/\/arena-ticket.com\/en\/wp-json\/wp\/v2\/product"}],"about":[{"href":"https:\/\/arena-ticket.com\/en\/wp-json\/wp\/v2\/types\/product"}],"wp:featuredmedia":[{"embeddable":true,"href":"https:\/\/arena-ticket.com\/en\/wp-json\/wp\/v2\/media\/56276"}],"wp:attachment":[{"href":"https:\/\/arena-ticket.com\/en\/wp-json\/wp\/v2\/media?parent=56278"}],"wp:term":[{"taxonomy":"product_brand","embeddable":true,"href":"https:\/\/arena-ticket.com\/en\/wp-json\/wp\/v2\/product_brand?post=56278"},{"taxonomy":"product_cat","embeddable":true,"href":"https:\/\/arena-ticket.com\/en\/wp-json\/wp\/v2\/product_cat?post=56278"},{"taxonomy":"product_tag","embeddable":true,"href":"https:\/\/arena-ticket.com\/en\/wp-json\/wp\/v2\/product_tag?post=56278"}],"curies":[{"name":"wp","href":"https:\/\/api.w.org\/{rel}","templated":true}]}}