{"id":56308,"date":"2025-11-28T09:32:41","date_gmt":"2025-11-28T08:32:41","guid":{"rendered":"https:\/\/arena-ticket.com\/?p=56308&#038;post_type=product&#038;preview_id=56308"},"modified":"2025-11-28T09:44:54","modified_gmt":"2025-11-28T08:44:54","slug":"queen-classical-mit-der-band-merqury-orchester-chor-grosser-saal-leipzig-10-04-2027-2000-uhr","status":"publish","type":"product","link":"https:\/\/arena-ticket.com\/en\/product\/queen-classical-mit-der-band-merqury-orchester-chor-grosser-saal-leipzig-10-04-2027-2000-uhr\/","title":{"rendered":"Queen Classical - with the band MerQury, orchestra &amp; choir"},"content":{"rendered":"<div>Freddie Mercury war einer der charismatischsten S\u00e4nger in der Geschichte der Rockmusik. Mit seiner Band Queen und seinen Soloprojekten bewegte er sich souver\u00e4n zwischen allen Stilen. MerQury, als weltweit etablierte Queen-Tribute Band, widmet sich seinem musikalischen Verm\u00e4chtnis auf besondere Weise: Gro\u00dfartige Werke aus dem Repertoire von Queen werden mit den Klassik-Adaptionen des Barcelona-Album zu einem au\u00dfergew\u00f6hnlichen sinfonischen Erlebnis verwoben.<\/div>\n<div><\/div>\n<div>In der Show trifft die Rockband mit einem gro\u00dfen Orchester, Chor und Sopranistin zusammen und verschmilzt die besten Elemente von Klassik und Rock&amp;Roll zu einem einzigartigen neuen Sound. Peter Freestone, pers\u00f6nlicher Berater und guter Freund von Freddie Mercury, sprach als Ehrengast der Premiere dem Werk seine volle Begeisterung aus.<\/div>","protected":false},"excerpt":{"rendered":"<p>Secure your tickets!<\/p>\n<p>&nbsp;<\/p>","protected":false},"featured_media":56314,"template":"","meta":{"_acf_changed":false,"inline_featured_image":false},"product_brand":[],"product_cat":[31,345,936,69,86,35,6732,21,58],"product_tag":[941,956,2832,957,942,943,4031,4030,4032,944,4029,947,948],"class_list":{"0":"post-56308","1":"product","2":"type-product","3":"status-publish","4":"has-post-thumbnail","6":"product_cat-events","7":"product_cat-gewandhaus","8":"product_cat-grosser-saal","9":"product_cat-konzert","10":"product_cat-leipzig","11":"product_cat-orte","12":"product_cat-rock-hard-rock","13":"product_cat-ticket","14":"product_cat-veranstaltung","15":"product_tag-events","16":"product_tag-gewandhaus","17":"product_tag-gewandhaus-grosser-saal","18":"product_tag-grosser-saal","19":"product_tag-konzert","20":"product_tag-leipzig","21":"product_tag-mit-der-band-merqury","22":"product_tag-mit-der-band-merqury-orchester-chor","23":"product_tag-orchester-chor","24":"product_tag-orte","25":"product_tag-queen-classical","26":"product_tag-ticket","27":"product_tag-veranstaltung","28":"product_shipping_class-nur_paketversand","29":"pa_discount-ermaessigt","30":"pa_discount-normalpreis","31":"pa_preiskategorie-pk-i","32":"pa_preiskategorie-pk-ii","33":"pa_preiskategorie-pk-iii","35":"first","36":"instock","37":"taxable","38":"shipping-taxable","39":"purchasable","40":"product-type-variable"},"group_of_quantity":0,"min_quantity":0,"max_quantity":"","exclude_order_quantity_value_rules":"no","exclude_category_quantity_rules":"no","combine_variations":"no","acf":[],"_links":{"self":[{"href":"https:\/\/arena-ticket.com\/en\/wp-json\/wp\/v2\/product\/56308","targetHints":{"allow":["GET"]}}],"collection":[{"href":"https:\/\/arena-ticket.com\/en\/wp-json\/wp\/v2\/product"}],"about":[{"href":"https:\/\/arena-ticket.com\/en\/wp-json\/wp\/v2\/types\/product"}],"wp:featuredmedia":[{"embeddable":true,"href":"https:\/\/arena-ticket.com\/en\/wp-json\/wp\/v2\/media\/56314"}],"wp:attachment":[{"href":"https:\/\/arena-ticket.com\/en\/wp-json\/wp\/v2\/media?parent=56308"}],"wp:term":[{"taxonomy":"product_brand","embeddable":true,"href":"https:\/\/arena-ticket.com\/en\/wp-json\/wp\/v2\/product_brand?post=56308"},{"taxonomy":"product_cat","embeddable":true,"href":"https:\/\/arena-ticket.com\/en\/wp-json\/wp\/v2\/product_cat?post=56308"},{"taxonomy":"product_tag","embeddable":true,"href":"https:\/\/arena-ticket.com\/en\/wp-json\/wp\/v2\/product_tag?post=56308"}],"curies":[{"name":"wp","href":"https:\/\/api.w.org\/{rel}","templated":true}]}}