{"id":57587,"date":"2025-11-30T07:05:43","date_gmt":"2025-11-30T06:05:43","guid":{"rendered":"https:\/\/arena-ticket.com\/?p=57587&#038;post_type=product&#038;preview_id=57587"},"modified":"2026-04-16T11:51:00","modified_gmt":"2026-04-16T09:51:00","slug":"boehse-onkelz-mitten-unter-euch-tour-2026-red-bull-arena-12-06-2026-1900-uhr","status":"publish","type":"product","link":"https:\/\/arena-ticket.com\/en\/product\/boehse-onkelz-mitten-unter-euch-tour-2026-red-bull-arena-12-06-2026-1900-uhr\/","title":{"rendered":"B\u00f6hse Onkelz - Mitten Unter Euch - Tour 2026 - Zusatzshow"},"content":{"rendered":"<p><em><strong>Die erste Onkelz-Show war direkt ausverkauft - deswegen gibt es noch ein Zusatzkonzert am 12.06.2026.<\/strong><\/em><\/p>\n<p>&nbsp;<\/p>\n<p>Friends,<br \/>\nnephews and nieces,<br \/>\nw\u00e4hrend morgen in Leipzig unsere Hallen-Tour 2025 startet, blicken wir schon weiter nach vorn. Und weil nach der Tour bekanntlich vor der n\u00e4chsten Tour ist, wird es Zeit f\u00fcr die n\u00e4chste gro\u00dfe Nachricht: Die Daten f\u00fcr 2026 stehen fest.<br \/>\n2026 wird etwas, das wir selbst kaum in Worte fassen k\u00f6nnen. Zum ersten Mal in \u00fcber vier Jahrzehnten Onkelz spielen wir eine 360-Grad-Center Stage mitten im Stadion, mitten unter euch.<br \/>\nDiese B\u00fchne ist mehr als nur ein Aufbau: Sie ist ein Statement. Nah an euch dran, gro\u00df gedacht, technisch und visuell auf einem Level, das viele Stadien so noch nicht gesehen haben.<br \/>\nWir schreiben damit zusammen ein neues Kapitel Onkelz-Geschichte, und wir wissen jetzt schon, dass das unvergessliche Abende werden.<br \/>\nWe can&#039;t wait to make history with you in 2026.<br \/>\nYour Onkelz<\/p>\n<p><strong>Pro Person und Termin k\u00f6nnen maximal 4 Karten erworben werden. Die Tickets werden k\u00e4uferpersonalisiert verkauft<\/strong><strong>. Der K\u00e4ufer muss auch einer der Ticketnutzer zum Konzert sein!<\/strong><\/p>","protected":false},"excerpt":{"rendered":"<p>Die B\u00f6hsen Onkelz kommen 2026 f\u00fcr ein Zusatzkonzert in die Red Bull Arena nach Leipzig!<\/p>\n<p>&nbsp;<\/p>","protected":false},"featured_media":60282,"template":"","meta":{"_acf_changed":false,"inline_featured_image":false},"product_brand":[],"product_cat":[36,86,31,69,35,6732,21,58],"product_tag":[6586,6639,6635,6637,941,4197,942,943,6636,6638,944,970,6804,947,948],"class_list":{"0":"post-57587","1":"product","2":"type-product","3":"status-publish","4":"has-post-thumbnail","6":"product_cat-red-bull-arena","7":"product_cat-leipzig","8":"product_cat-events","9":"product_cat-konzert","10":"product_cat-orte","11":"product_cat-rock-hard-rock","12":"product_cat-ticket","13":"product_cat-veranstaltung","14":"product_tag-boehse-onkelz","15":"product_tag-boese-onkelz","16":"product_tag-ebene-6","17":"product_tag-ebene-8","18":"product_tag-events","19":"product_tag-hospitality","20":"product_tag-konzert","21":"product_tag-leipzig","22":"product_tag-logenblick","23":"product_tag-mitten-unter-euch-tour-2026-zusatzshow","24":"product_tag-orte","25":"product_tag-red-bull-arena","26":"product_tag-rock-hard-rock","27":"product_tag-ticket","28":"product_tag-veranstaltung","29":"product_shipping_class-nur_paketversand","30":"pa_discount-ebene-neun","31":"pa_discount-vollzahler","32":"pa_discount-vip-sitzplatz","33":"pa_discount-normalpreis","34":"pa_discount-inklusive-begleitperson","35":"pa_preiskategorie-sektor-b-stehplatz","36":"pa_preiskategorie-vip-spezial","37":"pa_preiskategorie-vip-arrangement-ebene-8","38":"pa_preiskategorie-front-of-stage-stehplatz","39":"pa_preiskategorie-pk-i","40":"pa_preiskategorie-pk-ii","41":"pa_preiskategorie-pk-iii","42":"pa_preiskategorie-pk-iv","43":"pa_preiskategorie-pk-v","44":"pa_preiskategorie-innenraum-stehplatz","45":"pa_preiskategorie-rollstuhlfahrer","46":"pa_preiskategorie-vip-arrangement-logenblick-ebene-6","48":"first","49":"instock","50":"taxable","51":"shipping-taxable","52":"purchasable","53":"product-type-variable"},"group_of_quantity":0,"min_quantity":0,"max_quantity":4,"exclude_order_quantity_value_rules":"no","exclude_category_quantity_rules":"no","combine_variations":"no","acf":[],"_links":{"self":[{"href":"https:\/\/arena-ticket.com\/en\/wp-json\/wp\/v2\/product\/57587","targetHints":{"allow":["GET"]}}],"collection":[{"href":"https:\/\/arena-ticket.com\/en\/wp-json\/wp\/v2\/product"}],"about":[{"href":"https:\/\/arena-ticket.com\/en\/wp-json\/wp\/v2\/types\/product"}],"wp:featuredmedia":[{"embeddable":true,"href":"https:\/\/arena-ticket.com\/en\/wp-json\/wp\/v2\/media\/60282"}],"wp:attachment":[{"href":"https:\/\/arena-ticket.com\/en\/wp-json\/wp\/v2\/media?parent=57587"}],"wp:term":[{"taxonomy":"product_brand","embeddable":true,"href":"https:\/\/arena-ticket.com\/en\/wp-json\/wp\/v2\/product_brand?post=57587"},{"taxonomy":"product_cat","embeddable":true,"href":"https:\/\/arena-ticket.com\/en\/wp-json\/wp\/v2\/product_cat?post=57587"},{"taxonomy":"product_tag","embeddable":true,"href":"https:\/\/arena-ticket.com\/en\/wp-json\/wp\/v2\/product_tag?post=57587"}],"curies":[{"name":"wp","href":"https:\/\/api.w.org\/{rel}","templated":true}]}}