{"id":59083,"date":"2025-12-05T09:30:27","date_gmt":"2025-12-05T08:30:27","guid":{"rendered":"https:\/\/arena-ticket.com\/?p=59083&#038;post_type=product&#038;preview_id=59083"},"modified":"2026-05-03T16:15:43","modified_gmt":"2026-05-03T14:15:43","slug":"calum-scott-quarterback-immobilien-arena-leipzig-03-06-2026-20-00-uhr","status":"publish","type":"product","link":"https:\/\/arena-ticket.com\/en\/product\/calum-scott-quarterback-immobilien-arena-leipzig-03-06-2026-20-00-uhr\/","title":{"rendered":"Calum Scott - The Avenoir Tour"},"content":{"rendered":"<p>Im Juni 2026 f\u00fchrt Calum Scott seine bewegende \u201eThe Avenoir Tour\u201c fort und macht Halt in Leipzig. Damit schlie\u00dft er an die erfolgreichen Konzerte im Herbst 2025 an. Im Rahmen dessen konnte er die Zuschauer*innen in Deutschland bereits mit seiner authentischen B\u00fchnenpr\u00e4senz und den nahbaren Songs in seinen Bann ziehen. Im Gep\u00e4ck hat der Brite sein im Oktober erschienenes Album \u201eAvenoir\u201c \u2013 ein Werk voller Gef\u00fchl, Tiefe und musikalischer Weiterentwicklung. Nach weltweiten Erfolgen, ausverkauften Shows und seiner aktuellen Teilnahme als Comeback-Coach bei The Voice of Germany bringt Calum Scott seine Musik erneut dorthin, wo sie am st\u00e4rksten wirkt \u2013 auf die B\u00fchne.<\/p>\n<p>Mit seiner unverwechselbaren Stimme, die Schmerz, Hoffnung und Liebe in jeder Nuance sp\u00fcrbar macht und seinem authentischen Songwriting trifft er weltweit den Nerv seines Publikums. Seit dem Durchbruch mit der bewegenden Interpretation von Robyns \u201eDancing On My Own\u201c, die ihm eine BRIT-Award-Nominierung einbrachte, hat er sich als Stimme einer Generation etabliert. Seither begeistert er mit emotional aufgeladenen Songs wie \u201eYou Are The Reason\u201c, \u201eBiblical\u201c oder \u201eRise\u201c, der vom Rolling Stone als einer der \u201e50 inspirierendsten LGBTQ-Songs aller Zeiten\u201c ausgezeichnet wurde.<\/p>\n<p>\u201eAvenoir\u201c er\u00f6ffnet f\u00fcr Calum ein neues Kapitel. Das Album nimmt Bezug auf den gleichnamigen Begriff aus The Dictionary of Obscure Sorrows, der das Verlangen beschreibt, Erinnerungen r\u00fcckw\u00e4rts erleben zu k\u00f6nnen. Diese Sehnsucht durchzieht das gesamte Werk \u2013 voller R\u00fcckblicke, Reue, aber auch Hoffnung und Liebe. Besonders wegweisend zeigt sich dabei der Albumsong \u201eGod Knows\u201c: musikalisch kraftvoller, aber emotional genauso verletzlich wie eh und je. Produziert von Jon \u201eMAGS\u201d Maguire und The Nocturns, entstand der Track in den legend\u00e4ren Real World Studios von Peter Gabriel.<\/p>\n<p>Calum Scotts Musik begleitet Menschen durch H\u00f6hen und Tiefen \u2013 von Hochzeiten \u00fcber Abschiede bis hin zu Momenten der Selbstfindung. Wer ihn live erlebt, sp\u00fcrt schnell, dass seine Konzerte mehr sind als Musik: Sie garantieren bewegende Erlebnisse, getragen von einer einzigartigen Stimme und ehrlichen Texten. Das Versprechen l\u00f6st er mit der \u201eThe Avenoir Tour\u201c sp\u00fcrbar ein.<\/p>\n<p>(c) Tom Cockram<\/p>","protected":false},"excerpt":{"rendered":"<p>Im Juni 2026 f\u00fchrt Calum Scott seine bewegende \u201eThe Avenoir Tour\u201c fort und macht Halt in der QUARTERBACK Immobilien ARENA.<\/p>","protected":false},"featured_media":59098,"template":"","meta":{"_acf_changed":false,"inline_featured_image":false},"product_brand":[],"product_cat":[31,69,86,35,6733,37,21,22,58],"product_tag":[6644,6640,6643,941,942,943,944,2506,945,6641,947,973,948],"class_list":{"0":"post-59083","1":"product","2":"type-product","3":"status-publish","4":"has-post-thumbnail","6":"product_cat-events","7":"product_cat-konzert","8":"product_cat-leipzig","9":"product_cat-orte","10":"product_cat-pop","11":"product_cat-quarterback-immobilien-arena","12":"product_cat-ticket","13":"product_cat-ticketupgrades-zusatzleistungen","14":"product_cat-veranstaltung","15":"product_tag-calum-scot","16":"product_tag-calum-scott","17":"product_tag-cullum-scott","18":"product_tag-events","19":"product_tag-konzert","20":"product_tag-leipzig","21":"product_tag-orte","22":"product_tag-pop","23":"product_tag-quarterback-immobilien-arena","24":"product_tag-the-avenoir-tour","25":"product_tag-ticket","26":"product_tag-ticketupgrades-zusatzleistungen","27":"product_tag-veranstaltung","28":"product_shipping_class-abholung_paketversand","29":"pa_discount-inklusive-begleitperson","30":"pa_discount-normalpreis","31":"pa_preiskategorie-ggv-up","32":"pa_preiskategorie-livezig-up","33":"pa_preiskategorie-pgv-up","34":"pa_preiskategorie-pk-i","35":"pa_preiskategorie-pk-ii","36":"pa_preiskategorie-pk-iii","37":"pa_preiskategorie-pk-iv","38":"pa_preiskategorie-pk-v","39":"pa_preiskategorie-rollstuhlfahrer","40":"pa_preiskategorie-vip-package-backstage-club","41":"pa_preiskategorie-vipu-up","43":"first","44":"instock","45":"taxable","46":"shipping-taxable","47":"purchasable","48":"product-type-variable"},"group_of_quantity":0,"min_quantity":0,"max_quantity":"","exclude_order_quantity_value_rules":"no","exclude_category_quantity_rules":"no","combine_variations":"no","acf":[],"_links":{"self":[{"href":"https:\/\/arena-ticket.com\/en\/wp-json\/wp\/v2\/product\/59083","targetHints":{"allow":["GET"]}}],"collection":[{"href":"https:\/\/arena-ticket.com\/en\/wp-json\/wp\/v2\/product"}],"about":[{"href":"https:\/\/arena-ticket.com\/en\/wp-json\/wp\/v2\/types\/product"}],"wp:featuredmedia":[{"embeddable":true,"href":"https:\/\/arena-ticket.com\/en\/wp-json\/wp\/v2\/media\/59098"}],"wp:attachment":[{"href":"https:\/\/arena-ticket.com\/en\/wp-json\/wp\/v2\/media?parent=59083"}],"wp:term":[{"taxonomy":"product_brand","embeddable":true,"href":"https:\/\/arena-ticket.com\/en\/wp-json\/wp\/v2\/product_brand?post=59083"},{"taxonomy":"product_cat","embeddable":true,"href":"https:\/\/arena-ticket.com\/en\/wp-json\/wp\/v2\/product_cat?post=59083"},{"taxonomy":"product_tag","embeddable":true,"href":"https:\/\/arena-ticket.com\/en\/wp-json\/wp\/v2\/product_tag?post=59083"}],"curies":[{"name":"wp","href":"https:\/\/api.w.org\/{rel}","templated":true}]}}