{"id":59284,"date":"2025-12-06T12:59:22","date_gmt":"2025-12-06T11:59:22","guid":{"rendered":"https:\/\/arena-ticket.com\/?p=59284&#038;post_type=product&#038;preview_id=59284"},"modified":"2026-04-23T14:33:40","modified_gmt":"2026-04-23T12:33:40","slug":"a-capella-showcase-kupfersaal-leipzig-08-05-2026-1700-uhr","status":"publish","type":"product","link":"https:\/\/arena-ticket.com\/en\/product\/a-capella-showcase-kupfersaal-leipzig-08-05-2026-1700-uhr\/","title":{"rendered":"Showcase und Preisverleihung - a cappella"},"content":{"rendered":"<p>Unverzichtbar geworden fu\u0308r den Kosmos des Festivals und des Wettbewerbs <strong>a cappella<\/strong> Leipzig ist in den letzten Jahren auch der a cappella Showcase \u2013 schlie\u00dflich teilen sich hier alle am jeweiligen Wettbewerb eines Jahrgangs teilnehmenden Nachwuchsgruppen noch einmal eine Bu\u0308hne fu\u0308r ein gemeinsames Konzert. Auf diese Weise erleben und zelebrieren diese sich noch einmal gegenseitig, setzen wohlm\u00f6glich ganz frischen Input aus Wettbewerb und Masterclass um und zeigen uns dabei das vielf\u00e4ltige Spektrum und Potential des aktuellen A-cappella-Nachwuchses. Zu guter Letzt setzen wir dem Wettbewerb zudem noch die Krone auf: Denn zum Abschluss des Showcase wird verku\u0308ndet, wen Jury und Publikum zu den Preistr\u00e4gern des Wettbewerbs 2026 geku\u0308rt haben.<br \/>\nEin Live-Erlebnis!<\/p>\n<p>* Erm\u00e4\u00dfigt sind Sch\u00fclerinnen\/Sch\u00fcler, Auszubildende, Erwerbslose, Bundesfreiwilligendienstleistende, Schwerbehinderte, Inhaber des Leipzig Pass gegen Vorlage des pers\u00f6nlichen Ausweises.<\/p>","protected":false},"excerpt":{"rendered":"<p>Sichern Sie sich Ihre Tickets f\u00fcr dieses Konzert von A Cappella Showcase im Rahmen des 26. Internationalen Festivals f\u00fcr Vokalmusik \u00bba cappella\u00ab Leipzig.<\/p>","protected":false},"featured_media":59290,"template":"","meta":{"_acf_changed":false,"inline_featured_image":false},"product_brand":[],"product_cat":[31,6741,69,430,86,35,21,15,58],"product_tag":[2454,6647,941,955,2504,942,968,943,944,2441,6796,947,976,948],"class_list":{"0":"post-59284","1":"product","2":"type-product","3":"status-publish","4":"has-post-thumbnail","6":"product_cat-events","7":"product_cat-klassik","8":"product_cat-konzert","9":"product_cat-kupfersaal","10":"product_cat-leipzig","11":"product_cat-orte","12":"product_cat-ticket","13":"product_cat-unkategorisiert","14":"product_cat-veranstaltung","15":"product_tag-a-capella","16":"product_tag-a-cappella","17":"product_tag-events","18":"product_tag-haus-leipzig","19":"product_tag-klassik","20":"product_tag-konzert","21":"product_tag-kupfersaal","22":"product_tag-leipzig","23":"product_tag-orte","24":"product_tag-showcase","25":"product_tag-showcase-und-preisverleihung","26":"product_tag-ticket","27":"product_tag-unkategorisiert","28":"product_tag-veranstaltung","29":"product_shipping_class-nur_paketversand","30":"pa_discount-begleitperson-schwerbeschaedigte","31":"pa_discount-ermaessigt","32":"pa_discount-kind","33":"pa_discount-normalpreis","34":"pa_discount-rentner","35":"pa_discount-schwerbeschaedigt","36":"pa_preiskategorie-pk-i","37":"pa_preiskategorie-pk-ii","39":"first","40":"instock","41":"taxable","42":"shipping-taxable","43":"purchasable","44":"product-type-variable"},"group_of_quantity":0,"min_quantity":0,"max_quantity":"","exclude_order_quantity_value_rules":"no","exclude_category_quantity_rules":"no","combine_variations":"no","acf":[],"_links":{"self":[{"href":"https:\/\/arena-ticket.com\/en\/wp-json\/wp\/v2\/product\/59284","targetHints":{"allow":["GET"]}}],"collection":[{"href":"https:\/\/arena-ticket.com\/en\/wp-json\/wp\/v2\/product"}],"about":[{"href":"https:\/\/arena-ticket.com\/en\/wp-json\/wp\/v2\/types\/product"}],"wp:featuredmedia":[{"embeddable":true,"href":"https:\/\/arena-ticket.com\/en\/wp-json\/wp\/v2\/media\/59290"}],"wp:attachment":[{"href":"https:\/\/arena-ticket.com\/en\/wp-json\/wp\/v2\/media?parent=59284"}],"wp:term":[{"taxonomy":"product_brand","embeddable":true,"href":"https:\/\/arena-ticket.com\/en\/wp-json\/wp\/v2\/product_brand?post=59284"},{"taxonomy":"product_cat","embeddable":true,"href":"https:\/\/arena-ticket.com\/en\/wp-json\/wp\/v2\/product_cat?post=59284"},{"taxonomy":"product_tag","embeddable":true,"href":"https:\/\/arena-ticket.com\/en\/wp-json\/wp\/v2\/product_tag?post=59284"}],"curies":[{"name":"wp","href":"https:\/\/api.w.org\/{rel}","templated":true}]}}