{"id":59296,"date":"2025-12-06T13:20:05","date_gmt":"2025-12-06T12:20:05","guid":{"rendered":"https:\/\/arena-ticket.com\/?p=59296&#038;post_type=product&#038;preview_id=59296"},"modified":"2026-03-28T14:16:06","modified_gmt":"2026-03-28T13:16:06","slug":"festival-fuer-vokalmusik-a-capella-new-york-voices-kupfersaal-leipzig-08-05-2026-2000-uhr","status":"publish","type":"product","link":"https:\/\/arena-ticket.com\/en\/product\/festival-fuer-vokalmusik-a-capella-new-york-voices-kupfersaal-leipzig-08-05-2026-2000-uhr\/","title":{"rendered":"Reminiscing in Tempo  - New York Voices (USA) - a cappella"},"content":{"rendered":"<p>Mitte der 80er Jahre in (natu\u0308rlich) New York ins Leben gerufen, sind die New York Voices absolute Vocal Jazz-Legenden. Live und auf Platte brillierten sie mit Big Bands ebenso wie \u00bbsolo\u00ab, also pur vokal, und haben Standards fu\u0308r die Szene gesetzt. Nach nunmehr 38 Jahren Ensemblegeschichte wird das Quartett nun aufh\u00f6ren \u2013 aber vorher glu\u0308cklicherweise noch (und endlich!) auf die <strong>a cappella<\/strong> Bu\u0308hne in Leipzig steigen! Dabei werden sie sich aufs Beste pr\u00e4sentieren und noch einmal tief in den Jazz-Kanon und ihre Geschichte eintauchen. Und die <strong>a cappella<\/strong> Gemeinde darf sich so auf eine weitere ikonische Gruppe und ein Genrehighlight der Festivalgeschichte freuen. Dabei sein ist alles!<\/p>\n<p>&nbsp;<\/p>\n<p>* Erm\u00e4\u00dfigt sind Sch\u00fclerinnen\/Sch\u00fcler, Auszubildende, Erwerbslose, Bundesfreiwilligendienstleistende, Schwerbehinderte, Inhaber des Leipzig Pass gegen Vorlage des pers\u00f6nlichen Ausweises.<\/p>","protected":false},"excerpt":{"rendered":"<p>Sichern Sie sich Ihre Tickets f\u00fcr dieses Konzert von A Cappella New York Voices im Rahmen des 26. Internationalen Festivals f\u00fcr Vokalmusik \u00bba cappella\u00ab Leipzig.<\/p>","protected":false},"featured_media":59301,"template":"","meta":{"_acf_changed":false,"inline_featured_image":false},"product_brand":[],"product_cat":[31,6741,69,430,86,35,21,15,58],"product_tag":[2454,941,6648,4571,2504,942,968,943,6645,6798,944,6797,947,976,948],"class_list":{"0":"post-59296","1":"product","2":"type-product","3":"status-publish","4":"has-post-thumbnail","6":"product_cat-events","7":"product_cat-klassik","8":"product_cat-konzert","9":"product_cat-kupfersaal","10":"product_cat-leipzig","11":"product_cat-orte","12":"product_cat-ticket","13":"product_cat-unkategorisiert","14":"product_cat-veranstaltung","15":"product_tag-a-capella","16":"product_tag-events","17":"product_tag-festival-fuer-vokalmusik-a-cappella","18":"product_tag-festival-fuer-vokalmusik-a-capella","19":"product_tag-klassik","20":"product_tag-konzert","21":"product_tag-kupfersaal","22":"product_tag-leipzig","23":"product_tag-new-york-voices","24":"product_tag-new-york-voices-usa-a-cappella","25":"product_tag-orte","26":"product_tag-reminiscing-in-tempo","27":"product_tag-ticket","28":"product_tag-unkategorisiert","29":"product_tag-veranstaltung","30":"product_shipping_class-nur_paketversand","31":"pa_discount-begleitperson-schwerbeschaedigte","32":"pa_discount-ermaessigt","33":"pa_discount-kind","34":"pa_discount-normalpreis","35":"pa_discount-rentner","36":"pa_discount-schwerbeschaedigt","37":"pa_preiskategorie-pk-i","38":"pa_preiskategorie-pk-ii","40":"first","41":"instock","42":"taxable","43":"shipping-taxable","44":"purchasable","45":"product-type-variable"},"group_of_quantity":0,"min_quantity":0,"max_quantity":"","exclude_order_quantity_value_rules":"no","exclude_category_quantity_rules":"no","combine_variations":"no","acf":[],"_links":{"self":[{"href":"https:\/\/arena-ticket.com\/en\/wp-json\/wp\/v2\/product\/59296","targetHints":{"allow":["GET"]}}],"collection":[{"href":"https:\/\/arena-ticket.com\/en\/wp-json\/wp\/v2\/product"}],"about":[{"href":"https:\/\/arena-ticket.com\/en\/wp-json\/wp\/v2\/types\/product"}],"wp:featuredmedia":[{"embeddable":true,"href":"https:\/\/arena-ticket.com\/en\/wp-json\/wp\/v2\/media\/59301"}],"wp:attachment":[{"href":"https:\/\/arena-ticket.com\/en\/wp-json\/wp\/v2\/media?parent=59296"}],"wp:term":[{"taxonomy":"product_brand","embeddable":true,"href":"https:\/\/arena-ticket.com\/en\/wp-json\/wp\/v2\/product_brand?post=59296"},{"taxonomy":"product_cat","embeddable":true,"href":"https:\/\/arena-ticket.com\/en\/wp-json\/wp\/v2\/product_cat?post=59296"},{"taxonomy":"product_tag","embeddable":true,"href":"https:\/\/arena-ticket.com\/en\/wp-json\/wp\/v2\/product_tag?post=59296"}],"curies":[{"name":"wp","href":"https:\/\/api.w.org\/{rel}","templated":true}]}}