{"id":59718,"date":"2025-12-10T14:44:23","date_gmt":"2025-12-10T13:44:23","guid":{"rendered":"https:\/\/arena-ticket.com\/?p=59718&#038;post_type=product&#038;preview_id=59718"},"modified":"2026-04-29T17:19:26","modified_gmt":"2026-04-29T15:19:26","slug":"a-cappella-were-not-dead-yet-i-fagiolini-at-40-lutherkirche-leipzig-06-05-2026-2000-uhr","status":"publish","type":"product","link":"https:\/\/arena-ticket.com\/en\/product\/a-cappella-were-not-dead-yet-i-fagiolini-at-40-lutherkirche-leipzig-06-05-2026-2000-uhr\/","title":{"rendered":"We\u2019re not dead yet \u2013 I Fagiolini at 40  - Fagiolini (Gro\u00dfbritannien) - a cappella"},"content":{"rendered":"<p>Italienischer Name, englische Gruppe, grenzensprengende Vokalkunst: I Fagiolini, die \u00bbB\u00f6hnchen\u00ab, zeichnen sich durch hochklassigen Gesang ebenso aus wie durch viel Humor und au\u00dferordentliche Kreativit\u00e4t. Das Ensemble von Robert Hollingworth macht sich auf in seine bereits 40. Saison und hat neben dem \u00bbklassischen\u00ab Konzertgeschehen auch eine Vielzahl an genre- und spartenu\u0308bergreifenden Projekten realisiert, die u.a.mit Film, Tanz, Puppen oder Zirkus kokettieren und so die Vokalmusik von Renaissance und Barock immer wieder neu denken. Nach 2008 ist I Fagiolini zum zweiten Mal beim Festival und offeriert in seinem Jubil\u00e4umsjahr ein Programm pers\u00f6nlicher Repertoire-Lieblinge mit Prunkstu\u0308cken der europ\u00e4ischen Renaissance bis Monteverdi wie auch modernen und zeitgen\u00f6ssischen A-cappella-Kleinoden.<br \/>\nMehr als vielversprechend!<\/p>\n<p>&nbsp;<\/p>\n<p>* Erm\u00e4\u00dfigt sind Sch\u00fclerinnen\/Sch\u00fcler, Auszubildende, Erwerbslose, Bundesfreiwilligendienstleistende, Schwerbehinderte, Inhaber des Leipzig Pass gegen Vorlage des pers\u00f6nlichen Ausweises.<\/p>","protected":false},"excerpt":{"rendered":"<p>Sichern Sie sich Ihre Tickets f\u00fcr dieses Konzert im Rahmen des 26. Internationalen Festivals f\u00fcr Vokalmusik \u00bba cappella\u00ab Leipzig.<\/p>","protected":false},"featured_media":59723,"template":"","meta":{"_acf_changed":false,"inline_featured_image":false},"product_brand":[],"product_cat":[31,6741,69,86,435,35,21,15,58],"product_tag":[6647,941,6793,2504,942,943,6652,944,947,976,948,6651],"class_list":{"0":"post-59718","1":"product","2":"type-product","3":"status-publish","4":"has-post-thumbnail","6":"product_cat-events","7":"product_cat-klassik","8":"product_cat-konzert","9":"product_cat-leipzig","10":"product_cat-lutherkirche","11":"product_cat-orte","12":"product_cat-ticket","13":"product_cat-unkategorisiert","14":"product_cat-veranstaltung","15":"product_tag-a-cappella","16":"product_tag-events","17":"product_tag-fagiolini-grossbritannien-a-cappella","18":"product_tag-klassik","19":"product_tag-konzert","20":"product_tag-leipzig","21":"product_tag-lutherkirche","22":"product_tag-orte","23":"product_tag-ticket","24":"product_tag-unkategorisiert","25":"product_tag-veranstaltung","26":"product_tag-were-not-dead-yet-i-fagiolini-at-40","27":"product_shipping_class-nur_paketversand","28":"pa_discount-begleitperson-schwerbeschaedigte","29":"pa_discount-ermaessigt","30":"pa_discount-kind","31":"pa_discount-normalpreis","32":"pa_discount-rentner","33":"pa_discount-schwerbeschaedigt","34":"pa_preiskategorie-freie-platzwahl","35":"pa_preiskategorie-pk-i","36":"pa_preiskategorie-pk-ii","38":"first","39":"instock","40":"taxable","41":"shipping-taxable","42":"purchasable","43":"product-type-variable"},"group_of_quantity":0,"min_quantity":0,"max_quantity":"","exclude_order_quantity_value_rules":"no","exclude_category_quantity_rules":"no","combine_variations":"no","acf":[],"_links":{"self":[{"href":"https:\/\/arena-ticket.com\/en\/wp-json\/wp\/v2\/product\/59718","targetHints":{"allow":["GET"]}}],"collection":[{"href":"https:\/\/arena-ticket.com\/en\/wp-json\/wp\/v2\/product"}],"about":[{"href":"https:\/\/arena-ticket.com\/en\/wp-json\/wp\/v2\/types\/product"}],"wp:featuredmedia":[{"embeddable":true,"href":"https:\/\/arena-ticket.com\/en\/wp-json\/wp\/v2\/media\/59723"}],"wp:attachment":[{"href":"https:\/\/arena-ticket.com\/en\/wp-json\/wp\/v2\/media?parent=59718"}],"wp:term":[{"taxonomy":"product_brand","embeddable":true,"href":"https:\/\/arena-ticket.com\/en\/wp-json\/wp\/v2\/product_brand?post=59718"},{"taxonomy":"product_cat","embeddable":true,"href":"https:\/\/arena-ticket.com\/en\/wp-json\/wp\/v2\/product_cat?post=59718"},{"taxonomy":"product_tag","embeddable":true,"href":"https:\/\/arena-ticket.com\/en\/wp-json\/wp\/v2\/product_tag?post=59718"}],"curies":[{"name":"wp","href":"https:\/\/api.w.org\/{rel}","templated":true}]}}