{"id":59734,"date":"2025-12-10T15:06:09","date_gmt":"2025-12-10T14:06:09","guid":{"rendered":"https:\/\/arena-ticket.com\/?p=59734&#038;post_type=product&#038;preview_id=59734"},"modified":"2026-03-24T18:50:20","modified_gmt":"2026-03-24T17:50:20","slug":"ralf-schmitz-schmitzmaen-leipzig-quarterback-immobilien-arena-25-11-2027-2000-uhr","status":"publish","type":"product","link":"https:\/\/arena-ticket.com\/en\/product\/ralf-schmitz-schmitzmaen-leipzig-quarterback-immobilien-arena-25-11-2027-2000-uhr\/","title":{"rendered":"Ralf Schmitz - Schmitzm\u00e4n"},"content":{"rendered":"<p>Wir leben in einer Welt, in der die Toaster inzwischen smarter sind als wir, in der wir joggen gehen, um unsere Fitnessarmb\u00e4nder nicht zu entt\u00e4uschen, und in der wir zur KI netter sind als zu unseren Liebsten! Kurz: Ja, wir sind alle herrlich verr\u00fcckt geworden! Nur: Wie soll man daraus noch Comedy machen, wenn selbst die Realit\u00e4t schon absurder ist als jeder Witz?<br \/>\nUm diesen neuen Wahnsinn noch zu toppen, braucht es einen echten Superhelden. Und der kommt jetzt: Wenn sich der Vorhang hebt und der Spot auf ihn f\u00e4llt, wird aus Ralf Schmitz: SCHMITZM\u00c4N! Der letzte seiner Art.<br \/>\nEr rast \u00fcber die B\u00fchne mit der Geschwindigkeit von Flash. Seine Pointen schlagen ein wie der Hammer von Thor. Mit dem R\u00f6ntgenblick von Superman schaut er den Menschen in die Seele und wei\u00df sofort, was sie wollen \u2013 und er gibt ihnen genau das! Mit seiner ultimativen Superkraft:<br \/>\nSCHMITZM\u00c4N bringt Menschen zum Lachen!<br \/>\nUnd er wei\u00df: Mit gro\u00dfer Macht kommt auch gro\u00dfe Verantwortung. Darum macht er weiter, wo andere l\u00e4ngst kapituliert h\u00e4tten - Superhelden k\u00fcndigen nicht! Spielerisch kr\u00fcmmt er Raum und Zeit. Ein Abend mit SCHMITZM\u00c4N vergeht so rasend schnell, dass man sich hinterher nur fragt: \u201eWas war das? Ist das gerade wirklich passiert? Und warum bin ich so gl\u00fccklich, obwohl mein Bauch so wehtut?\u201c<br \/>\nDie Antwort: SCHMITZM\u00c4N ist passiert!<br \/>\nMit Tempo, Herz und vollem K\u00f6rpereinsatz nimmt er uns mit auf einen Parabelflug an die Grenze des Wahnsinns. Das Ergebnis: ein Abend voll echter Schwerelosigkeit - mit Ralf Schmitz auf nie dagewesener Flugh\u00f6he!<br \/>\nIn seinem neuen Programm geht er wieder genau dorthin, wo er am st\u00e4rksten ist: mitten in unseren Alltag, mitten in unsere Leben, mitten in unsere K\u00f6pfe. Wie kein Zweiter vereint Ralf Schmitz Stand Up, Impro-Comedy und Publikumsinteraktion live zu einem Festival der guten Laune, das wirklich nur ein echter SCHMITZM\u00c4N auf die B\u00fchne bringen kann.<br \/>\nLiebevoll nimmt er seine Superhelden-Kollegen der Filmgeschichte aufs Korn, zappt durch ihre gr\u00f6\u00dften Macken und Missgeschicke und landet damit immer wieder direkt bei uns. Denn Ralf wei\u00df: Die echten Superhelden sitzen genau vor ihm - im Publikum! Ob Krankenschwester, Busfahrer oder hoffnungslos \u00fcbern\u00e4chtigte Eltern - er mischt sich unter sie und feiert sie, wie sie es verdient haben.<br \/>\nGenau da spielt Ralf seine gr\u00f6\u00dfte St\u00e4rke aus: SCHMITZM\u00c4N ist einer von uns. Er mag unsere Macken, er kennt unsere liebensw\u00fcrdigen Eigenheiten und wie ein wahrer Superheld verwandelt er unser Chaos in ein echtes Happy End!<br \/>\nUnd am Ende erkennen wir dank SCHMITZM\u00c4N: Solange wir zusammen lachen k\u00f6nnen sind wir vielleicht immer noch nicht zu retten - aber noch lange nicht verloren!<br \/>\nDanke, SCHMITZM\u00c4N!<\/p>","protected":false},"excerpt":{"rendered":"<p>Get your tickets now!<\/p>","protected":false},"featured_media":59743,"template":"","meta":{"_acf_changed":false,"inline_featured_image":false},"product_brand":[],"product_cat":[6725,31,95,86,35,37,21,22,58],"product_tag":[954,941,6774,943,944,945,4907,4908,6654,947,973,948],"class_list":{"0":"post-59734","1":"product","2":"type-product","3":"status-publish","4":"has-post-thumbnail","6":"product_cat-comedy","7":"product_cat-events","8":"product_cat-humor","9":"product_cat-leipzig","10":"product_cat-orte","11":"product_cat-quarterback-immobilien-arena","12":"product_cat-ticket","13":"product_cat-ticketupgrades-zusatzleistungen","14":"product_cat-veranstaltung","15":"product_tag-comedy","16":"product_tag-events","17":"product_tag-humor","18":"product_tag-leipzig","19":"product_tag-orte","20":"product_tag-quarterback-immobilien-arena","21":"product_tag-ralf-schmitz","22":"product_tag-schmitzfindigkeiten","23":"product_tag-schmitzmaen","24":"product_tag-ticket","25":"product_tag-ticketupgrades-zusatzleistungen","26":"product_tag-veranstaltung","27":"product_shipping_class-abholung_paketversand","28":"pa_discount-inklusive-begleitperson","29":"pa_discount-kind","30":"pa_discount-normalpreis","31":"pa_preiskategorie-ggv-up","32":"pa_preiskategorie-pgv-up","33":"pa_preiskategorie-pk-i","34":"pa_preiskategorie-pk-ii","35":"pa_preiskategorie-pk-iii","36":"pa_preiskategorie-pk-iv","37":"pa_preiskategorie-pk-v","38":"pa_preiskategorie-rollstuhlfahrer","39":"pa_preiskategorie-vip-package-backstage-club","40":"pa_preiskategorie-vipu-up","42":"first","43":"instock","44":"taxable","45":"shipping-taxable","46":"purchasable","47":"product-type-variable"},"group_of_quantity":0,"min_quantity":0,"max_quantity":"","exclude_order_quantity_value_rules":"no","exclude_category_quantity_rules":"no","combine_variations":"no","acf":[],"_links":{"self":[{"href":"https:\/\/arena-ticket.com\/en\/wp-json\/wp\/v2\/product\/59734","targetHints":{"allow":["GET"]}}],"collection":[{"href":"https:\/\/arena-ticket.com\/en\/wp-json\/wp\/v2\/product"}],"about":[{"href":"https:\/\/arena-ticket.com\/en\/wp-json\/wp\/v2\/types\/product"}],"wp:featuredmedia":[{"embeddable":true,"href":"https:\/\/arena-ticket.com\/en\/wp-json\/wp\/v2\/media\/59743"}],"wp:attachment":[{"href":"https:\/\/arena-ticket.com\/en\/wp-json\/wp\/v2\/media?parent=59734"}],"wp:term":[{"taxonomy":"product_brand","embeddable":true,"href":"https:\/\/arena-ticket.com\/en\/wp-json\/wp\/v2\/product_brand?post=59734"},{"taxonomy":"product_cat","embeddable":true,"href":"https:\/\/arena-ticket.com\/en\/wp-json\/wp\/v2\/product_cat?post=59734"},{"taxonomy":"product_tag","embeddable":true,"href":"https:\/\/arena-ticket.com\/en\/wp-json\/wp\/v2\/product_tag?post=59734"}],"curies":[{"name":"wp","href":"https:\/\/api.w.org\/{rel}","templated":true}]}}