{"id":59746,"date":"2025-12-10T15:19:21","date_gmt":"2025-12-10T14:19:21","guid":{"rendered":"https:\/\/arena-ticket.com\/?p=59746&#038;post_type=product&#038;preview_id=59746"},"modified":"2026-02-02T15:52:53","modified_gmt":"2026-02-02T14:52:53","slug":"haus-garten-freizeit-handwerk-live-2026-31-01-08-02-2026-messe-leipzig","status":"publish","type":"product","link":"https:\/\/arena-ticket.com\/en\/product\/haus-garten-freizeit-handwerk-live-2026-31-01-08-02-2026-messe-leipzig\/","title":{"rendered":"Haus-Garten-Freizeit\/HANDWERK live - 31.01.-08.02.2026"},"content":{"rendered":"<p>Wir machen Vielfalt erlebbar - der Fr\u00fchling 2026 startet in Leipzig mit der HAUS-GARTEN-FREIZEIT, eine der gr\u00f6\u00dften und erfolgreichsten Publikumsmessen Deutschlands. Bereits seit 1991 pr\u00e4sentiert eine Vielzahl nationaler sowie internationaler Aussteller aus verschiedensten Branchen ihre Neuheiten und Produkte. Wir freuen uns auf neun Tage Messetrubel. Seien Sie mit dabei - wir freuen uns auf Sie.<\/p>\n<section class=\"main-section flow\">\n<div class=\"row flow\">\n<div class=\"col-lg-12 order-2 order-lg-1 col-12 flow\">\n<p>At HOUSE-GARDEN-FREE TIME, various worlds of experience invite you to immerse yourself. Here you will find many ideas and inspiration for your own home and for active leisure time. In addition, the trade fair spectrum is supplemented by HANDWERK live (formerly the Central German Crafts Fair) with its individuality of handcrafted products and services.<\/p>\n<\/div>\n<\/div>\n<\/section>\n<section class=\"main-section flow\">\n<div class=\"teaser-wrapper\">\n<div class=\"row\">\n<div class=\"col-xs-12 col-md-4 col-lg-4\">\n<div class=\"teaser teaser--small js-teaser\">\n<div class=\"teaser__item\"><\/div>\n<\/div>\n<\/div>\n<\/div>\n<\/div>\n<\/section>","protected":false},"excerpt":{"rendered":"<p>Get your tickets here!<\/p>","protected":false},"featured_media":59751,"template":"","meta":{"_acf_changed":false,"inline_featured_image":false},"product_brand":[],"product_cat":[31,922,86,431,6777,35,21,15,58],"product_tag":[4331,6655,941,4330,951,943,3946,974,944,947,976,948],"class_list":{"0":"post-59746","1":"product","2":"type-product","3":"status-publish","4":"has-post-thumbnail","6":"product_cat-events","7":"product_cat-kultur","8":"product_cat-leipzig","9":"product_cat-leipziger-messe","10":"product_cat-messe","11":"product_cat-orte","12":"product_cat-ticket","13":"product_cat-unkategorisiert","14":"product_cat-veranstaltung","15":"product_tag-08-02-16-02-2025","16":"product_tag-31-01-08-02-2026","17":"product_tag-events","18":"product_tag-haus-garten-freizeit-handwerk-live","19":"product_tag-kultur","20":"product_tag-leipzig","21":"product_tag-leipziger-messe","22":"product_tag-messe","23":"product_tag-orte","24":"product_tag-ticket","25":"product_tag-unkategorisiert","26":"product_tag-veranstaltung","27":"product_shipping_class-nur_paketversand","28":"pa_discount-ermaessigt","29":"pa_discount-kind","30":"pa_discount-normalpreis","31":"pa_preiskategorie-tagesticket","32":"pa_preiskategorie-tagesticket-nachmittag-ab-14-uhr","34":"first","35":"instock","36":"taxable","37":"shipping-taxable","38":"purchasable","39":"product-type-variable"},"group_of_quantity":0,"min_quantity":0,"max_quantity":"","exclude_order_quantity_value_rules":"no","exclude_category_quantity_rules":"no","combine_variations":"no","acf":[],"_links":{"self":[{"href":"https:\/\/arena-ticket.com\/en\/wp-json\/wp\/v2\/product\/59746","targetHints":{"allow":["GET"]}}],"collection":[{"href":"https:\/\/arena-ticket.com\/en\/wp-json\/wp\/v2\/product"}],"about":[{"href":"https:\/\/arena-ticket.com\/en\/wp-json\/wp\/v2\/types\/product"}],"wp:featuredmedia":[{"embeddable":true,"href":"https:\/\/arena-ticket.com\/en\/wp-json\/wp\/v2\/media\/59751"}],"wp:attachment":[{"href":"https:\/\/arena-ticket.com\/en\/wp-json\/wp\/v2\/media?parent=59746"}],"wp:term":[{"taxonomy":"product_brand","embeddable":true,"href":"https:\/\/arena-ticket.com\/en\/wp-json\/wp\/v2\/product_brand?post=59746"},{"taxonomy":"product_cat","embeddable":true,"href":"https:\/\/arena-ticket.com\/en\/wp-json\/wp\/v2\/product_cat?post=59746"},{"taxonomy":"product_tag","embeddable":true,"href":"https:\/\/arena-ticket.com\/en\/wp-json\/wp\/v2\/product_tag?post=59746"}],"curies":[{"name":"wp","href":"https:\/\/api.w.org\/{rel}","templated":true}]}}