{"id":59753,"date":"2025-12-10T15:21:13","date_gmt":"2025-12-10T14:21:13","guid":{"rendered":"https:\/\/arena-ticket.com\/?p=59753&#038;post_type=product&#038;preview_id=59753"},"modified":"2026-04-15T19:07:35","modified_gmt":"2026-04-15T17:07:35","slug":"rea-garveys-christmas-calling-quarterback-immobilien-arena-leipzig-28-11-2026-20-00-uhr","status":"publish","type":"product","link":"https:\/\/arena-ticket.com\/en\/product\/rea-garveys-christmas-calling-quarterback-immobilien-arena-leipzig-28-11-2026-20-00-uhr\/","title":{"rendered":"Rea Garvey's Christmas Calling"},"content":{"rendered":"<p>Nach den gro\u00dfen Erfolgen der Christmas Calling Shows in diesem Jahr wagt Rea Garvey den n\u00e4chsten Schritt und wird seine beliebte Weihnachtsshow im n\u00e4chsten Jahr als aufwendig inszeniert Live-Show mit neuem B\u00fchnenkonzept pr\u00e4sentieren. Dazu z\u00e4hlen emotionale Highlights und eine vielseitige Mischung aus klassischen und modernen Weihnachtssongs.<br \/>\nMusikalische Vorboten sind die bereits ver\u00f6ffentlichten Singles \u201eHappy Christmas\u201c \u2013 eine warmherzige Weihnachtshymne \u2013 und \u201eDriving Home for Christmas\u201c \u2013 eine gef\u00fchlvolle Neuinterpretation des Klassikers, gemeinsam produziert mit Joy Denalane und Esther Graf.<br \/>\nBeide Songs sind Teil des ersten Weihnachtsalbums von Rea Garvey: \u201eRea Garvey\u2019s Christmas Calling\u201c, das die charakteristische Klangwelt des K\u00fcnstlers mit zeitlosen Christmas Melodien vereint und demn\u00e4chst erscheint.<\/p>\n<p>Begleitet von seiner Band, den \u201eElfs\u201c wird Rea Garvey abermals eine Atmosph\u00e4re schaffen die generations\u00fcbergreifend begeistert und die Adventszeit zu einem besonderen Erlebnis werden l\u00e4sst.<br \/>\n\u201eWeihnachten ist der Moment im Jahr, in dem wir f\u00fcr einen Augenblick langsamer werden d\u00fcrfen\u201c, sagt Rea Garvey. \u201eMit Christmas Calling m\u00f6chte ich diesen Moment mit Musik f\u00fcllen \u2013 mit Geschichten, Gef\u00fchl und dieser besonderen W\u00e4rme, die man nicht erkl\u00e4ren kann, aber jeder kennt. 2026 m\u00f6chte ich all das mit noch mehr Menschen teilen.\u201c<\/p>","protected":false},"excerpt":{"rendered":"<p>Rea Garvey pr\u00e4sentiert seine Weihnachtsshow 2026 in der QUARTERBACK Immobilien ARENA.<\/p>","protected":false},"featured_media":59768,"template":"","meta":{"_acf_changed":false,"inline_featured_image":false},"product_brand":[],"product_cat":[31,69,86,35,6733,37,21,22,58],"product_tag":[6657,941,942,943,944,2506,945,6656,6658,947,973,948],"class_list":{"0":"post-59753","1":"product","2":"type-product","3":"status-publish","4":"has-post-thumbnail","6":"product_cat-events","7":"product_cat-konzert","8":"product_cat-leipzig","9":"product_cat-orte","10":"product_cat-pop","11":"product_cat-quarterback-immobilien-arena","12":"product_cat-ticket","13":"product_cat-ticketupgrades-zusatzleistungen","14":"product_cat-veranstaltung","15":"product_tag-christmas-calling","16":"product_tag-events","17":"product_tag-konzert","18":"product_tag-leipzig","19":"product_tag-orte","20":"product_tag-pop","21":"product_tag-quarterback-immobilien-arena","22":"product_tag-rea-garveys","23":"product_tag-rea-garveys-christmas-calling","24":"product_tag-ticket","25":"product_tag-ticketupgrades-zusatzleistungen","26":"product_tag-veranstaltung","27":"product_shipping_class-abholung_paketversand","28":"pa_discount-gangplatz","29":"pa_discount-inklusive-begleitperson","30":"pa_discount-normalpreis","31":"pa_discount-vip-sitzplatz","32":"pa_discount-sitzplatz-2-preiskategorie","33":"pa_discount-sitzplatz-3-preiskategorie","34":"pa_preiskategorie-ggv-up","35":"pa_preiskategorie-livezig-up","36":"pa_preiskategorie-pgv-up","37":"pa_preiskategorie-pk-i","38":"pa_preiskategorie-pk-ii","39":"pa_preiskategorie-pk-iii","40":"pa_preiskategorie-pk-iv","41":"pa_preiskategorie-pk-v","42":"pa_preiskategorie-premium","43":"pa_preiskategorie-rollstuhlfahrer","44":"pa_preiskategorie-vip-spezial","45":"pa_preiskategorie-vip-package-backstage-club","46":"pa_preiskategorie-vipu-up","48":"first","49":"instock","50":"taxable","51":"shipping-taxable","52":"purchasable","53":"product-type-variable"},"group_of_quantity":0,"min_quantity":0,"max_quantity":"","exclude_order_quantity_value_rules":"no","exclude_category_quantity_rules":"no","combine_variations":"no","acf":[],"_links":{"self":[{"href":"https:\/\/arena-ticket.com\/en\/wp-json\/wp\/v2\/product\/59753","targetHints":{"allow":["GET"]}}],"collection":[{"href":"https:\/\/arena-ticket.com\/en\/wp-json\/wp\/v2\/product"}],"about":[{"href":"https:\/\/arena-ticket.com\/en\/wp-json\/wp\/v2\/types\/product"}],"wp:featuredmedia":[{"embeddable":true,"href":"https:\/\/arena-ticket.com\/en\/wp-json\/wp\/v2\/media\/59768"}],"wp:attachment":[{"href":"https:\/\/arena-ticket.com\/en\/wp-json\/wp\/v2\/media?parent=59753"}],"wp:term":[{"taxonomy":"product_brand","embeddable":true,"href":"https:\/\/arena-ticket.com\/en\/wp-json\/wp\/v2\/product_brand?post=59753"},{"taxonomy":"product_cat","embeddable":true,"href":"https:\/\/arena-ticket.com\/en\/wp-json\/wp\/v2\/product_cat?post=59753"},{"taxonomy":"product_tag","embeddable":true,"href":"https:\/\/arena-ticket.com\/en\/wp-json\/wp\/v2\/product_tag?post=59753"}],"curies":[{"name":"wp","href":"https:\/\/api.w.org\/{rel}","templated":true}]}}