{"id":59820,"date":"2025-12-10T16:59:11","date_gmt":"2025-12-10T15:59:11","guid":{"rendered":"https:\/\/arena-ticket.com\/?p=59820&#038;post_type=product&#038;preview_id=59820"},"modified":"2026-04-15T09:04:56","modified_gmt":"2026-04-15T07:04:56","slug":"90s-supershow-live-on-stage-quarterback-immobilien-arena-leipzig-07-11-2026-1700-uhr","status":"publish","type":"product","link":"https:\/\/arena-ticket.com\/en\/product\/90s-supershow-live-on-stage-quarterback-immobilien-arena-leipzig-07-11-2026-1700-uhr\/","title":{"rendered":"90s Super Show - Live In Leipzig"},"content":{"rendered":"<p>Die gro\u00dfe 90er Party in Leipzig! 2026 ist es wieder soweit: Die 90s Super Show kommt zur\u00fcck nach Sachsen. Wir feiern die gr\u00f6\u00dfte 90er Party Sachsens in der Quarterback Immobilien Arena Leipzig. Sichert euch gleich euer Ticket f\u00fcr die Zeitreise in die Neunziger in Leipzig!<\/p>","protected":false},"excerpt":{"rendered":"<p>Get your ticket now for the journey back in time to the nineties in Leipzig!<\/p>","protected":false},"featured_media":59907,"template":"","meta":{"_acf_changed":false,"inline_featured_image":false},"product_brand":[],"product_cat":[37,86,6738,31,69,35,21,22,58],"product_tag":[6012,1117,941,942,943,3194,944,945,947,973,948],"class_list":{"0":"post-59820","1":"product","2":"type-product","3":"status-publish","4":"has-post-thumbnail","6":"product_cat-quarterback-immobilien-arena","7":"product_cat-leipzig","8":"product_cat-dance","9":"product_cat-events","10":"product_cat-konzert","11":"product_cat-orte","12":"product_cat-ticket","13":"product_cat-ticketupgrades-zusatzleistungen","14":"product_cat-veranstaltung","15":"product_tag-90s-super-show","16":"product_tag-dance","17":"product_tag-events","18":"product_tag-konzert","19":"product_tag-leipzig","20":"product_tag-live-in-leipzig","21":"product_tag-orte","22":"product_tag-quarterback-immobilien-arena","23":"product_tag-ticket","24":"product_tag-ticketupgrades-zusatzleistungen","25":"product_tag-veranstaltung","26":"product_shipping_class-abholung_paketversand","27":"pa_discount-sparpreis","28":"pa_discount-normalpreis","29":"pa_discount-inklusive-begleitperson","30":"pa_preiskategorie-sitzplatz-basic","31":"pa_preiskategorie-sitzplatz-diamond","32":"pa_preiskategorie-sitzplatz-platinum","33":"pa_preiskategorie-sitzplatz-premium","34":"pa_preiskategorie-front-of-stage-stehplatz","35":"pa_preiskategorie-stehplatz","36":"pa_preiskategorie-rollstuhlfahrer","37":"pa_preiskategorie-ggv-up","38":"pa_preiskategorie-pgv-up","40":"first","41":"instock","42":"taxable","43":"shipping-taxable","44":"purchasable","45":"product-type-variable"},"group_of_quantity":0,"min_quantity":0,"max_quantity":"","exclude_order_quantity_value_rules":"no","exclude_category_quantity_rules":"no","combine_variations":"no","acf":[],"_links":{"self":[{"href":"https:\/\/arena-ticket.com\/en\/wp-json\/wp\/v2\/product\/59820","targetHints":{"allow":["GET"]}}],"collection":[{"href":"https:\/\/arena-ticket.com\/en\/wp-json\/wp\/v2\/product"}],"about":[{"href":"https:\/\/arena-ticket.com\/en\/wp-json\/wp\/v2\/types\/product"}],"wp:featuredmedia":[{"embeddable":true,"href":"https:\/\/arena-ticket.com\/en\/wp-json\/wp\/v2\/media\/59907"}],"wp:attachment":[{"href":"https:\/\/arena-ticket.com\/en\/wp-json\/wp\/v2\/media?parent=59820"}],"wp:term":[{"taxonomy":"product_brand","embeddable":true,"href":"https:\/\/arena-ticket.com\/en\/wp-json\/wp\/v2\/product_brand?post=59820"},{"taxonomy":"product_cat","embeddable":true,"href":"https:\/\/arena-ticket.com\/en\/wp-json\/wp\/v2\/product_cat?post=59820"},{"taxonomy":"product_tag","embeddable":true,"href":"https:\/\/arena-ticket.com\/en\/wp-json\/wp\/v2\/product_tag?post=59820"}],"curies":[{"name":"wp","href":"https:\/\/api.w.org\/{rel}","templated":true}]}}