{"id":59885,"date":"2025-12-11T11:11:24","date_gmt":"2025-12-11T10:11:24","guid":{"rendered":"https:\/\/arena-ticket.com\/?p=59885&#038;post_type=product&#038;preview_id=59885"},"modified":"2026-04-07T14:52:54","modified_gmt":"2026-04-07T12:52:54","slug":"tanz-weltmeisterschaft-2026-leipziger-messe-leipzig-10-10-2026-1900-uhr","status":"publish","type":"product","link":"https:\/\/arena-ticket.com\/en\/product\/tanz-weltmeisterschaft-2026-leipziger-messe-leipzig-10-10-2026-1900-uhr\/","title":{"rendered":"Tanz-Weltmeisterschaft"},"content":{"rendered":"<p>Gemeinsam mit der World DanceSport Federation laden wir Sie zu einem internationalen Tanzsport-Event ein!<\/p>\n<p>Lassen Sie sich am 10. Oktober 2026 von einem einzigartigen Tanzerlebnis begeistern: Bereits zum 16. Mal pr\u00e4sentieren wir Ihnen die weltbesten Tanzpaare auf dem Leipziger Parkett. In diesem Jahr erwarten Sie spannende Wettk\u00e4mpfe um den h\u00f6chsten Titel im Tanzsport.<\/p>\n<p>In den vergangenen Jahren tanzten auf der Leipziger Messe die weltbesten Paare um den Europameistertitel Latein, den Weltmeistertitel Standard und Latein sowie den Weltmeistertitel Showdance Standard. Publikumstanz zur Livemusik und kleine Showeinlagen wie Breaking, HipHop, Formationstanz oder Konzerte von Starg\u00e4sten wie Petra Zieger oder Wolfgang Ziegler bilden den perfekte Rahmen um die spannenden Meisterschaften.<\/p>\n<p>Erleben Sie Tanzen in seiner Vollendung - die weltbesten T\u00e4nzerinnen und T\u00e4nzer ziehen Sie mit ihrer Leidenschaft, Perfektion und unersch\u00f6pflicher Energie in ihren Bann.<\/p>","protected":false},"excerpt":{"rendered":"<p>Secure your tickets!<\/p>","protected":false},"featured_media":59894,"template":"","meta":{"_acf_changed":false,"inline_featured_image":false},"product_brand":[],"product_cat":[31,86,431,35,32,6756,58],"product_tag":[941,943,3946,5696,944,958,5642,6668,5288,6839,948],"class_list":{"0":"post-59885","1":"product","2":"type-product","3":"status-publish","4":"has-post-thumbnail","6":"product_cat-events","7":"product_cat-leipzig","8":"product_cat-leipziger-messe","9":"product_cat-orte","10":"product_cat-sport","11":"product_cat-tanzsport","12":"product_cat-veranstaltung","13":"product_tag-events","14":"product_tag-leipzig","15":"product_tag-leipziger-messe","16":"product_tag-moderation-joachim-llambi","17":"product_tag-orte","18":"product_tag-show","19":"product_tag-sport","20":"product_tag-tanz-weltmeisterschaft","21":"product_tag-tanz-weltmeisterschaft-profi-latein","22":"product_tag-tanzsport","23":"product_tag-veranstaltung","24":"product_shipping_class-nur_paketversand","25":"pa_discount-normalpreis","26":"pa_preiskategorie-pk-i","27":"pa_preiskategorie-pk-ii","28":"pa_preiskategorie-pk-iii","29":"pa_preiskategorie-pk-iv","30":"pa_preiskategorie-pk-v","31":"pa_preiskategorie-premium-sitzplatz","33":"first","34":"outofstock","35":"taxable","36":"shipping-taxable","37":"purchasable","38":"product-type-variable"},"group_of_quantity":0,"min_quantity":0,"max_quantity":"","exclude_order_quantity_value_rules":"no","exclude_category_quantity_rules":"no","combine_variations":"no","acf":[],"_links":{"self":[{"href":"https:\/\/arena-ticket.com\/en\/wp-json\/wp\/v2\/product\/59885","targetHints":{"allow":["GET"]}}],"collection":[{"href":"https:\/\/arena-ticket.com\/en\/wp-json\/wp\/v2\/product"}],"about":[{"href":"https:\/\/arena-ticket.com\/en\/wp-json\/wp\/v2\/types\/product"}],"wp:featuredmedia":[{"embeddable":true,"href":"https:\/\/arena-ticket.com\/en\/wp-json\/wp\/v2\/media\/59894"}],"wp:attachment":[{"href":"https:\/\/arena-ticket.com\/en\/wp-json\/wp\/v2\/media?parent=59885"}],"wp:term":[{"taxonomy":"product_brand","embeddable":true,"href":"https:\/\/arena-ticket.com\/en\/wp-json\/wp\/v2\/product_brand?post=59885"},{"taxonomy":"product_cat","embeddable":true,"href":"https:\/\/arena-ticket.com\/en\/wp-json\/wp\/v2\/product_cat?post=59885"},{"taxonomy":"product_tag","embeddable":true,"href":"https:\/\/arena-ticket.com\/en\/wp-json\/wp\/v2\/product_tag?post=59885"}],"curies":[{"name":"wp","href":"https:\/\/api.w.org\/{rel}","templated":true}]}}