{"id":60243,"date":"2025-12-15T10:37:27","date_gmt":"2025-12-15T09:37:27","guid":{"rendered":"https:\/\/arena-ticket.com\/?p=60243&#038;post_type=product&#038;preview_id=60243"},"modified":"2026-04-19T12:49:06","modified_gmt":"2026-04-19T10:49:06","slug":"herbert-groenemeyer-open-air-2027-red-bull-arena-12-06-2027-1900-uhr","status":"publish","type":"product","link":"https:\/\/arena-ticket.com\/en\/product\/herbert-groenemeyer-open-air-2027-red-bull-arena-12-06-2027-1900-uhr\/","title":{"rendered":"Herbert Gr\u00f6nemeyer - Open Air 2027"},"content":{"rendered":"<p>Herbert Gr\u00f6nemeyer z\u00fcndet die n\u00e4chste Stufe seiner Arena Tour 2027: Im Fr\u00fchsommer spielt er mit seiner Band zus\u00e4tzlich mehrere Stadion-Shows. Los geht es am 12. Juni 2027 in der Leipziger Red Bull Arena.<br \/>\nDas Publikum darf sich auf unvergessliche Konzertabende mit packenden Live-Versionen von Klassikern und neuen Songs freuen. Die Auswahl reicht von \u201eBochum\u201c und \u201eMensch\u201c bis \u201eSekundengl\u00fcck\u201c und \u201eFlieg\u201c.<\/p>\n<p>(c) Frederike Wetzels<\/p>","protected":false},"excerpt":{"rendered":"<p>Herbert Gr\u00f6nemeyer kommt am 12.06.2027 in die Red Bull Arena!<\/p>","protected":false},"featured_media":60241,"template":"","meta":{"_acf_changed":false,"inline_featured_image":false},"product_brand":[],"product_cat":[6732,31,58,69,35,86,36,21,22],"product_tag":[6635,6637,941,6675,6677,4197,942,943,6968,944,970,6804,947,973,948,4194,4195],"class_list":{"0":"post-60243","1":"product","2":"type-product","3":"status-publish","4":"has-post-thumbnail","6":"product_cat-rock-hard-rock","7":"product_cat-events","8":"product_cat-veranstaltung","9":"product_cat-konzert","10":"product_cat-orte","11":"product_cat-leipzig","12":"product_cat-red-bull-arena","13":"product_cat-ticket","14":"product_cat-ticketupgrades-zusatzleistungen","15":"product_tag-ebene-6","16":"product_tag-ebene-8","17":"product_tag-events","18":"product_tag-herbert-groenemeyer","19":"product_tag-herbert-groenemeyer-open-air-207","20":"product_tag-hospitality","21":"product_tag-konzert","22":"product_tag-leipzig","23":"product_tag-open-air-2027","24":"product_tag-orte","25":"product_tag-red-bull-arena","26":"product_tag-rock-hard-rock","27":"product_tag-ticket","28":"product_tag-ticketupgrades-zusatzleistungen","29":"product_tag-veranstaltung","30":"product_tag-vip","31":"product_tag-vip-arrangement-logenblick","32":"product_shipping_class-nur_paketversand","33":"pa_discount-vollzahler","34":"pa_discount-normalpreis","35":"pa_discount-inklusive-begleitperson","36":"pa_preiskategorie-dauerkarte","37":"pa_preiskategorie-vip-arrangement-ebene-8","38":"pa_preiskategorie-front-of-stage-i-stehplatz","39":"pa_preiskategorie-front-of-stage-ii-stehplatz","40":"pa_preiskategorie-pk-i","41":"pa_preiskategorie-pk-ii","42":"pa_preiskategorie-pk-iii","43":"pa_preiskategorie-pk-iv","44":"pa_preiskategorie-innenraum-stehplatz","45":"pa_preiskategorie-rollstuhlfahrer","46":"pa_preiskategorie-vip-arrangement-logenblick-ebene-6","48":"first","49":"instock","50":"taxable","51":"shipping-taxable","52":"purchasable","53":"product-type-variable"},"group_of_quantity":0,"min_quantity":0,"max_quantity":8,"exclude_order_quantity_value_rules":"no","exclude_category_quantity_rules":"no","combine_variations":"no","acf":[],"_links":{"self":[{"href":"https:\/\/arena-ticket.com\/en\/wp-json\/wp\/v2\/product\/60243","targetHints":{"allow":["GET"]}}],"collection":[{"href":"https:\/\/arena-ticket.com\/en\/wp-json\/wp\/v2\/product"}],"about":[{"href":"https:\/\/arena-ticket.com\/en\/wp-json\/wp\/v2\/types\/product"}],"wp:featuredmedia":[{"embeddable":true,"href":"https:\/\/arena-ticket.com\/en\/wp-json\/wp\/v2\/media\/60241"}],"wp:attachment":[{"href":"https:\/\/arena-ticket.com\/en\/wp-json\/wp\/v2\/media?parent=60243"}],"wp:term":[{"taxonomy":"product_brand","embeddable":true,"href":"https:\/\/arena-ticket.com\/en\/wp-json\/wp\/v2\/product_brand?post=60243"},{"taxonomy":"product_cat","embeddable":true,"href":"https:\/\/arena-ticket.com\/en\/wp-json\/wp\/v2\/product_cat?post=60243"},{"taxonomy":"product_tag","embeddable":true,"href":"https:\/\/arena-ticket.com\/en\/wp-json\/wp\/v2\/product_tag?post=60243"}],"curies":[{"name":"wp","href":"https:\/\/api.w.org\/{rel}","templated":true}]}}