{"id":60585,"date":"2025-12-16T13:55:42","date_gmt":"2025-12-16T12:55:42","guid":{"rendered":"https:\/\/arena-ticket.com\/?p=60585&#038;post_type=product&#038;preview_id=60585"},"modified":"2026-04-15T20:17:37","modified_gmt":"2026-04-15T18:17:37","slug":"festival-fuer-vokalmusik-a-cappella-nairyan-ensemble-leipzig-07-05-2026-2000-uhr","status":"publish","type":"product","link":"https:\/\/arena-ticket.com\/en\/product\/festival-fuer-vokalmusik-a-cappella-nairyan-ensemble-leipzig-07-05-2026-2000-uhr\/","title":{"rendered":"Vocal Horizons: Songs of the Armenian Soul  - Nairyan Ensemble (Armenien) - a cappella"},"content":{"rendered":"<p>Zum zweiten Mal freuen wir uns, Ihnen bei <strong>a cappella<\/strong> ein Vokalensemble aus Armenien pr\u00e4sentieren zu k\u00f6nnen: Das Nairyan Vocal Ensemble ist ein Frauenquartett, das die traditionellen und klassischen Mehrstimmigkeiten Armeniens zu Geh\u00f6r bringt \u2013 und das nicht nur ganz authentisch und versiert, sondern, ganz im Sinne musikalischen Botschaftertums, auch an unu\u0308blichen Konzertorten und zum Teil parallel in Geb\u00e4rdensprache. Zudem macht sich das Ensemble fu\u0308r Frauenrechte und Gleichberechtigung stark. Das Konzert des engagierten Damenensembles beim Festival gibt uns so Einblicke in die Musik seines Heimatlandes und, wie es der Konzerttitel verspricht, auch in seine Seele und Kraft. Auch hier gilt also: Nicht verpassen!<\/p>\n<p>&nbsp;<\/p>\n<p>* Erm\u00e4\u00dfigt sind Sch\u00fclerinnen\/Sch\u00fcler, Auszubildende, Erwerbslose, Bundesfreiwilligendienstleistende, Schwerbehinderte, Inhaber des Leipzig Pass gegen Vorlage des pers\u00f6nlichen Ausweises.<\/p>","protected":false},"excerpt":{"rendered":"<p>Sichern Sie sich Ihre Tickets f\u00fcr dieses Konzert im Rahmen des 26. Internationalen Festivals f\u00fcr Vokalmusik \u00bba cappella\u00ab Leipzig.<\/p>","protected":false},"featured_media":60592,"template":"","meta":{"_acf_changed":false,"inline_featured_image":false},"product_brand":[],"product_cat":[31,6741,69,86,435,35,21,15,58],"product_tag":[6647,6679,941,2504,942,943,6652,6678,6795,944,947,976,948,6794,6651],"class_list":{"0":"post-60585","1":"product","2":"type-product","3":"status-publish","4":"has-post-thumbnail","6":"product_cat-events","7":"product_cat-klassik","8":"product_cat-konzert","9":"product_cat-leipzig","10":"product_cat-lutherkirche","11":"product_cat-orte","12":"product_cat-ticket","13":"product_cat-unkategorisiert","14":"product_cat-veranstaltung","15":"product_tag-a-cappella","16":"product_tag-ev-reformierte-kirche-leipzig","17":"product_tag-events","18":"product_tag-klassik","19":"product_tag-konzert","20":"product_tag-leipzig","21":"product_tag-lutherkirche","22":"product_tag-nairyan-ensemble","23":"product_tag-nairyan-ensemble-armenien-a-cappella","24":"product_tag-orte","25":"product_tag-ticket","26":"product_tag-unkategorisiert","27":"product_tag-veranstaltung","28":"product_tag-vocal-horizons-songs-of-the-armenian-soul","29":"product_tag-were-not-dead-yet-i-fagiolini-at-40","30":"product_shipping_class-nur_paketversand","31":"pa_discount-begleitperson-schwerbeschaedigte","32":"pa_discount-ermaessigt","33":"pa_discount-kind","34":"pa_discount-normalpreis","35":"pa_discount-rentner","36":"pa_discount-schwerbeschaedigt","37":"pa_preiskategorie-freie-platzwahl","38":"pa_preiskategorie-pk-i","39":"pa_preiskategorie-pk-ii","41":"first","42":"instock","43":"taxable","44":"shipping-taxable","45":"purchasable","46":"product-type-variable"},"group_of_quantity":0,"min_quantity":0,"max_quantity":"","exclude_order_quantity_value_rules":"no","exclude_category_quantity_rules":"no","combine_variations":"no","acf":[],"_links":{"self":[{"href":"https:\/\/arena-ticket.com\/en\/wp-json\/wp\/v2\/product\/60585","targetHints":{"allow":["GET"]}}],"collection":[{"href":"https:\/\/arena-ticket.com\/en\/wp-json\/wp\/v2\/product"}],"about":[{"href":"https:\/\/arena-ticket.com\/en\/wp-json\/wp\/v2\/types\/product"}],"wp:featuredmedia":[{"embeddable":true,"href":"https:\/\/arena-ticket.com\/en\/wp-json\/wp\/v2\/media\/60592"}],"wp:attachment":[{"href":"https:\/\/arena-ticket.com\/en\/wp-json\/wp\/v2\/media?parent=60585"}],"wp:term":[{"taxonomy":"product_brand","embeddable":true,"href":"https:\/\/arena-ticket.com\/en\/wp-json\/wp\/v2\/product_brand?post=60585"},{"taxonomy":"product_cat","embeddable":true,"href":"https:\/\/arena-ticket.com\/en\/wp-json\/wp\/v2\/product_cat?post=60585"},{"taxonomy":"product_tag","embeddable":true,"href":"https:\/\/arena-ticket.com\/en\/wp-json\/wp\/v2\/product_tag?post=60585"}],"curies":[{"name":"wp","href":"https:\/\/api.w.org\/{rel}","templated":true}]}}