{"id":60599,"date":"2025-12-16T15:38:57","date_gmt":"2025-12-16T14:38:57","guid":{"rendered":"https:\/\/arena-ticket.com\/?p=60599&#038;post_type=product&#038;preview_id=60599"},"modified":"2026-04-24T17:38:06","modified_gmt":"2026-04-24T15:38:06","slug":"80s-supershow-live-on-stage-quarterback-immobilien-arena-leipzig-06-03-2027-1800-uhr","status":"publish","type":"product","link":"https:\/\/arena-ticket.com\/en\/product\/80s-supershow-live-on-stage-quarterback-immobilien-arena-leipzig-06-03-2027-1800-uhr\/","title":{"rendered":"80s Super Show - Live In Leipzig"},"content":{"rendered":"<p>Die gro\u00dfe 80er Party in Leipzig! 2026 ist es wieder soweit: Die 80s Super Show kommt zur\u00fcck nach Sachsen. Wir feiern die gr\u00f6\u00dfte 80er Party Sachsens in der Quarterback Immobilien Arena Leipzig. Sichert euch gleich euer Ticket f\u00fcr die Zeitreise in die Achtziger in Leipzig!<\/p>","protected":false},"excerpt":{"rendered":"<p>Get your ticket now for the journey back in time to the nineties in Leipzig!<\/p>","protected":false},"featured_media":59907,"template":"","meta":{"_acf_changed":false,"inline_featured_image":false},"product_brand":[],"product_cat":[6738,31,69,86,35,37,21,22,58],"product_tag":[6680,6012,1117,941,942,943,3194,944,945,947,973,948],"class_list":{"0":"post-60599","1":"product","2":"type-product","3":"status-publish","4":"has-post-thumbnail","6":"product_cat-dance","7":"product_cat-events","8":"product_cat-konzert","9":"product_cat-leipzig","10":"product_cat-orte","11":"product_cat-quarterback-immobilien-arena","12":"product_cat-ticket","13":"product_cat-ticketupgrades-zusatzleistungen","14":"product_cat-veranstaltung","15":"product_tag-80s-super-show","16":"product_tag-90s-super-show","17":"product_tag-dance","18":"product_tag-events","19":"product_tag-konzert","20":"product_tag-leipzig","21":"product_tag-live-in-leipzig","22":"product_tag-orte","23":"product_tag-quarterback-immobilien-arena","24":"product_tag-ticket","25":"product_tag-ticketupgrades-zusatzleistungen","26":"product_tag-veranstaltung","27":"product_shipping_class-abholung_paketversand","28":"pa_discount-inklusive-begleitperson","29":"pa_discount-normalpreis","30":"pa_discount-sparpreis","31":"pa_preiskategorie-front-of-stage-stehplatz","32":"pa_preiskategorie-ggv-up","33":"pa_preiskategorie-pgv-up","34":"pa_preiskategorie-rollstuhlfahrer","35":"pa_preiskategorie-sitzplatz-basic","36":"pa_preiskategorie-sitzplatz-diamond","37":"pa_preiskategorie-sitzplatz-gold","38":"pa_preiskategorie-sitzplatz-platinum","39":"pa_preiskategorie-sitzplatz-premium","40":"pa_preiskategorie-sitzplatz-silber","41":"pa_preiskategorie-stehplatz","43":"first","44":"instock","45":"taxable","46":"shipping-taxable","47":"purchasable","48":"product-type-variable"},"group_of_quantity":0,"min_quantity":0,"max_quantity":"","exclude_order_quantity_value_rules":"no","exclude_category_quantity_rules":"no","combine_variations":"no","acf":[],"_links":{"self":[{"href":"https:\/\/arena-ticket.com\/en\/wp-json\/wp\/v2\/product\/60599","targetHints":{"allow":["GET"]}}],"collection":[{"href":"https:\/\/arena-ticket.com\/en\/wp-json\/wp\/v2\/product"}],"about":[{"href":"https:\/\/arena-ticket.com\/en\/wp-json\/wp\/v2\/types\/product"}],"wp:featuredmedia":[{"embeddable":true,"href":"https:\/\/arena-ticket.com\/en\/wp-json\/wp\/v2\/media\/59907"}],"wp:attachment":[{"href":"https:\/\/arena-ticket.com\/en\/wp-json\/wp\/v2\/media?parent=60599"}],"wp:term":[{"taxonomy":"product_brand","embeddable":true,"href":"https:\/\/arena-ticket.com\/en\/wp-json\/wp\/v2\/product_brand?post=60599"},{"taxonomy":"product_cat","embeddable":true,"href":"https:\/\/arena-ticket.com\/en\/wp-json\/wp\/v2\/product_cat?post=60599"},{"taxonomy":"product_tag","embeddable":true,"href":"https:\/\/arena-ticket.com\/en\/wp-json\/wp\/v2\/product_tag?post=60599"}],"curies":[{"name":"wp","href":"https:\/\/api.w.org\/{rel}","templated":true}]}}