{"id":6071,"date":"2024-02-13T16:04:27","date_gmt":"2024-02-13T15:04:27","guid":{"rendered":"https:\/\/arena.hostpress.me\/?p=6071&#038;post_type=product&#038;preview_id=6071"},"modified":"2025-01-10T16:18:18","modified_gmt":"2025-01-10T15:18:18","slug":"faber-addio-live-2024-leipzig-parkbuehne-09-08-2024-1930-uhr","status":"publish","type":"product","link":"https:\/\/arena-ticket.com\/en\/product\/faber-addio-live-2024-leipzig-parkbuehne-09-08-2024-1930-uhr\/","title":{"rendered":"FABER - Live 2024"},"content":{"rendered":"<p>Just in time for the release of his next album &quot;Addio&quot; on June 7, 2024, Faber will be playing concerts in Germany, Austria and Switzerland starting next summer. The Swiss has already announced a release tour for the album for spring 2024, which will take him to smaller clubs and more intimate settings for his standards - the summer concerts are the first opportunity to experience the new songs live on a big stage.<br \/>\nSince his first EP &quot;Alles Gute&quot;, the Swiss songwriter Faber has been walking through walls as if they were doors in his career. He writes pointed lyrics that are simultaneously among the cleverest and most polarizing things that can currently be heard. This leads Faber to sold-out tours and headliner slots at tasteful festivals - the artist is celebrated by critics and fans alike. After the debut EP, two outstanding albums will be released, &quot;Sei ein Faber im Wind&quot; (2017), &quot;I fucking love my life&quot; (2019) and &quot;Orpheum&quot;, a live album in late summer 2022. On the latter, it is clear that Faber concerts are rousing, elegant and unpretentiously sophisticated and therefore the best that you can see live in German (and not only that, Faber sometimes sings in Italian, French or Swiss German too).<br \/>\nOn &quot;Addio&quot; Faber will break away from measurable art, from music that can no longer just stand for itself, but directly reflects how compatible it is with the masses. He has written songs that don&#039;t have to work, but do anyway. Songs that have matured, that are now ready to show what they are capable of in concert. In short: Faber has freed his mind.<br \/>\nThe Addio Live 2024 concerts next year are the first opportunity to experience the songs from the new album live after the Addio release tour in spring 2024. He will be accompanied by a band that has been expanded for the first time, consisting of Tillmann Ostendarp (drums, trombone), Janos Mijnssen (bass, cello), Goran Ko\u010d (keys), Max K\u00e4mmerling (guitar, percussion), Gina \u00c9t\u00e9 (vocals, viola), Hannah Adriana M\u00fcller (vocals, violin), Dino Brandao (vocals, guitar, percussion) and Mel D (vocals, guitar).<\/p>","protected":false},"excerpt":{"rendered":"<p>Secure your tickets!<\/p>","protected":false},"featured_media":6074,"template":"","meta":{"_acf_changed":false,"inline_featured_image":false},"product_brand":[],"product_cat":[31,69,86,35,347,21,58],"product_tag":[1025,2007,3210,941,2006,942,943,1089,944,2005,966,947,948],"class_list":{"0":"post-6071","1":"product","2":"type-product","3":"status-publish","4":"has-post-thumbnail","6":"product_cat-events","7":"product_cat-konzert","8":"product_cat-leipzig","9":"product_cat-orte","10":"product_cat-parkbuehne-leipzig","11":"product_cat-ticket","12":"product_cat-veranstaltung","13":"product_tag-1025","14":"product_tag-addio","15":"product_tag-addio-live-2024","16":"product_tag-events","17":"product_tag-faber","18":"product_tag-konzert","19":"product_tag-leipzig","20":"product_tag-live","21":"product_tag-orte","22":"product_tag-parkbuehne","23":"product_tag-parkbuehne-leipzig","24":"product_tag-ticket","25":"product_tag-veranstaltung","26":"product_shipping_class-nur_paketversand","27":"pa_discount-normalpreis","28":"pa_preiskategorie-freie-platzwahl","30":"first","31":"outofstock","32":"taxable","33":"shipping-taxable","34":"purchasable","35":"product-type-variable"},"group_of_quantity":0,"min_quantity":0,"max_quantity":"","exclude_order_quantity_value_rules":"no","exclude_category_quantity_rules":"no","combine_variations":"no","acf":[],"_links":{"self":[{"href":"https:\/\/arena-ticket.com\/en\/wp-json\/wp\/v2\/product\/6071","targetHints":{"allow":["GET"]}}],"collection":[{"href":"https:\/\/arena-ticket.com\/en\/wp-json\/wp\/v2\/product"}],"about":[{"href":"https:\/\/arena-ticket.com\/en\/wp-json\/wp\/v2\/types\/product"}],"wp:featuredmedia":[{"embeddable":true,"href":"https:\/\/arena-ticket.com\/en\/wp-json\/wp\/v2\/media\/6074"}],"wp:attachment":[{"href":"https:\/\/arena-ticket.com\/en\/wp-json\/wp\/v2\/media?parent=6071"}],"wp:term":[{"taxonomy":"product_brand","embeddable":true,"href":"https:\/\/arena-ticket.com\/en\/wp-json\/wp\/v2\/product_brand?post=6071"},{"taxonomy":"product_cat","embeddable":true,"href":"https:\/\/arena-ticket.com\/en\/wp-json\/wp\/v2\/product_cat?post=6071"},{"taxonomy":"product_tag","embeddable":true,"href":"https:\/\/arena-ticket.com\/en\/wp-json\/wp\/v2\/product_tag?post=6071"}],"curies":[{"name":"wp","href":"https:\/\/api.w.org\/{rel}","templated":true}]}}