{"id":60830,"date":"2025-12-18T14:21:11","date_gmt":"2025-12-18T13:21:11","guid":{"rendered":"https:\/\/arena-ticket.com\/?p=60830&#038;post_type=product&#038;preview_id=60830"},"modified":"2026-02-27T09:17:12","modified_gmt":"2026-02-27T08:17:12","slug":"sdp-sommer-open-air-rostock-iga-park-21-08-2026-1915-uhr","status":"publish","type":"product","link":"https:\/\/arena-ticket.com\/en\/product\/sdp-sommer-open-air-rostock-iga-park-21-08-2026-1915-uhr\/","title":{"rendered":"SDP  - Sommer Open Air ROSTOCK | IGA Park"},"content":{"rendered":"<p>SDP melden sich mit ihrem elften Studioalbum \u201eDie Wollen Nur Spielen\u201c zur\u00fcck. Der Titel ist Programm: Ob auf der B\u00fchne vor Tausenden von Konzertbesuchern oder im Studio - Vincent und Dag haben ihre Spielfreude auch nach 25 Jahren Bandgeschichte behalten und beweisen dies immer wieder.<\/p>\n<p>Drei Nummer-Eins-Alben, zwischenzeitlich mehrfach vergoldete und sogar mit Multi-Platin ausgezeichnete Singles, eine knappe Milliarde Views auf YouTube, unz\u00e4hlige Headliner-Slots auf allen gro\u00dfen Festivals und ausverkaufte Tourneen mit hunderttausenden Besuchenden: SDP geh\u00f6ren mittlerweile ohne Frage zu den erfolgreichsten Bands des Landes. Ihre Liveshows strotzen vor Energie und verbreiten bei jedem Zuh\u00f6renden nicht nur langanhaltende gute Laune, sondern auch hartn\u00e4ckige Ohrw\u00fcrmer. \u201eDie Bekannteste Unbekannte Band der Welt\u201c: Eine einzigartige Independent-Karriere der beiden Berliner Freunde, die sp\u00e4testens durch die Teilnahme an Sing meinen Song und der Auszeichnung mit der 1LIVE Krone als bester Live-Act gar nicht mehr so unbekannt sind. Im November 2025 erscheint \u201cDie Wollen Nur Spielen\u201d - das Album zur gleichnamigen Tour.<\/p>","protected":false},"excerpt":{"rendered":"<p>Get your tickets here now!<\/p>","protected":false},"featured_media":60833,"template":"","meta":{"_acf_changed":false,"inline_featured_image":false},"product_brand":[],"product_cat":[167,31,69,3126,35,6733,58],"product_tag":[5147,3127,941,942,3130,944,2506,2414,6685,948],"class_list":{"0":"post-60830","1":"product","2":"type-product","3":"status-publish","4":"has-post-thumbnail","6":"product_cat-erfurt","7":"product_cat-events","8":"product_cat-konzert","9":"product_cat-messehalle-erfurt","10":"product_cat-orte","11":"product_cat-pop","12":"product_cat-veranstaltung","13":"product_tag-die-wollen-nur-spielen-tour-2025","14":"product_tag-erfurt","15":"product_tag-events","16":"product_tag-konzert","17":"product_tag-messehalle-erfurt","18":"product_tag-orte","19":"product_tag-pop","20":"product_tag-sdp","21":"product_tag-sommer-open-air-rostock-iga-park","22":"product_tag-veranstaltung","23":"product_shipping_class-nur_paketversand","24":"pa_discount-inklusive-begleitperson","25":"pa_discount-normalpreis","26":"pa_preiskategorie-rollstuhlfahrer","27":"pa_preiskategorie-stehplatz","29":"first","30":"instock","31":"taxable","32":"shipping-taxable","33":"purchasable","34":"product-type-variable"},"group_of_quantity":0,"min_quantity":0,"max_quantity":"","exclude_order_quantity_value_rules":"no","exclude_category_quantity_rules":"no","combine_variations":"no","acf":[],"_links":{"self":[{"href":"https:\/\/arena-ticket.com\/en\/wp-json\/wp\/v2\/product\/60830","targetHints":{"allow":["GET"]}}],"collection":[{"href":"https:\/\/arena-ticket.com\/en\/wp-json\/wp\/v2\/product"}],"about":[{"href":"https:\/\/arena-ticket.com\/en\/wp-json\/wp\/v2\/types\/product"}],"wp:featuredmedia":[{"embeddable":true,"href":"https:\/\/arena-ticket.com\/en\/wp-json\/wp\/v2\/media\/60833"}],"wp:attachment":[{"href":"https:\/\/arena-ticket.com\/en\/wp-json\/wp\/v2\/media?parent=60830"}],"wp:term":[{"taxonomy":"product_brand","embeddable":true,"href":"https:\/\/arena-ticket.com\/en\/wp-json\/wp\/v2\/product_brand?post=60830"},{"taxonomy":"product_cat","embeddable":true,"href":"https:\/\/arena-ticket.com\/en\/wp-json\/wp\/v2\/product_cat?post=60830"},{"taxonomy":"product_tag","embeddable":true,"href":"https:\/\/arena-ticket.com\/en\/wp-json\/wp\/v2\/product_tag?post=60830"}],"curies":[{"name":"wp","href":"https:\/\/api.w.org\/{rel}","templated":true}]}}