{"id":62175,"date":"2026-01-03T16:15:54","date_gmt":"2026-01-03T15:15:54","guid":{"rendered":"https:\/\/arena-ticket.com\/?p=62175&#038;post_type=product&#038;preview_id=62175"},"modified":"2026-04-04T15:54:15","modified_gmt":"2026-04-04T13:54:15","slug":"cavalluna-die-farben-des-lebens-leipzig-quarterback-immobilien-arena-02-01-2027-1400-uhr","status":"publish","type":"product","link":"https:\/\/arena-ticket.com\/en\/product\/cavalluna-die-farben-des-lebens-leipzig-quarterback-immobilien-arena-02-01-2027-1400-uhr\/","title":{"rendered":"CAVALLUNA  - Die Farben des Lebens"},"content":{"rendered":"<p>&nbsp;<\/p>\n<div class=\"m-text-pic-cavalluna-1__headline\">\n<p class=\"m-text-cavalluna-1__headline\">CAVALLUNA \u2013 Die Farben des Lebens<\/p>\n<\/div>\n<div class=\"m-text-pic-cavalluna-1__text\">\n<p>Die gr\u00f6\u00dfte Pferdeshow Europas kehrt zur\u00fcck und begeistert von Oktober 2026 bis Juni 2027 knapp eine halbe Million Zuschauer mit dem neuen Programm \u201eDie Farben des Lebens\u201c. Die einzigartige Show nimmt das Publikum mit auf eine bunte Reise in eine magische Welt, die die Sinne verzaubert und die Herzen ber\u00fchrt.<\/p>\n<p>Knapp 60 Pferde, atemberaubende Tanzeinlagen, mitrei\u00dfende Musik und ein traumhaftes Kost\u00fcm- und B\u00fchnenbild faszinieren Gro\u00df und Klein und zeigen eindr\u00fccklich, warum CAVALLUNA nicht nur eine Show f\u00fcr Pferdebegeisterte ist, sondern ein einzigartiges Gesamtkunstwerk f\u00fcr die ganze Familie. Tauchen Sie ein in eine Welt voller Lichter, Farben, spannender Show-Acts und bewegender Momente.<\/p>\n<p>z\u00e4hlt wird die Geschichte des Hirtenjungen Arhat, der abgeschieden in den Bergen Nordindiens lebt. Von seiner verstorbenen Mutter erh\u00e4lt er den Auftrag, die Menschen vom Schleier des Vergessens zu befreien \u2013 einer unsichtbaren Macht, die sie in Ablenkung und sinnloser Routine gefangen h\u00e4lt, ohne Erinnerung, warum sie eigentlich hier sind. Dies machen sich die hinterh\u00e4ltigen H\u00e4ndler der Angst zunutze, um Furcht zu s\u00e4en und tr\u00fcgerische Waren zu verkaufen. Gemeinsam mit seiner neuen Weggef\u00e4hrtin Shaneya tritt Arhat eine lange Reise an, um die Menschen zu befreien, doch schon bald zwingt sie die Verfolgung der H\u00e4ndler zur Flucht ins Tal der Wahrheit \u2013 jenen Ort, an dem der Ursprung des Schleiers liegt. Wird es ihnen gelingen, die Menschen f\u00fcr immer von Angst und Vergessen zu erl\u00f6sen?<\/p>\n<p>Lassen Sie sich verzaubern von grandiosen Schaubildern, raffinierten Choreografien und nat\u00fcrlich vor allem einem: knapp 60 wundersch\u00f6nen Pferden. Mit an Bord sind die besten und bekanntesten Reitteams aus ganz Europa, die ihr K\u00f6nnen und ihre Vielf\u00e4ltigkeit in den verschiedensten Disziplinen unter Beweis stellen. Freuen Sie sich auf feurige Andalusier aus Spanien, atemberaubende Trickreiter aus Frankreich und edle schwarze Friesen aus Deutschland. Auch tief ber\u00fchrende Freiheitsdressuren, eine spektakul\u00e4re Ungarische Post und freche Miniponys d\u00fcrfen nat\u00fcrlich nicht fehlen. Abgerundet werden die mitrei\u00dfenden Showeinlagen von einer hochtalentierten, internationalen Tanzkompanie und spektakul\u00e4ren Spezialeffekten \u2013 eine abenteuerliche Reise der Sinne ist garantiert!<\/p>\n<\/div>","protected":false},"excerpt":{"rendered":"<p>Tauchen Sie ein in eine Welt voller Lichter, Farben, spannender Show-Acts und bewegender Momente.<\/p>","protected":false},"featured_media":62210,"template":"","meta":{"_acf_changed":false,"inline_featured_image":false},"product_brand":[],"product_cat":[31,94,86,35,37,21,22,58],"product_tag":[1188,6702,941,978,943,944,945,958,947,973,948],"class_list":{"0":"post-62175","1":"product","2":"type-product","3":"status-publish","4":"has-post-thumbnail","6":"product_cat-events","7":"product_cat-kinder","8":"product_cat-leipzig","9":"product_cat-orte","10":"product_cat-quarterback-immobilien-arena","11":"product_cat-ticket","12":"product_cat-ticketupgrades-zusatzleistungen","13":"product_cat-veranstaltung","14":"product_tag-cavalluna","15":"product_tag-die-farben-des-lebens","16":"product_tag-events","17":"product_tag-kinder","18":"product_tag-leipzig","19":"product_tag-orte","20":"product_tag-quarterback-immobilien-arena","21":"product_tag-show","22":"product_tag-ticket","23":"product_tag-ticketupgrades-zusatzleistungen","24":"product_tag-veranstaltung","25":"product_shipping_class-abholung_paketversand","26":"pa_discount-inklusive-begleitperson","27":"pa_discount-kind","28":"pa_discount-normalpreis","29":"pa_discount-rentner","30":"pa_discount-schueler-student-auszubildende-personen-im-bfd","31":"pa_discount-schwerbeschaedigt","32":"pa_preiskategorie-ggv-up","33":"pa_preiskategorie-pgv-up","34":"pa_preiskategorie-pk-i","35":"pa_preiskategorie-pk-ii","36":"pa_preiskategorie-pk-iii","37":"pa_preiskategorie-pk-iv","38":"pa_preiskategorie-pk-v","39":"pa_preiskategorie-premium-sitzplatz","40":"pa_preiskategorie-rollstuhlfahrer","42":"first","43":"instock","44":"taxable","45":"shipping-taxable","46":"purchasable","47":"product-type-variable"},"group_of_quantity":0,"min_quantity":0,"max_quantity":"","exclude_order_quantity_value_rules":"no","exclude_category_quantity_rules":"no","combine_variations":"no","acf":[],"_links":{"self":[{"href":"https:\/\/arena-ticket.com\/en\/wp-json\/wp\/v2\/product\/62175","targetHints":{"allow":["GET"]}}],"collection":[{"href":"https:\/\/arena-ticket.com\/en\/wp-json\/wp\/v2\/product"}],"about":[{"href":"https:\/\/arena-ticket.com\/en\/wp-json\/wp\/v2\/types\/product"}],"wp:featuredmedia":[{"embeddable":true,"href":"https:\/\/arena-ticket.com\/en\/wp-json\/wp\/v2\/media\/62210"}],"wp:attachment":[{"href":"https:\/\/arena-ticket.com\/en\/wp-json\/wp\/v2\/media?parent=62175"}],"wp:term":[{"taxonomy":"product_brand","embeddable":true,"href":"https:\/\/arena-ticket.com\/en\/wp-json\/wp\/v2\/product_brand?post=62175"},{"taxonomy":"product_cat","embeddable":true,"href":"https:\/\/arena-ticket.com\/en\/wp-json\/wp\/v2\/product_cat?post=62175"},{"taxonomy":"product_tag","embeddable":true,"href":"https:\/\/arena-ticket.com\/en\/wp-json\/wp\/v2\/product_tag?post=62175"}],"curies":[{"name":"wp","href":"https:\/\/api.w.org\/{rel}","templated":true}]}}