{"id":62390,"date":"2026-01-05T14:07:05","date_gmt":"2026-01-05T13:07:05","guid":{"rendered":"https:\/\/arena-ticket.com\/?p=62390&#038;post_type=product&#038;preview_id=62390"},"modified":"2026-04-10T11:33:05","modified_gmt":"2026-04-10T09:33:05","slug":"tahnee-ein-touch-too-much-quarterback-immobilien-arena-leipzig-03-04-2027-20-00-uhr","status":"publish","type":"product","link":"https:\/\/arena-ticket.com\/en\/product\/tahnee-ein-touch-too-much-quarterback-immobilien-arena-leipzig-03-04-2027-20-00-uhr\/","title":{"rendered":"Tahnee - Ein Touch Too Much"},"content":{"rendered":"<p>EIN TOUCH TOO MUCH \u2013 Tahnee hat ein neues Programm, und ja:<br \/>\nEs ist genau das, was passiert, wenn jemand mit zu viel Energie, zu vielen Gedanken und zu wenig Geduld beschlie\u00dft, die Realit\u00e4t nochmal kurz durchzur\u00fctteln.<br \/>\nManchmal macht genau dieses kleine \u201ezu viel\u201c das Leben erst spannend \u2013 und manchmal bringt es einen komplett an den Rand der geistigen Betriebsbereitschaft. Tahnee feiert beides. Sie zeigt, wie gro\u00dfartig es sein kann, selbst EIN TOUCH TOO MUCH zu sein, wenn alle anderen auf Sparflamme laufen \u2013 und wie gnadenlos anstrengend Menschen wirken, die permanent mit XXL-Energie durch den Alltag stolpern.<br \/>\nZwischen liebevoller Selbstironie, einem Feuerwerk an Parodien und zielsicherer Beobachtung entsteht ein Programm, das fragt: \u201eWas, wenn \u201ezu viel\u201c genau die richtige Menge ist?\u201c<\/p>\n<p>(c) Tahnee<\/p>","protected":false},"excerpt":{"rendered":"<p>Get your tickets here now!<\/p>","protected":false},"featured_media":62399,"template":"","meta":{"_acf_changed":false,"inline_featured_image":false},"product_brand":[],"product_cat":[6725,31,95,86,35,37,21,22,58],"product_tag":[954,6703,941,6774,943,944,945,3613,947,973,948],"class_list":{"0":"post-62390","1":"product","2":"type-product","3":"status-publish","4":"has-post-thumbnail","6":"product_cat-comedy","7":"product_cat-events","8":"product_cat-humor","9":"product_cat-leipzig","10":"product_cat-orte","11":"product_cat-quarterback-immobilien-arena","12":"product_cat-ticket","13":"product_cat-ticketupgrades-zusatzleistungen","14":"product_cat-veranstaltung","15":"product_tag-comedy","16":"product_tag-ein-touch-too-much","17":"product_tag-events","18":"product_tag-humor","19":"product_tag-leipzig","20":"product_tag-orte","21":"product_tag-quarterback-immobilien-arena","22":"product_tag-tahnee","23":"product_tag-ticket","24":"product_tag-ticketupgrades-zusatzleistungen","25":"product_tag-veranstaltung","26":"product_shipping_class-abholung_paketversand","27":"pa_discount-ermaessigt","28":"pa_discount-inklusive-begleitperson","29":"pa_discount-kind","30":"pa_discount-normalpreis","31":"pa_discount-vip-sitzplatz","32":"pa_preiskategorie-ggv-up","33":"pa_preiskategorie-pgv-up","34":"pa_preiskategorie-pk-i","35":"pa_preiskategorie-pk-ii","36":"pa_preiskategorie-pk-iii","37":"pa_preiskategorie-rollstuhlfahrer","38":"pa_preiskategorie-vip-package-backstage-club","39":"pa_preiskategorie-vipu-up","41":"first","42":"instock","43":"taxable","44":"shipping-taxable","45":"purchasable","46":"product-type-variable"},"group_of_quantity":0,"min_quantity":0,"max_quantity":"","exclude_order_quantity_value_rules":"no","exclude_category_quantity_rules":"no","combine_variations":"no","acf":[],"_links":{"self":[{"href":"https:\/\/arena-ticket.com\/en\/wp-json\/wp\/v2\/product\/62390","targetHints":{"allow":["GET"]}}],"collection":[{"href":"https:\/\/arena-ticket.com\/en\/wp-json\/wp\/v2\/product"}],"about":[{"href":"https:\/\/arena-ticket.com\/en\/wp-json\/wp\/v2\/types\/product"}],"wp:featuredmedia":[{"embeddable":true,"href":"https:\/\/arena-ticket.com\/en\/wp-json\/wp\/v2\/media\/62399"}],"wp:attachment":[{"href":"https:\/\/arena-ticket.com\/en\/wp-json\/wp\/v2\/media?parent=62390"}],"wp:term":[{"taxonomy":"product_brand","embeddable":true,"href":"https:\/\/arena-ticket.com\/en\/wp-json\/wp\/v2\/product_brand?post=62390"},{"taxonomy":"product_cat","embeddable":true,"href":"https:\/\/arena-ticket.com\/en\/wp-json\/wp\/v2\/product_cat?post=62390"},{"taxonomy":"product_tag","embeddable":true,"href":"https:\/\/arena-ticket.com\/en\/wp-json\/wp\/v2\/product_tag?post=62390"}],"curies":[{"name":"wp","href":"https:\/\/api.w.org\/{rel}","templated":true}]}}