{"id":62917,"date":"2026-01-10T14:35:19","date_gmt":"2026-01-10T13:35:19","guid":{"rendered":"https:\/\/arena-ticket.com\/?p=62917&#038;post_type=product&#038;preview_id=62917"},"modified":"2026-02-28T10:59:22","modified_gmt":"2026-02-28T09:59:22","slug":"paul-potts-friends-peterskirche-leipzig-20-11-2026-1930-uhr","status":"publish","type":"product","link":"https:\/\/arena-ticket.com\/en\/product\/paul-potts-friends-peterskirche-leipzig-20-11-2026-1930-uhr\/","title":{"rendered":"Paul Potts & Friends - Tour 2026"},"content":{"rendered":"<p>Einer der gr\u00f6\u00dften und bekanntesten Klassikstars unserer Zeit kehrt im Winter 2025 nach Deutschland zur\u00fcck. Paul Potts serviert dem Publikum ganz besondere Highlights auf internationalem Niveau. Der heutige Weltstar hat seinen ganz eigenen Traum verwirklicht. Denn das Paul Potts heute auf den gro\u00dfen B\u00fchnen steht, war alles andere als selbstverst\u00e4ndlich. Nachdem er in der Schule gemobbt und verspottet wurde, fand er im \u00f6rtlichen Kirchenchor eine Zuflucht. Als er mit 16 Jahren La Boheme h\u00f6rte, verliebte er sich in die Oper und begann eine leidenschaftliche Romanze, die ihn auf eine turbulente Reise f\u00fchrte. Schlie\u00dflich gewann er im Jahr 2007 die erste Staffel von Britain\u2019s Got Talent und das ver\u00e4nderte sein Leben f\u00fcr immer.<\/p>\n<p>F\u00fcr den in Bristol geborenen Paul Potts war die Musik immer eine Quelle des Trostes aus jahrelangem Mobbing, finanzieller Not, medizinischen R\u00fcckschl\u00e4gen und fehlendem Selbstvertrauen. Aus diesem Grund ergriff er die Chance, bei der ersten Episode von Britain\u2019s Got Talent aufzutreten. Der Handy-Verk\u00e4ufer ging vor der Jury ans Mikrofon, um seine Interpretation von Nessun Dorma zu pr\u00e4sentieren. Als seine Stimme aufstieg, verliebte sich Gro\u00dfbritannien \u2013 und die ganze Welt \u2013 in seine Geschichte und sein unglaubliches Talent. Wenig sp\u00e4ter erlebten 12 Millionen Zuschauer, wie Potts zum Gewinner von Britain\u2019s Got Talent gek\u00fcrt wurde. Sein Vorsingen von \u2018Nessun Dorma\u2019 bleibt eines der meistgesehenen Videos in der YouTube-Geschichte, sein Deb\u00fct- und Multi-Platin-Album \u201eOne Chance\u201c erreichte in 15 L\u00e4ndern die Nummer eins und er wurde zweimal zu einem Auftritt f\u00fcr Queen Elizabeth II. bei der Royal Variety Performance eingeladen.<\/p>\n<p>Pauls anhaltende Leidenschaft f\u00fcr die Musik zeigt, dass er sein unglaubliches Geschenk immer noch mit Fans auf allen Kontinenten teilt.<\/p>\n<p>Sein inspirierender Weg wurde auch in dem Hollywood-Film \u201eOne Chance\u201c erz\u00e4hlt. Doch das war noch lange nicht das Ende seiner Geschichte. Ganz im Gegenteil: Paul Potts ist seitdem kontinuierlich auf Tournee und hat bereits \u00fcber 1.000 Auftritte in 45 L\u00e4ndern absolviert.<\/p>\n<p>Neben \u201eOne Chance\u201c hat er sechs weitere Studioalben ver\u00f6ffentlicht, darunter \u201ePassione\u201c (2009), \u201eCinema Paradiso\u201c (2010) und \u201eHome\u201c (2014), sowie eine Greatest Hits-Sammlung (2013). 2017 ver\u00f6ffentlichte er sein f\u00fcnftes Studioalbum \u201eOn Stage\u201c anl\u00e4sslich des zehnj\u00e4hrigen Jubil\u00e4ums seines historischen Sieges, gefolgt von \u201eWinter Dreams\u201c (2019). Paul Potts Album \u201eMusica Non Proibita\u201c, ist ein Doppelalbum mit Arien, die er bei seinen \u201eAt Home\u201c-Sessions w\u00e4hrend des Lockdowns aufgenommen hat. Au\u00dferdem nahm er an \u201eAmerica\u2019s Got Talent: The Champions\u201c teil und setzte sich im gro\u00dfen Finale gegen andere Gewinner aus der ganzen Welt durch.<\/p>\n<p>Trotz der turbulenten letzten Jahre in der Tourneebranche hat es Paul Potts geschafft, in S\u00fcdkorea, Japan, Skandinavien, Deutschland, dem Vereinigten K\u00f6nigreich und Wales aufzutreten. Zudem verbrachte er viele Monate im Aufnahmestudio. Im April 2022 trat er als \u201eKoala\u201c in der deutschen Version von \u201eThe Masked Singer\u201c auf und begeisterte das Publikum mit Klassikern von A-Ha, Toto, Elton John und Dua Lipa.<\/p>","protected":false},"excerpt":{"rendered":"<p>Secure your tickets!<\/p>","protected":false},"featured_media":62920,"template":"","meta":{"_acf_changed":false,"inline_featured_image":false},"product_brand":[],"product_cat":[31,6741,69,86,35,476,21,58],"product_tag":[941,2504,942,943,944,5366,964,947,4188,948],"class_list":{"0":"post-62917","1":"product","2":"type-product","3":"status-publish","4":"has-post-thumbnail","6":"product_cat-events","7":"product_cat-klassik","8":"product_cat-konzert","9":"product_cat-leipzig","10":"product_cat-orte","11":"product_cat-peterskirche","12":"product_cat-ticket","13":"product_cat-veranstaltung","14":"product_tag-events","15":"product_tag-klassik","16":"product_tag-konzert","17":"product_tag-leipzig","18":"product_tag-orte","19":"product_tag-paul-potts-friends","20":"product_tag-peterskirche","21":"product_tag-ticket","22":"product_tag-tour-2026","23":"product_tag-veranstaltung","24":"product_shipping_class-nur_paketversand","25":"pa_discount-inklusive-begleitperson","26":"pa_discount-kind-bis-14-jahre","27":"pa_discount-normalpreis","28":"pa_preiskategorie-pk-i","29":"pa_preiskategorie-pk-ii","30":"pa_preiskategorie-pk-iii","31":"pa_preiskategorie-pk-iv","33":"first","34":"instock","35":"taxable","36":"shipping-taxable","37":"purchasable","38":"product-type-variable"},"group_of_quantity":0,"min_quantity":0,"max_quantity":"","exclude_order_quantity_value_rules":"no","exclude_category_quantity_rules":"no","combine_variations":"no","acf":[],"_links":{"self":[{"href":"https:\/\/arena-ticket.com\/en\/wp-json\/wp\/v2\/product\/62917","targetHints":{"allow":["GET"]}}],"collection":[{"href":"https:\/\/arena-ticket.com\/en\/wp-json\/wp\/v2\/product"}],"about":[{"href":"https:\/\/arena-ticket.com\/en\/wp-json\/wp\/v2\/types\/product"}],"wp:featuredmedia":[{"embeddable":true,"href":"https:\/\/arena-ticket.com\/en\/wp-json\/wp\/v2\/media\/62920"}],"wp:attachment":[{"href":"https:\/\/arena-ticket.com\/en\/wp-json\/wp\/v2\/media?parent=62917"}],"wp:term":[{"taxonomy":"product_brand","embeddable":true,"href":"https:\/\/arena-ticket.com\/en\/wp-json\/wp\/v2\/product_brand?post=62917"},{"taxonomy":"product_cat","embeddable":true,"href":"https:\/\/arena-ticket.com\/en\/wp-json\/wp\/v2\/product_cat?post=62917"},{"taxonomy":"product_tag","embeddable":true,"href":"https:\/\/arena-ticket.com\/en\/wp-json\/wp\/v2\/product_tag?post=62917"}],"curies":[{"name":"wp","href":"https:\/\/api.w.org\/{rel}","templated":true}]}}