{"id":62930,"date":"2026-01-10T14:56:36","date_gmt":"2026-01-10T13:56:36","guid":{"rendered":"https:\/\/arena-ticket.com\/?p=62930&#038;post_type=product&#038;preview_id=62930"},"modified":"2026-02-28T11:00:12","modified_gmt":"2026-02-28T10:00:12","slug":"felix-raeuber-wie-klingt-weihnachten-2026-peterskirche-leipzig-10-12-2026-1930-uhr","status":"publish","type":"product","link":"https:\/\/arena-ticket.com\/en\/product\/felix-raeuber-wie-klingt-weihnachten-2026-peterskirche-leipzig-10-12-2026-1930-uhr\/","title":{"rendered":"Felix R\u00e4uber  - Wie klingt Weihnachten 2026"},"content":{"rendered":"<p>Felix R\u00e4uber ( Polarkreis 18 ) - Wie klingt Weihnachten<\/p>\n<p>Das besinnlichste Konzerterlebnis der Weihnachtszeit kehrt zur\u00fcck auf die B\u00fchne, pr\u00e4sentiert von einem der bekanntesten Hitschreibern und Stimmen Deutschlands \u2013 Felix R\u00e4uber Der ehemalige Frontmann und S\u00e4nger der Pop-Band Polarkreis 18, weltweit ber\u00fchmt f\u00fcr ihren Nummer-1-Hit \u201eAllein Allein\u201c, schenkt klassischen Weihnachtsliedern ein neues musikalisches Gewand.<\/p>\n<p>Gemeinsam mit seinem Pianisten Justin Lehmann-Friese erschafft er einen Abend, der nicht nur f\u00fcr die Herzen ber\u00fchrt sondern auch Raum f\u00fcr Unterhaltung bietet. Die wahre Bedeutung des Weihnachtsfestes soll zum Ausdruck gebracht werden. Ein magisches und einzigartiges Konzerterlebnis, interpretiert in R\u00e4ubers unverkennbar modernen, tr\u00e4umerischen Popstil. So hat man Weihachten noch nie geh\u00f6rt.<\/p>\n<p>Erleben Sie ein Fest f\u00fcr die Sinne und f\u00fcr die ganze Familie, das neben bewegender Musik auch spannende Geschichten und visuelle Eindr\u00fccke f\u00fcr sie bereith\u00e4lt.<\/p>","protected":false},"excerpt":{"rendered":"<p>Secure your tickets!<\/p>","protected":false},"featured_media":62933,"template":"","meta":{"_acf_changed":false,"inline_featured_image":false},"product_brand":[],"product_cat":[31,69,86,35,476,6746,21,58],"product_tag":[941,4235,942,943,944,964,6814,947,948,6712],"class_list":{"0":"post-62930","1":"product","2":"type-product","3":"status-publish","4":"has-post-thumbnail","6":"product_cat-events","7":"product_cat-konzert","8":"product_cat-leipzig","9":"product_cat-orte","10":"product_cat-peterskirche","11":"product_cat-singer-songwriter","12":"product_cat-ticket","13":"product_cat-veranstaltung","14":"product_tag-events","15":"product_tag-felix-raeuber","16":"product_tag-konzert","17":"product_tag-leipzig","18":"product_tag-orte","19":"product_tag-peterskirche","20":"product_tag-singer-songwriter","21":"product_tag-ticket","22":"product_tag-veranstaltung","23":"product_tag-wie-klingt-weihnachten-2026","24":"product_shipping_class-nur_paketversand","25":"pa_discount-inklusive-begleitperson","26":"pa_discount-kind-bis-14-jahre","27":"pa_discount-normalpreis","28":"pa_preiskategorie-freie-platzwahl","30":"first","31":"instock","32":"taxable","33":"shipping-taxable","34":"purchasable","35":"product-type-variable"},"group_of_quantity":0,"min_quantity":0,"max_quantity":"","exclude_order_quantity_value_rules":"no","exclude_category_quantity_rules":"no","combine_variations":"no","acf":[],"_links":{"self":[{"href":"https:\/\/arena-ticket.com\/en\/wp-json\/wp\/v2\/product\/62930","targetHints":{"allow":["GET"]}}],"collection":[{"href":"https:\/\/arena-ticket.com\/en\/wp-json\/wp\/v2\/product"}],"about":[{"href":"https:\/\/arena-ticket.com\/en\/wp-json\/wp\/v2\/types\/product"}],"wp:featuredmedia":[{"embeddable":true,"href":"https:\/\/arena-ticket.com\/en\/wp-json\/wp\/v2\/media\/62933"}],"wp:attachment":[{"href":"https:\/\/arena-ticket.com\/en\/wp-json\/wp\/v2\/media?parent=62930"}],"wp:term":[{"taxonomy":"product_brand","embeddable":true,"href":"https:\/\/arena-ticket.com\/en\/wp-json\/wp\/v2\/product_brand?post=62930"},{"taxonomy":"product_cat","embeddable":true,"href":"https:\/\/arena-ticket.com\/en\/wp-json\/wp\/v2\/product_cat?post=62930"},{"taxonomy":"product_tag","embeddable":true,"href":"https:\/\/arena-ticket.com\/en\/wp-json\/wp\/v2\/product_tag?post=62930"}],"curies":[{"name":"wp","href":"https:\/\/api.w.org\/{rel}","templated":true}]}}