{"id":62935,"date":"2026-01-10T15:02:51","date_gmt":"2026-01-10T14:02:51","guid":{"rendered":"https:\/\/arena-ticket.com\/?p=62935&#038;post_type=product&#038;preview_id=62935"},"modified":"2026-01-10T16:00:05","modified_gmt":"2026-01-10T15:00:05","slug":"sandtheater-on-tour-drei-haselnuesse-fuer-aschenbroedel-peterskirche-leipzig-27-12-2026-1600-uhr","status":"publish","type":"product","link":"https:\/\/arena-ticket.com\/en\/product\/sandtheater-on-tour-drei-haselnuesse-fuer-aschenbroedel-peterskirche-leipzig-27-12-2026-1600-uhr\/","title":{"rendered":"Sandtheater on Tour  - Drei Haseln\u00fcsse f\u00fcr Aschenbr\u00f6del"},"content":{"rendered":"<p>Das wohl beliebteste Weihnachtsm\u00e4rchen der Deutschen \u2013 \u201eDrei Haseln\u00fcsse f\u00fcr Aschenbr\u00f6del\u201c, wird in beeindruckenden Bildern von Sandartisten Filmreif in Sand gemalt und live begleitet von einer Erz\u00e4hlerin. Ganz gro\u00dfes Kino!<\/p>\n<p>\u201eDie Wangen sind mit Asche beschmutzt, aber der Schornsteinfeger ist es nicht. Ein H\u00fctchen mit Federn, die Armbrust \u00fcber der Schulter, aber ein J\u00e4ger ist es nicht. Ein silbergewirktes Kleid mit Schleppe zum Ball, aber eine Prinzessin ist es nicht.\u201c Mit diesen vielsagenden Worten gibt ein sch\u00f6nes wie geheimnisvolles M\u00e4dchen dem anf\u00e4nglich etwas begriffsstutzigen M\u00e4rchenprinzen im beliebten DEFA-Weihnachtsfilm \u201eDrei Haseln\u00fcsse f\u00fcr Aschenbr\u00f6del\u201c ein kniffliges R\u00e4tsel auf, welches sich als buchst\u00e4blich harte Nuss entpuppt \u2013 genauer: als drei goldene Haseln\u00fcsse.<br \/>\nVom gut meinenden Schicksal mit diesen drei g\u00fcldenen Zauberfr\u00fcchten gesegnet, gelingt es dem von Stiefmutter und Stiefschwester schikanierten Aschenbr\u00f6del, nicht nur die Aufmerksamkeit des Thronfolgers auf sich zu lenken, sondern auch dessen Herz zu erobern. Wie ihr dabei Schimmel Nikolaus, Hund Kasperle und Eule Rosalie sowie ein Schwarm wei\u00dfer Tauben helfen, das erz\u00e4hlen wir in diesem mit Sand gemalten M\u00e4rchen, bei dem auch der an der Schlosstreppe zu Moritzburg verloren gegangene Schuh nicht fehlen darf.<br \/>\nSPIELZEIT:\u00a060 Minuten (Pause nach 30 min)<\/p>","protected":false},"excerpt":{"rendered":"<p>Secure your tickets!<\/p>","protected":false},"featured_media":62938,"template":"","meta":{"_acf_changed":false,"inline_featured_image":false},"product_brand":[],"product_cat":[86,35,476,21],"product_tag":[5100,941,943,944,964,6713,958,947,948],"class_list":{"0":"post-62935","1":"product","2":"type-product","3":"status-publish","4":"has-post-thumbnail","6":"product_cat-leipzig","7":"product_cat-orte","8":"product_cat-peterskirche","9":"product_cat-ticket","10":"product_tag-drei-haselnuesse-fuer-aschenbroedel","11":"product_tag-events","12":"product_tag-leipzig","13":"product_tag-orte","14":"product_tag-peterskirche","15":"product_tag-sandtheater-on-tour","16":"product_tag-show","17":"product_tag-ticket","18":"product_tag-veranstaltung","19":"product_shipping_class-nur_paketversand","20":"pa_discount-inklusive-begleitperson","21":"pa_discount-kind-bis-14-jahre","22":"pa_discount-normalpreis","23":"pa_preiskategorie-freie-platzwahl","25":"first","26":"instock","27":"taxable","28":"shipping-taxable","29":"purchasable","30":"product-type-variable"},"group_of_quantity":0,"min_quantity":0,"max_quantity":"","exclude_order_quantity_value_rules":"no","exclude_category_quantity_rules":"no","combine_variations":"no","acf":[],"_links":{"self":[{"href":"https:\/\/arena-ticket.com\/en\/wp-json\/wp\/v2\/product\/62935","targetHints":{"allow":["GET"]}}],"collection":[{"href":"https:\/\/arena-ticket.com\/en\/wp-json\/wp\/v2\/product"}],"about":[{"href":"https:\/\/arena-ticket.com\/en\/wp-json\/wp\/v2\/types\/product"}],"wp:featuredmedia":[{"embeddable":true,"href":"https:\/\/arena-ticket.com\/en\/wp-json\/wp\/v2\/media\/62938"}],"wp:attachment":[{"href":"https:\/\/arena-ticket.com\/en\/wp-json\/wp\/v2\/media?parent=62935"}],"wp:term":[{"taxonomy":"product_brand","embeddable":true,"href":"https:\/\/arena-ticket.com\/en\/wp-json\/wp\/v2\/product_brand?post=62935"},{"taxonomy":"product_cat","embeddable":true,"href":"https:\/\/arena-ticket.com\/en\/wp-json\/wp\/v2\/product_cat?post=62935"},{"taxonomy":"product_tag","embeddable":true,"href":"https:\/\/arena-ticket.com\/en\/wp-json\/wp\/v2\/product_tag?post=62935"}],"curies":[{"name":"wp","href":"https:\/\/api.w.org\/{rel}","templated":true}]}}