{"id":62943,"date":"2026-01-10T15:09:11","date_gmt":"2026-01-10T14:09:11","guid":{"rendered":"https:\/\/arena-ticket.com\/?p=62943&#038;post_type=product&#038;preview_id=62943"},"modified":"2026-01-10T15:14:59","modified_gmt":"2026-01-10T14:14:59","slug":"the-original-usa-gospel-singers-band-peterskirche-leipzig-28-12-2026-2000-uhr","status":"publish","type":"product","link":"https:\/\/arena-ticket.com\/en\/product\/the-original-usa-gospel-singers-band-peterskirche-leipzig-28-12-2026-2000-uhr\/","title":{"rendered":"The Original USA Gospel Singers & Band - Tour 2026"},"content":{"rendered":"<section class=\"c-full c-inner c-narrow\" data-c=\"stageteasertext\" data-qa=\"stageteasertext-component\">\n<div class=\"container\">\n<div class=\"external-content no-margin\">\n<div class=\"u-position-relative js-moretext-wrapper\">\n<div class=\"moretext js-moretext expanded\" data-qa=\"readMoreText\">\n<div class=\"moretext-teaser\">\n<h2>Einer der besten Gospelch\u00f6re der Welt<\/h2>\n<h1 class=\"mb-0 h1-small pb-2\">The Original USA Gospel Singers &amp; Band<\/h1>\n<h2 class=\"text-muted\">Weihnachten in GOSPEL-ART<\/h2>\n<p class=\"mt-2 pt-2\">Mit Songs wie: Joshua fit the battle, Nobody knows, Sometimes I feel like a motherless child, Go down Moses, Hail Mary, Down by the riverside, Oh happy day, Swing low sweet chariot, I got shoes, Go tell it on the mountain, His eyes on the sparrow, I will sing Hallelujah und vielen mehr.<\/p>\n<p>Nicht nur in der ehrw\u00fcrdigen Scala in Mailand erfreuten sie das Publikum, sondern auch beim Weihnachtskonzert im Vatikan den Papst. Nach dem gro\u00dfen Erfolg in meist ausverkauften H\u00e4usern wieder auf Tournee in Europa.<\/p>\n<p>Die afro-amerikanische Gospelgruppe mit Live- Band und gro\u00dfer Licht- und B\u00fchnenshow bringt das urspr\u00fcngliche Gef\u00fcl der schwarzen Gospelkultur authentisch nahe und erz\u00e4hlt deren Geschichte. Von der Entstehung bis zur heutigen Zeit, von Mahalia Jackson bis James Cleveland, vom Einfluss der Karibik bis zur Weihnachtsgeschichte. Das Ensemble umfasst ausgew\u00e4hlte Spitzens\u00e4nger, hervorragende Solos\u00e4nger und -musiker, die in einem zweist\u00fcndigen Programm all das bieten, was Gospel so sch\u00f6n macht: Emotionalit\u00e4t, Religiosit\u00e4t und pure Lebensfreude.<\/p>\n<p>Das Ziel jeder Vorstellung der Original USA Gospel Singers ist es, Menschen durch die immense spirituelle Kraft der einzelnen Songs einander n\u00e4her zu bringen. Wichtiger Bestandteil jeder Show ist die aktive Teilnahme des Publikums. Hand in Hand erleben die Zuschauer die Kraft der echten Gospelmusik. Die Emotionen, die dabei geweckt werden, machen den Abend zu einem Ereignis, an das sich jeder Besucher noch lange erinnern wird.<\/p>\n<\/div>\n<\/div>\n<div class=\"link moretext-toggle\"><\/div>\n<\/div>\n<\/div>\n<\/div>\n<\/section>\n<section class=\"c container\" data-c=\"eviwidget\" data-qa=\"evi-widget\">\n<div class=\"js-evi-wrapper theme-element-border evi-wrapper\">\n<div class=\"js-evi-box\" data-evi-widget-version=\"3.19.0\">\n<div id=\"evi-widget-rule-11e8fcb5-8a5e-aaee-e6eb-996adb054c48\" class=\"evi-widget evi-widget evi-widget-type-ticket-alarm-single\"><\/div>\n<\/div>\n<\/div>\n<\/section>","protected":false},"excerpt":{"rendered":"<p>Secure your tickets!<\/p>","protected":false},"featured_media":62947,"template":"","meta":{"_acf_changed":false,"inline_featured_image":false},"product_brand":[],"product_cat":[31,69,86,35,476,6749,21,58],"product_tag":[941,942,943,944,964,6714,947,4188,948],"class_list":{"0":"post-62943","1":"product","2":"type-product","3":"status-publish","4":"has-post-thumbnail","6":"product_cat-events","7":"product_cat-konzert","8":"product_cat-leipzig","9":"product_cat-orte","10":"product_cat-peterskirche","11":"product_cat-sonstiges_konzert","12":"product_cat-ticket","13":"product_cat-veranstaltung","14":"product_tag-events","15":"product_tag-konzert","16":"product_tag-leipzig","17":"product_tag-orte","18":"product_tag-peterskirche","19":"product_tag-the-original-usa-gospel-singers-band","20":"product_tag-ticket","21":"product_tag-tour-2026","22":"product_tag-veranstaltung","23":"product_shipping_class-nur_paketversand","24":"pa_discount-inklusive-begleitperson","25":"pa_discount-kind-bis-14-jahre","26":"pa_discount-normalpreis","27":"pa_preiskategorie-freie-platzwahl","29":"first","30":"instock","31":"taxable","32":"shipping-taxable","33":"purchasable","34":"product-type-variable"},"group_of_quantity":0,"min_quantity":0,"max_quantity":"","exclude_order_quantity_value_rules":"no","exclude_category_quantity_rules":"no","combine_variations":"no","acf":[],"_links":{"self":[{"href":"https:\/\/arena-ticket.com\/en\/wp-json\/wp\/v2\/product\/62943","targetHints":{"allow":["GET"]}}],"collection":[{"href":"https:\/\/arena-ticket.com\/en\/wp-json\/wp\/v2\/product"}],"about":[{"href":"https:\/\/arena-ticket.com\/en\/wp-json\/wp\/v2\/types\/product"}],"wp:featuredmedia":[{"embeddable":true,"href":"https:\/\/arena-ticket.com\/en\/wp-json\/wp\/v2\/media\/62947"}],"wp:attachment":[{"href":"https:\/\/arena-ticket.com\/en\/wp-json\/wp\/v2\/media?parent=62943"}],"wp:term":[{"taxonomy":"product_brand","embeddable":true,"href":"https:\/\/arena-ticket.com\/en\/wp-json\/wp\/v2\/product_brand?post=62943"},{"taxonomy":"product_cat","embeddable":true,"href":"https:\/\/arena-ticket.com\/en\/wp-json\/wp\/v2\/product_cat?post=62943"},{"taxonomy":"product_tag","embeddable":true,"href":"https:\/\/arena-ticket.com\/en\/wp-json\/wp\/v2\/product_tag?post=62943"}],"curies":[{"name":"wp","href":"https:\/\/api.w.org\/{rel}","templated":true}]}}