{"id":62957,"date":"2026-01-10T18:34:33","date_gmt":"2026-01-10T17:34:33","guid":{"rendered":"https:\/\/arena-ticket.com\/?p=62957&#038;post_type=product&#038;preview_id=62957"},"modified":"2026-02-28T11:51:33","modified_gmt":"2026-02-28T10:51:33","slug":"tobi-krell-raetsel-wissen-abenteuer-die-grosse-sommershow-dresden-filmnaechte-am-elbufer-27-06-2026-1600-uhr","status":"publish","type":"product","link":"https:\/\/arena-ticket.com\/en\/product\/tobi-krell-raetsel-wissen-abenteuer-die-grosse-sommershow-dresden-filmnaechte-am-elbufer-27-06-2026-1600-uhr\/","title":{"rendered":"Tobi Krell - R\u00e4tsel, Wissen, Abenteuer  - Die gro\u00dfe Sommershow"},"content":{"rendered":"<p>Open Air Tour 2026: R\u00e4tsel, Wissen, Abenteuer \u2013 die gro\u00dfe Sommershow.\u00a0 Packt eure Neugier ein und macht euch bereit f\u00fcr eine bunte und aufregende Show: Tobi bringt coole Experimente auf die B\u00fchne, hat \u00fcberraschende Fakten aus Naturwissenschaft und Technik im Gep\u00e4ck und jede Menge Mitmach-Aktionen f\u00fcr euch. Ob bei kniffligen Quizfragen, aufregenden Spielen oder kleinen Abenteuern \u2013 alle k\u00f6nnen mitmachen!\u00a0 Tobis Sommershow bringt Spa\u00df und Wissen (und Abk\u00fchlung!) f\u00fcr die ganze Familie!<\/p>","protected":false},"excerpt":{"rendered":"<p>Jetzt Tickets f\u00fcr die Open-Air-Show in Dresden sichern!<\/p>","protected":false},"featured_media":62960,"template":"","meta":{"_acf_changed":false,"inline_featured_image":false},"product_brand":[],"product_cat":[87,31,398,94,35,21,58],"product_tag":[6719,6716,940,941,3000,978,944,947,6717,6715,948,6718],"class_list":{"0":"post-62957","1":"product","2":"type-product","3":"status-publish","4":"has-post-thumbnail","6":"product_cat-dresden","7":"product_cat-events","8":"product_cat-filmnaechte-am-elbufer","9":"product_cat-kinder","10":"product_cat-orte","11":"product_cat-ticket","12":"product_cat-veranstaltung","13":"product_tag-abenteuer","14":"product_tag-die-grosse-sommershow","15":"product_tag-dresden","16":"product_tag-events","17":"product_tag-filmnaechte-am-elbufer","18":"product_tag-kinder","19":"product_tag-orte","20":"product_tag-ticket","21":"product_tag-tobi-krell-raetsel","22":"product_tag-tobi-krell-raetsel-wissen-abenteuer","23":"product_tag-veranstaltung","24":"product_tag-wissen","25":"product_shipping_class-nur_paketversand","26":"pa_discount-inklusive-begleitperson","27":"pa_discount-kind-bis-14-jahre","28":"pa_discount-normalpreis","29":"pa_preiskategorie-freie-platzwahl","31":"first","32":"outofstock","33":"taxable","34":"shipping-taxable","35":"purchasable","36":"product-type-variable"},"group_of_quantity":0,"min_quantity":0,"max_quantity":"","exclude_order_quantity_value_rules":"no","exclude_category_quantity_rules":"no","combine_variations":"no","acf":[],"_links":{"self":[{"href":"https:\/\/arena-ticket.com\/en\/wp-json\/wp\/v2\/product\/62957","targetHints":{"allow":["GET"]}}],"collection":[{"href":"https:\/\/arena-ticket.com\/en\/wp-json\/wp\/v2\/product"}],"about":[{"href":"https:\/\/arena-ticket.com\/en\/wp-json\/wp\/v2\/types\/product"}],"wp:featuredmedia":[{"embeddable":true,"href":"https:\/\/arena-ticket.com\/en\/wp-json\/wp\/v2\/media\/62960"}],"wp:attachment":[{"href":"https:\/\/arena-ticket.com\/en\/wp-json\/wp\/v2\/media?parent=62957"}],"wp:term":[{"taxonomy":"product_brand","embeddable":true,"href":"https:\/\/arena-ticket.com\/en\/wp-json\/wp\/v2\/product_brand?post=62957"},{"taxonomy":"product_cat","embeddable":true,"href":"https:\/\/arena-ticket.com\/en\/wp-json\/wp\/v2\/product_cat?post=62957"},{"taxonomy":"product_tag","embeddable":true,"href":"https:\/\/arena-ticket.com\/en\/wp-json\/wp\/v2\/product_tag?post=62957"}],"curies":[{"name":"wp","href":"https:\/\/api.w.org\/{rel}","templated":true}]}}