{"id":62978,"date":"2026-01-10T19:05:58","date_gmt":"2026-01-10T18:05:58","guid":{"rendered":"https:\/\/arena-ticket.com\/?p=62978&#038;post_type=product&#038;preview_id=62978"},"modified":"2026-01-10T19:20:27","modified_gmt":"2026-01-10T18:20:27","slug":"die-fantastischen-vier-der-letzte-bus-open-airs-2027-final-tour-26-28-dresden-filmnaechte-am-elbufer-22-08-2027-1900-uhr","status":"publish","type":"product","link":"https:\/\/arena-ticket.com\/en\/product\/die-fantastischen-vier-der-letzte-bus-open-airs-2027-final-tour-26-28-dresden-filmnaechte-am-elbufer-22-08-2027-1900-uhr\/","title":{"rendered":"Die Fantastischen Vier  - Der letzte Bus - Open Airs 2027 - Final Tour 26-28"},"content":{"rendered":"<p>Mit \u201eDer letzte Bus\u201c k\u00fcndigen Die Fantastischen Vier eine ganz besondere Tournee an. Nach \u00fcber drei Jahrzehnten Bandgeschichte, mehr als tausend Konzerten und zahllosen N\u00e4chten im Tourbus geht das Quartett ein letztes Mal auf gro\u00dfe Fahrt \u2013 mit allem, was dazugeh\u00f6rt: mit gro\u00dfer B\u00fchne, mit brandneuer Show und brillanten Musikern. Noch einmal Lichter, L\u00e4rm und Liebe. Noch einmal 4 St\u00e4dte in 4 Tagen - Mammutlogistik, Nachtschichten auf der Autobahn. Und das f\u00fcr mindestens 18 Monate, um m\u00f6glichst an allen Haltestellen Station zu machen, die die Band schon einmal besucht hat.<\/p>\n<p>F\u00fcr alle, die sagen: \u201eIch hab sie nie live gesehen.\u201c Oder: \u201eDas letzte Mal ist viel zu lange her.\u201c F\u00fcr alle, die wissen wollen, warum das hier immer mehr war als Musik. F\u00fcr alle, die Teil dieser beispiellosen Geschichte sind \u2013 oder es werden wollen. Und f\u00fcr alle, die sp\u00fcren: Dieser Moment kommt nicht zur\u00fcck. Abfahrt!<\/p>","protected":false},"excerpt":{"rendered":"<p>Secure your tickets!<\/p>","protected":false},"featured_media":62984,"template":"","meta":{"_acf_changed":false,"inline_featured_image":false},"product_brand":[],"product_cat":[87,31,398,6737,69,35,21,58],"product_tag":[6722,1310,940,941,3000,942,944,947,948],"class_list":{"0":"post-62978","1":"product","2":"type-product","3":"status-publish","4":"has-post-thumbnail","6":"product_cat-dresden","7":"product_cat-events","8":"product_cat-filmnaechte-am-elbufer","9":"product_cat-hip-hop-rnb","10":"product_cat-konzert","11":"product_cat-orte","12":"product_cat-ticket","13":"product_cat-veranstaltung","14":"product_tag-der-letzte-bus-open-airs-2027-final-tour-26-28","15":"product_tag-die-fantastischen-vier","16":"product_tag-dresden","17":"product_tag-events","18":"product_tag-filmnaechte-am-elbufer","19":"product_tag-konzert","20":"product_tag-orte","21":"product_tag-ticket","22":"product_tag-veranstaltung","23":"product_shipping_class-nur_paketversand","24":"pa_discount-kind","25":"pa_discount-normalpreis","26":"pa_preiskategorie-stehplatz","28":"first","29":"instock","30":"taxable","31":"shipping-taxable","32":"purchasable","33":"product-type-variable"},"group_of_quantity":0,"min_quantity":0,"max_quantity":"","exclude_order_quantity_value_rules":"no","exclude_category_quantity_rules":"no","combine_variations":"no","acf":[],"_links":{"self":[{"href":"https:\/\/arena-ticket.com\/en\/wp-json\/wp\/v2\/product\/62978","targetHints":{"allow":["GET"]}}],"collection":[{"href":"https:\/\/arena-ticket.com\/en\/wp-json\/wp\/v2\/product"}],"about":[{"href":"https:\/\/arena-ticket.com\/en\/wp-json\/wp\/v2\/types\/product"}],"wp:featuredmedia":[{"embeddable":true,"href":"https:\/\/arena-ticket.com\/en\/wp-json\/wp\/v2\/media\/62984"}],"wp:attachment":[{"href":"https:\/\/arena-ticket.com\/en\/wp-json\/wp\/v2\/media?parent=62978"}],"wp:term":[{"taxonomy":"product_brand","embeddable":true,"href":"https:\/\/arena-ticket.com\/en\/wp-json\/wp\/v2\/product_brand?post=62978"},{"taxonomy":"product_cat","embeddable":true,"href":"https:\/\/arena-ticket.com\/en\/wp-json\/wp\/v2\/product_cat?post=62978"},{"taxonomy":"product_tag","embeddable":true,"href":"https:\/\/arena-ticket.com\/en\/wp-json\/wp\/v2\/product_tag?post=62978"}],"curies":[{"name":"wp","href":"https:\/\/api.w.org\/{rel}","templated":true}]}}