{"id":63106,"date":"2026-01-12T11:25:16","date_gmt":"2026-01-12T10:25:16","guid":{"rendered":"https:\/\/arena-ticket.com\/?p=63106&#038;post_type=product&#038;preview_id=63106"},"modified":"2026-02-11T17:08:22","modified_gmt":"2026-02-11T16:08:22","slug":"stereoact-ich-liebe-das-leben-party-elbauenpark-16-05-2026-2000-uhr","status":"publish","type":"product","link":"https:\/\/arena-ticket.com\/en\/product\/stereoact-ich-liebe-das-leben-party-elbauenpark-16-05-2026-2000-uhr\/","title":{"rendered":"Stereoact  - Ich liebe das Leben Party"},"content":{"rendered":"<p data-pm-slice=\"1 1 []\">Das Erfolgs DJ- &amp; Produzentenduo Stereoact \u2013 bestehend aus Rico &amp; Sebastian \u2013 hat einfach ein H\u00e4ndchen f\u00fcr erfolgreiche Zusammenarbeit und Talente.<\/p>\n<p>Mit \u00fcber 340 Millionen Streams ihrer deutschsprachigen Songs z\u00e4hlen sie zu den erfolgreichsten deutschen DJs. Dazu kommen Auszeichnungen wie 8-fach Gold, 4-fach Platin und der seltene Diamant Award f\u00fcr \u00fcber 1.200.000 verkaufte Singles mit ihrem MegaHit \u201eDie Immer lacht \u201c (mit Kerstin Ott) sowie drei Echo Nominierungen. Das Video zum Song ist mit aktuell 196 Millionen Views das erfolgreichste Deutsche Musikvideo aller Zeiten. Das ist, wenn Deephouse mit Pop-Schlager harmonisch zusammentrifft.<\/p>\n<p>Die gewohnte Hit-Melodie von Stereoact. Aber es ist nicht nur \u201eDie immer lacht\u201c. Auch \u201eNummer Eins\u201c feat. Chris Cronauer wurde mit einer Goldenen Schallplatte ausgezeichnet f\u00fcr \u00fcber 200.000 Verkaufte Singles und weist \u00fcber 69 Millionen Streams bei YouTube &amp; Spotify aus. 2021 TOP 10 Album #Schlager Stereoact ! Platz 6 der Offiziellen Album Verkaufscharts ! Dazu 6 Singles Platz 1 in Download Charts. Sie haben bei Spotify \u00fcber 1.200.000 Monatliche H\u00f6rer<\/p>","protected":false},"excerpt":{"rendered":"<p>Secure your tickets!<\/p>","protected":false},"featured_media":63112,"template":"","meta":{"_acf_changed":false,"inline_featured_image":false},"product_brand":[],"product_cat":[6738,6480,31,69,319,35,21,58],"product_tag":[6488,6486,941,6723,942,4060,6487,944,3803,947,948],"class_list":{"0":"post-63106","1":"product","2":"type-product","3":"status-publish","4":"has-post-thumbnail","6":"product_cat-dance","7":"product_cat-elbauenpark","8":"product_cat-events","9":"product_cat-konzert","10":"product_cat-magdeburg","11":"product_cat-orte","12":"product_cat-ticket","13":"product_cat-veranstaltung","14":"product_tag-deutschlands-groesste-mallorcaparty-im-sommer-2026","15":"product_tag-elbauenpark","16":"product_tag-events","17":"product_tag-ich-liebe-das-leben-party","18":"product_tag-konzert","19":"product_tag-magdeburg","20":"product_tag-mega-malle-2026","21":"product_tag-orte","22":"product_tag-stereoact","23":"product_tag-ticket","24":"product_tag-veranstaltung","25":"product_shipping_class-abholung_paketversand","26":"pa_discount-kind","27":"pa_discount-normalpreis","28":"pa_preiskategorie-stehplatz","30":"first","31":"instock","32":"taxable","33":"shipping-taxable","34":"purchasable","35":"product-type-variable"},"group_of_quantity":0,"min_quantity":0,"max_quantity":"","exclude_order_quantity_value_rules":"no","exclude_category_quantity_rules":"no","combine_variations":"no","acf":[],"_links":{"self":[{"href":"https:\/\/arena-ticket.com\/en\/wp-json\/wp\/v2\/product\/63106","targetHints":{"allow":["GET"]}}],"collection":[{"href":"https:\/\/arena-ticket.com\/en\/wp-json\/wp\/v2\/product"}],"about":[{"href":"https:\/\/arena-ticket.com\/en\/wp-json\/wp\/v2\/types\/product"}],"wp:featuredmedia":[{"embeddable":true,"href":"https:\/\/arena-ticket.com\/en\/wp-json\/wp\/v2\/media\/63112"}],"wp:attachment":[{"href":"https:\/\/arena-ticket.com\/en\/wp-json\/wp\/v2\/media?parent=63106"}],"wp:term":[{"taxonomy":"product_brand","embeddable":true,"href":"https:\/\/arena-ticket.com\/en\/wp-json\/wp\/v2\/product_brand?post=63106"},{"taxonomy":"product_cat","embeddable":true,"href":"https:\/\/arena-ticket.com\/en\/wp-json\/wp\/v2\/product_cat?post=63106"},{"taxonomy":"product_tag","embeddable":true,"href":"https:\/\/arena-ticket.com\/en\/wp-json\/wp\/v2\/product_tag?post=63106"}],"curies":[{"name":"wp","href":"https:\/\/api.w.org\/{rel}","templated":true}]}}