{"id":63286,"date":"2026-01-13T15:44:09","date_gmt":"2026-01-13T14:44:09","guid":{"rendered":"https:\/\/arena-ticket.com\/?p=63286&#038;post_type=product&#038;preview_id=63286"},"modified":"2026-03-25T20:17:20","modified_gmt":"2026-03-25T19:17:20","slug":"sc-dhfk-leipzig-thsv-eisenach-29-03-2026-1500-uhr-qia-leipzig","status":"publish","type":"product","link":"https:\/\/arena-ticket.com\/en\/product\/sc-dhfk-leipzig-thsv-eisenach-29-03-2026-1500-uhr-qia-leipzig\/","title":{"rendered":"SC DHfK Leipzig  - ThSV Eisenach"},"content":{"rendered":"<p><em><strong>ATTENTION<\/strong>: Please inquire about the current kick-off times before the respective matches!<br \/>\n<\/em><\/p>\n<p>&nbsp;<\/p>\n<p><strong><em>Discounts<\/em><\/strong> Received: Pupils, students, trainees, pensioners, Leipzig Pass holders, severely disabled people and wheelchair users (upon presentation of the relevant proof)<\/p>\n<p><strong><em>Child<\/em><\/strong>: Children aged 6-16 years<br \/>\nChildren under 6 years of age receive free entry (no seat required)<\/p>\n<p><em>Please note:<\/em>\u00a0On the day of the match, electronic access control is carried out at the entrance to the hall, so if you have discounted tickets, you must carry the relevant authorization card with you and show it upon request.<\/p>\n<p><strong>BOX OFFICE<\/strong><br \/>\nRemaining tickets can be purchased at the box office, depending on availability. This opens 2.5 hours before the game starts at the QUARTERBACK Immobilien ARENA ticket shop.<\/p>\n<p><strong>Bitte<\/strong> erkundigen Sie sich vor den jeweiligen Begegnungen nochmals nach den entsprechend aktuellen Ansto\u00dfzeiten!<\/p>\n<p>&nbsp;<\/p>","protected":false},"excerpt":{"rendered":"<p>ACHTUNG: Bitte erkundigen Sie sich vor den jeweiligen Begegnungen noch mal nach den entsprechend aktuellen Ansto\u00dfzeiten! &nbsp; Erm\u00e4\u00dfigungen erhalten: Sch\u00fcler, Studenten, Azubis, Rentner, Leipzig-Pass-Inhaber, Schwerbehinderte und Rollstuhlfahrer (mit Vorlage des entsprechenden Nachweises) Kind: Kinder im Alter von 6-16 Jahre Kinder unter 6 Jahren erhalten freien Eintritt (ohne Sitzplatzanspruch) Bitte beachten:\u00a0Am Spieltag erfolgt am Halleneingang eine [&hellip;]<\/p>\n","protected":false},"featured_media":49819,"template":"","meta":{"_acf_changed":false,"inline_featured_image":false},"product_brand":[],"product_cat":[31,6750,86,35,37,32,21,22,58],"product_tag":[941,155,943,944,945,3190,5642,4057,947,973,948],"class_list":{"0":"post-63286","1":"product","2":"type-product","3":"status-publish","4":"has-post-thumbnail","6":"product_cat-events","7":"product_cat-handball","8":"product_cat-leipzig","9":"product_cat-orte","10":"product_cat-quarterback-immobilien-arena","11":"product_cat-sport","12":"product_cat-ticket","13":"product_cat-ticketupgrades-zusatzleistungen","14":"product_cat-veranstaltung","15":"product_tag-events","16":"product_tag-handball","17":"product_tag-leipzig","18":"product_tag-orte","19":"product_tag-quarterback-immobilien-arena","20":"product_tag-sc-dhfk-leipzig","21":"product_tag-sport","22":"product_tag-thsv-eisenach","23":"product_tag-ticket","24":"product_tag-ticketupgrades-zusatzleistungen","25":"product_tag-veranstaltung","26":"product_shipping_class-abholung_briefversand","27":"pa_discount-ermaessigt","28":"pa_discount-familienticket","29":"pa_discount-inklusive-begleitperson","30":"pa_discount-kind","31":"pa_discount-normalpreis","32":"pa_preiskategorie-gaestebereich","33":"pa_preiskategorie-kombiticket","34":"pa_preiskategorie-pk-i","35":"pa_preiskategorie-pk-ii","36":"pa_preiskategorie-pk-iii","37":"pa_preiskategorie-pk3-stehplatz","38":"pa_preiskategorie-pk-iv","39":"pa_preiskategorie-rollstuhlfahrer","41":"first","42":"instock","43":"taxable","44":"shipping-taxable","45":"purchasable","46":"product-type-variable"},"group_of_quantity":0,"min_quantity":0,"max_quantity":"","exclude_order_quantity_value_rules":"no","exclude_category_quantity_rules":"no","combine_variations":"no","acf":[],"_links":{"self":[{"href":"https:\/\/arena-ticket.com\/en\/wp-json\/wp\/v2\/product\/63286","targetHints":{"allow":["GET"]}}],"collection":[{"href":"https:\/\/arena-ticket.com\/en\/wp-json\/wp\/v2\/product"}],"about":[{"href":"https:\/\/arena-ticket.com\/en\/wp-json\/wp\/v2\/types\/product"}],"wp:featuredmedia":[{"embeddable":true,"href":"https:\/\/arena-ticket.com\/en\/wp-json\/wp\/v2\/media\/49819"}],"wp:attachment":[{"href":"https:\/\/arena-ticket.com\/en\/wp-json\/wp\/v2\/media?parent=63286"}],"wp:term":[{"taxonomy":"product_brand","embeddable":true,"href":"https:\/\/arena-ticket.com\/en\/wp-json\/wp\/v2\/product_brand?post=63286"},{"taxonomy":"product_cat","embeddable":true,"href":"https:\/\/arena-ticket.com\/en\/wp-json\/wp\/v2\/product_cat?post=63286"},{"taxonomy":"product_tag","embeddable":true,"href":"https:\/\/arena-ticket.com\/en\/wp-json\/wp\/v2\/product_tag?post=63286"}],"curies":[{"name":"wp","href":"https:\/\/api.w.org\/{rel}","templated":true}]}}