{"id":63332,"date":"2026-01-13T17:01:04","date_gmt":"2026-01-13T16:01:04","guid":{"rendered":"https:\/\/arena-ticket.com\/?p=63332&#038;post_type=product&#038;preview_id=63332"},"modified":"2026-03-25T13:32:41","modified_gmt":"2026-03-25T12:32:41","slug":"feuerwerk-der-turnkunst-hope-leipzig-quarterback-immobilien-arena-14-01-2027-1700-uhr","status":"publish","type":"product","link":"https:\/\/arena-ticket.com\/en\/product\/feuerwerk-der-turnkunst-hope-leipzig-quarterback-immobilien-arena-14-01-2027-1700-uhr\/","title":{"rendered":"Feuerwerk Der Turnkunst - Hope"},"content":{"rendered":"<p>Stell Dir eine Welt vor, in der es keine Grenzen gibt und jeder Moment darauf wartet, gelebt zu<br \/>\nwerden. Und alles, was Du daf\u00fcr tun musst, ist, Dich darauf einzulassen.<br \/>\nLass Dich von einer einzigartigen Atmosph\u00e4re verzaubern, die in jeder Sekunde Zuversicht,<br \/>\nUnbeschwertheit und Leidenschaft ausstrahlt. Kraftvolle Bewegungen am Boden wechseln sich ab<br \/>\nmit fliegender Leichtigkeit in der H\u00f6he. Erlebe ein Spiel aus mitrei\u00dfender Dynamik und magischer<br \/>\nSchwerelosigkeit, bei dem rasante Salti und spektakul\u00e4re \u00dcberschl\u00e4ge auf schwebende Anmut<br \/>\ntreffen. Eine atemberaubende Neuheit beim Feuerwerk der Turnkunst wird dabei die seltene Cloud<br \/>\nSwing sein. Auf ihr entfaltet sich ein poetischer Tanz zwischen Himmel und Erde, der Kraft und<br \/>\nEleganz spielerisch miteinander verbindet.<br \/>\nhope erweitert Deinen Blick f\u00fcr das Neue und Du kannst dabei hautnah erleben, wie sich Mut und<br \/>\nVertrauen in Magie verwandeln. Bist Du bereit, deine Gedanken fliegen und Dein Herz tanzen zu<br \/>\nlassen?<br \/>\nDann wird hope DEIN Moment!<\/p>","protected":false},"excerpt":{"rendered":"<p>Feuerwerk der Turnkunst am 13. &amp; 14.01.2027 in Leipzig in der QUARTERBACK Immobilien ARENA<\/p>","protected":false},"featured_media":63327,"template":"","meta":{"_acf_changed":false,"inline_featured_image":false},"product_brand":[],"product_cat":[31,86,35,37,32,21,22,6757,58],"product_tag":[941,2925,6780,943,944,945,5642,947,973,304,948,4484],"class_list":{"0":"post-63332","1":"product","2":"type-product","3":"status-publish","4":"has-post-thumbnail","6":"product_cat-events","7":"product_cat-leipzig","8":"product_cat-orte","9":"product_cat-quarterback-immobilien-arena","10":"product_cat-sport","11":"product_cat-ticket","12":"product_cat-ticketupgrades-zusatzleistungen","13":"product_cat-turnen","14":"product_cat-veranstaltung","15":"product_tag-events","16":"product_tag-feuerwerk-der-turnkunst","17":"product_tag-hope","18":"product_tag-leipzig","19":"product_tag-orte","20":"product_tag-quarterback-immobilien-arena","21":"product_tag-sport","22":"product_tag-ticket","23":"product_tag-ticketupgrades-zusatzleistungen","24":"product_tag-turnen","25":"product_tag-veranstaltung","26":"product_tag-viva","27":"product_shipping_class-abholung_paketversand","28":"pa_discount-ermaessigt","29":"pa_discount-inklusive-begleitperson","30":"pa_discount-normalpreis","31":"pa_preiskategorie-ggv-up","32":"pa_preiskategorie-pgv-up","33":"pa_preiskategorie-pk-i","34":"pa_preiskategorie-pk-ii","35":"pa_preiskategorie-pk-iii","36":"pa_preiskategorie-pk-iv","37":"pa_preiskategorie-pk-v","38":"pa_preiskategorie-pk-vi","39":"pa_preiskategorie-premium-gold","40":"pa_preiskategorie-rollstuhlfahrer","42":"first","43":"instock","44":"taxable","45":"shipping-taxable","46":"purchasable","47":"product-type-variable"},"group_of_quantity":0,"min_quantity":0,"max_quantity":"","exclude_order_quantity_value_rules":"no","exclude_category_quantity_rules":"no","combine_variations":"no","acf":[],"_links":{"self":[{"href":"https:\/\/arena-ticket.com\/en\/wp-json\/wp\/v2\/product\/63332","targetHints":{"allow":["GET"]}}],"collection":[{"href":"https:\/\/arena-ticket.com\/en\/wp-json\/wp\/v2\/product"}],"about":[{"href":"https:\/\/arena-ticket.com\/en\/wp-json\/wp\/v2\/types\/product"}],"wp:featuredmedia":[{"embeddable":true,"href":"https:\/\/arena-ticket.com\/en\/wp-json\/wp\/v2\/media\/63327"}],"wp:attachment":[{"href":"https:\/\/arena-ticket.com\/en\/wp-json\/wp\/v2\/media?parent=63332"}],"wp:term":[{"taxonomy":"product_brand","embeddable":true,"href":"https:\/\/arena-ticket.com\/en\/wp-json\/wp\/v2\/product_brand?post=63332"},{"taxonomy":"product_cat","embeddable":true,"href":"https:\/\/arena-ticket.com\/en\/wp-json\/wp\/v2\/product_cat?post=63332"},{"taxonomy":"product_tag","embeddable":true,"href":"https:\/\/arena-ticket.com\/en\/wp-json\/wp\/v2\/product_tag?post=63332"}],"curies":[{"name":"wp","href":"https:\/\/api.w.org\/{rel}","templated":true}]}}