{"id":63470,"date":"2026-01-14T11:54:10","date_gmt":"2026-01-14T10:54:10","guid":{"rendered":"https:\/\/arena-ticket.com\/?p=63470&#038;post_type=product&#038;preview_id=63470"},"modified":"2026-02-12T10:55:15","modified_gmt":"2026-02-12T09:55:15","slug":"familienkonzert-anders-deutschland-leipzig-schauspielhaus-03-05-2065-1500-uhr","status":"publish","type":"product","link":"https:\/\/arena-ticket.com\/en\/product\/familienkonzert-anders-deutschland-leipzig-schauspielhaus-03-05-2065-1500-uhr\/","title":{"rendered":"Familienkonzert - a cappella  - anders (Deutschland)"},"content":{"rendered":"<div class=\"description\">\n<p>Ganz klassisch hervorgegangen aus den Ambitionen einer Schulband, machen anders mundgemachte Popmusik. Fu\u0308nf Jungs, die singen, fu\u0308nf Freunde, fu\u0308nf feine Stimmen mit Songs, die modern, griffig und ausdrucksvoll sind. Und damit haben sie auch u\u0308ber die Landesgrenzen hinweg schon auf sich aufmerksam gemacht. A-cappella-Pop mit deutschen Texten aus dem Leben at its best, sozusagen. Nun auch in Leipzig, fu\u0308r einen vokalen Kurzurlaub quer durch den Genregarten und nah am Publikum und dem Puls der Zeit. Wie u\u0308blich am Sonntagnachmittag eine Stunde fu\u0308r die gesamte A-cappella-Familie (und dabei zugleich der perfekte Teaser fu\u0308r alle, die am Abend vielleicht noch das Komplettpaket anders h\u00f6ren wollen \u2026).<\/p>\n<\/div>\n<p>* Erm\u00e4\u00dfigt sind Sch\u00fclerinnen\/Sch\u00fcler, Auszubildende, Erwerbslose, Bundesfreiwilligendienstleistende, Schwerbehinderte, Inhaber des Leipzig Pass gegen Vorlage des pers\u00f6nlichen Ausweises.<\/p>","protected":false},"excerpt":{"rendered":"<p><span id=\"span-1679-368\" class=\"ct-span\">Sichern Sie sich Ihre Tickets f\u00fcr dieses Konzert im Rahmen des 26. Internationalen Festivals f\u00fcr Vokalmusik \u00bba cappella\u00ab Leipzig.<\/span><\/p>","protected":false},"featured_media":63473,"template":"","meta":{"_acf_changed":false,"inline_featured_image":false},"product_brand":[],"product_cat":[31,6741,69,86,35,535,21,58],"product_tag":[6784,941,6786,2504,942,943,944,3158,947,948],"class_list":{"0":"post-63470","1":"product","2":"type-product","3":"status-publish","4":"has-post-thumbnail","6":"product_cat-events","7":"product_cat-klassik","8":"product_cat-konzert","9":"product_cat-leipzig","10":"product_cat-orte","11":"product_cat-schauspielhaus-leipzig","12":"product_cat-ticket","13":"product_cat-veranstaltung","14":"product_tag-anders-deutschland","15":"product_tag-events","16":"product_tag-familienkonzert-a-cappella","17":"product_tag-klassik","18":"product_tag-konzert","19":"product_tag-leipzig","20":"product_tag-orte","21":"product_tag-schauspielhaus-leipzig","22":"product_tag-ticket","23":"product_tag-veranstaltung","24":"product_shipping_class-nur_paketversand","25":"pa_discount-kind","26":"pa_discount-normalpreis","27":"pa_preiskategorie-pk-i","29":"first","30":"instock","31":"taxable","32":"shipping-taxable","33":"purchasable","34":"product-type-variable"},"group_of_quantity":0,"min_quantity":0,"max_quantity":"","exclude_order_quantity_value_rules":"no","exclude_category_quantity_rules":"no","combine_variations":"no","acf":[],"_links":{"self":[{"href":"https:\/\/arena-ticket.com\/en\/wp-json\/wp\/v2\/product\/63470","targetHints":{"allow":["GET"]}}],"collection":[{"href":"https:\/\/arena-ticket.com\/en\/wp-json\/wp\/v2\/product"}],"about":[{"href":"https:\/\/arena-ticket.com\/en\/wp-json\/wp\/v2\/types\/product"}],"wp:featuredmedia":[{"embeddable":true,"href":"https:\/\/arena-ticket.com\/en\/wp-json\/wp\/v2\/media\/63473"}],"wp:attachment":[{"href":"https:\/\/arena-ticket.com\/en\/wp-json\/wp\/v2\/media?parent=63470"}],"wp:term":[{"taxonomy":"product_brand","embeddable":true,"href":"https:\/\/arena-ticket.com\/en\/wp-json\/wp\/v2\/product_brand?post=63470"},{"taxonomy":"product_cat","embeddable":true,"href":"https:\/\/arena-ticket.com\/en\/wp-json\/wp\/v2\/product_cat?post=63470"},{"taxonomy":"product_tag","embeddable":true,"href":"https:\/\/arena-ticket.com\/en\/wp-json\/wp\/v2\/product_tag?post=63470"}],"curies":[{"name":"wp","href":"https:\/\/api.w.org\/{rel}","templated":true}]}}