{"id":63479,"date":"2026-01-14T12:02:24","date_gmt":"2026-01-14T11:02:24","guid":{"rendered":"https:\/\/arena-ticket.com\/?p=63479&#038;post_type=product&#038;preview_id=63479"},"modified":"2026-01-24T10:42:13","modified_gmt":"2026-01-24T09:42:13","slug":"so-kurz-davor-anders-deutschland-a-cappella-leipzig-schauspielhaus-03-05-2065-2000-uhr","status":"publish","type":"product","link":"https:\/\/arena-ticket.com\/en\/product\/so-kurz-davor-anders-deutschland-a-cappella-leipzig-schauspielhaus-03-05-2065-2000-uhr\/","title":{"rendered":"So kurz davor - a cappella - anders (Deutschland)"},"content":{"rendered":"<div class=\"description\">\n<p>Was die in Freiburg ans\u00e4ssige Vokalband anders anders macht? Vielleicht ihre sehr nahbare, unaufgeregte Art. Die Partitur guter A-cappella-Popmusik jedenfalls beherrschen sie spielend und haben sich mit eigenen Songs von komisch bis tiefsinnig einen Ruf und Klang als A-cappella-Pop-Poeten geschaffen. Moderner Sound, intelligente Texte und eing\u00e4ngige Melodien geh\u00f6ren zum Profil des Quintetts. 2019 gewannen sie damit schon einen CARA fu\u0308r das beste europ\u00e4ische A-cappella-Album und die Pop-Kategorie bei vokal.total Graz, 2024 gab es einen ersten Preis in Aarhus. In ihrem neuen Programm\u00bbSo kurz davor\u00ab singen anders u\u0308ber Momente, in denen es ums Ganze geht. Und bei <strong>a cappella<\/strong> 2026 gehen sie sogar zweimal aufs Ganze \u2013 am Nachmittag und am Abend.<br \/>\nA-cappella fu\u0308r Alle also \u2013 und angenehm anders.<\/p>\n<\/div>\n<p>* Erm\u00e4\u00dfigt sind Sch\u00fclerinnen\/Sch\u00fcler, Auszubildende, Erwerbslose, Bundesfreiwilligendienstleistende, Schwerbehinderte, Inhaber des Leipzig Pass gegen Vorlage des pers\u00f6nlichen Ausweises.<\/p>","protected":false},"excerpt":{"rendered":"<p><span id=\"span-1679-368\" class=\"ct-span\">Sichern Sie sich Ihre Tickets f\u00fcr dieses Konzert im Rahmen des 26. Internationalen Festivals f\u00fcr Vokalmusik \u00bba cappella\u00ab Leipzig.<\/span><\/p>","protected":false},"featured_media":63483,"template":"","meta":{"_acf_changed":false,"inline_featured_image":false},"product_brand":[],"product_cat":[31,6741,69,86,35,535,21,58],"product_tag":[6784,941,6786,2504,942,943,944,3158,6787,947,948],"class_list":{"0":"post-63479","1":"product","2":"type-product","3":"status-publish","4":"has-post-thumbnail","6":"product_cat-events","7":"product_cat-klassik","8":"product_cat-konzert","9":"product_cat-leipzig","10":"product_cat-orte","11":"product_cat-schauspielhaus-leipzig","12":"product_cat-ticket","13":"product_cat-veranstaltung","14":"product_tag-anders-deutschland","15":"product_tag-events","16":"product_tag-familienkonzert-a-cappella","17":"product_tag-klassik","18":"product_tag-konzert","19":"product_tag-leipzig","20":"product_tag-orte","21":"product_tag-schauspielhaus-leipzig","22":"product_tag-so-kurz-davor-a-cappella","23":"product_tag-ticket","24":"product_tag-veranstaltung","25":"product_shipping_class-nur_paketversand","26":"pa_discount-ermaessigt","27":"pa_discount-normalpreis","28":"pa_discount-rentner","29":"pa_preiskategorie-pk-i","31":"first","32":"instock","33":"taxable","34":"shipping-taxable","35":"purchasable","36":"product-type-variable"},"group_of_quantity":0,"min_quantity":0,"max_quantity":"","exclude_order_quantity_value_rules":"no","exclude_category_quantity_rules":"no","combine_variations":"no","acf":[],"_links":{"self":[{"href":"https:\/\/arena-ticket.com\/en\/wp-json\/wp\/v2\/product\/63479","targetHints":{"allow":["GET"]}}],"collection":[{"href":"https:\/\/arena-ticket.com\/en\/wp-json\/wp\/v2\/product"}],"about":[{"href":"https:\/\/arena-ticket.com\/en\/wp-json\/wp\/v2\/types\/product"}],"wp:featuredmedia":[{"embeddable":true,"href":"https:\/\/arena-ticket.com\/en\/wp-json\/wp\/v2\/media\/63483"}],"wp:attachment":[{"href":"https:\/\/arena-ticket.com\/en\/wp-json\/wp\/v2\/media?parent=63479"}],"wp:term":[{"taxonomy":"product_brand","embeddable":true,"href":"https:\/\/arena-ticket.com\/en\/wp-json\/wp\/v2\/product_brand?post=63479"},{"taxonomy":"product_cat","embeddable":true,"href":"https:\/\/arena-ticket.com\/en\/wp-json\/wp\/v2\/product_cat?post=63479"},{"taxonomy":"product_tag","embeddable":true,"href":"https:\/\/arena-ticket.com\/en\/wp-json\/wp\/v2\/product_tag?post=63479"}],"curies":[{"name":"wp","href":"https:\/\/api.w.org\/{rel}","templated":true}]}}